{"id":102,"date":"2013-06-08T15:52:23","date_gmt":"2013-06-08T14:52:23","guid":{"rendered":"http:\/\/www.malek-boualem.fr\/biz\/?page_id=102"},"modified":"2013-06-08T16:13:35","modified_gmt":"2013-06-08T15:13:35","slug":"universite-de-nantes","status":"publish","type":"page","link":"https:\/\/www.malek-boualem.fr\/biz\/masters-en-industrie-des-langues\/universite-de-nantes\/","title":{"rendered":"Universit\u00e9 de Nantes"},"content":{"rendered":"<h2>Master ATAL<\/h2>\n<h3>D\u00e9partement informatique de l&rsquo;UFR des sciences<\/h3>\n<h3>Universit\u00e9 de Nantes<\/h3>\n<div>\n<div>\n<div>\n<div>\n<div>\n<h3>Objectifs<\/h3>\n<div>La sp\u00e9cialit\u00e9 ATAL (Apprentissage et Traitement Automatique de la Langue) forme des sp\u00e9cialistes de l&rsquo;apprentissage automatique aux particularit\u00e9s des applications informatiques relevant du traitement automatique de la langue (TAL). Il s&rsquo;agit notamment de pouvoir mettre en \u0153uvre des nouvelles applications prenant en compte des masses de donn\u00e9es complexes et h\u00e9t\u00e9rog\u00e8nes.<\/div>\n<div>La formation se veut pratique et fondamentale. Le but est de former en deux ans des \u00e9tudiants issus de fili\u00e8res informatiques \u00e0 un ensemble de techniques d&rsquo;apprentissage automatique et de traitement automatique de la langue qui sont au c\u0153ur des applications en ing\u00e9nierie des langues (comme en recherche d&rsquo;information, en aide )\u00e0 la traduction, en analyse d&rsquo;opinions).<br \/>\nLa formation s&rsquo;inscrit dans une dynamique internationale en s&rsquo;appuyant sur des personnalit\u00e9s scientifiques reconnues dans leurs domaines de comp\u00e9tences.<\/div>\n<div>\n<div>\n<div>\n<div>\n<div>\n<h3>Perspectives<\/h3>\n<div>\n<div>Les futurs dipl\u00f4m\u00e9s seront recrut\u00e9s en th\u00e8se ou sur des postes d&rsquo;ing\u00e9nieur de d\u00e9veloppement, d&rsquo;int\u00e9grateur d&rsquo;applications. Ils pourront participer \u00e0 la mise\u00a0 en \u0153uvre et au d\u00e9veloppement de logiciels, composants et plates-formes, pour l&rsquo;industrie des langues, dans un environnement logiciel complexe.<\/div>\n<div><\/div>\n<div>Des entreprises de tailles diff\u00e9rentes ont tenu \u00e0 apporter leur soutien \u00e0 la sp\u00e9cialit\u00e9 :\u00a0 Thal\u00e8s, IBM, CEA, Syllabs, Lingway, Sinequa, Temis, OverBlog, Advestigo, Vision Objects, Dassault Aviation, Exalead, Xerox,\u00a0 Lingua et Machina, SOGITEC.<\/div>\n<div>\n<div>\n<h3>Admission<\/h3>\n<\/div>\n<div>\n<h4>Master 1<\/h4>\n<div>\n<ol>\n<li>De plein droit : titulaires d&rsquo;une licence en informatique (tout parcours).<\/li>\n<li>Sur dossier : titulaires d&rsquo;une licence ou \u00e9quivalent d&rsquo;un dipl\u00f4me en informatique ou info-gestion ou math\u00e9matiques-informatique d&rsquo;une autre universit\u00e9.<\/li>\n<\/ol>\n<\/div>\n<\/div>\n<div>\n<h4>Master\u00a02<\/h4>\n<div>Admission sur dossier des titulaires d&rsquo;un master 1 en informatique (ma\u00eetrise informatique) ou d&rsquo;un dipl\u00f4me \u00e9quivalent sp\u00e9cialis\u00e9 en informatique.<\/div>\n<div><\/div>\n<div>Le master peut accueillir jusqu&rsquo;\u00e0 36 \u00e9l\u00e8ves en deuxi\u00e8me ann\u00e9e. Il est ouvert \u00e0 la formation continue.<\/div>\n<div><\/div>\n<div>\n<div>\n<div>\n<div>\n<div>\n<div>\n<h3>Profils de recrutements.<\/h3>\n<div>Les candidats voudront d\u00e9velopper :<\/div>\n<ul>\n<li>leur int\u00e9r\u00eat pour la programmation, le g\u00e9nie logiciel, le traitement de donn\u00e9es h\u00e9t\u00e9rog\u00e8nes,<\/li>\n<li>leur app\u00e9tence pour la th\u00e9orie : langages formels, algorithmique, statistiques,<\/li>\n<li>leur curiosit\u00e9 envers la langue : analyse de donn\u00e9es multimodales, extraction de connaissances complexes, analyse syntaxique et s\u00e9mantique.<\/li>\n<\/ul>\n<div>\n<div>\n<div>\n<div>\n<h3>Particularit\u00e9s<\/h3>\n<p>Les enseignements sont dispens\u00e9s en fran\u00e7ais, ou en anglais pour certains cours donn\u00e9s notamment par des professeurs anglophones, dont des personnalit\u00e9s scientifiques visiting professors au laboratoire.<\/p>\n<p>La recherche men\u00e9e au laboratoire LINA (Laboratoire\u00a0 d&rsquo;Informatique de Nantes Atlantique -UMR CNRS 6241) vient soutenir la sp\u00e9cialit\u00e9 : la pr\u00e9sence des enseignants-chercheurs dans des grands projets europ\u00e9ens permet des collaborations (stages, cours,\u00a0 s\u00e9jours, th\u00e8ses) vari\u00e9es.<\/p>\n<div>\n<div>\n<div>\n<div>\n<div>\n<h3>Organisation<\/h3>\n<ul>\n<li>\u00a0P\u00e9dagogie bas\u00e9e sur la recherche et la r\u00e9alisation de projets informatiques.<\/li>\n<li>Enseignement par une \u00e9quipe d&rsquo;enseignants-chercheurs dont les travaux de recherche sont li\u00e9s aux enseignements d\u00e9livr\u00e9s.<\/li>\n<li>750h de cours en pr\u00e9sentiel par \u00e9tudiant avec un volume \u00e9quivalent de travail personnel, plus le stage de 5 \u00e0 6 mois, soit 120 ECTS sur 2 ans.<\/li>\n<li>Intervention d&rsquo;industriels et de chercheurs \u00e9trangers dans les cours, sous forme de conf\u00e9rences.<\/li>\n<\/ul>\n<\/div>\n<\/div>\n<\/div>\n<\/div>\n<\/div>\n<h3>Contact<\/h3>\n<div>\n<p><a href=\"%20mailto:atal-renseignement@univ-nantes.fr\">Secr\u00e9tariat ATAL<br \/>\n<\/a>t\u00e9l : <span class=\"skype_pnh_print_container_1370447701\">+33 2 51 12 58 00<\/span><span class=\"skype_pnh_container\" dir=\"ltr\" tabindex=\"-1\" onmouseover=\"SkypeClick2Call.MenuInjectionHandler.showMenu(this, event);\" onmouseout=\"SkypeClick2Call.MenuInjectionHandler.hideMenu(event);\"><span class=\"skype_pnh_mark\"> begin_of_the_skype_highlighting<\/span>\u00a0<span class=\"skype_pnh_highlighting_inactive_common\" dir=\"ltr\"><img decoding=\"async\" class=\"skype_pnh_logo_img\" alt=\"\" src=\"chrome:\/\/skype_ff_extension\/skin\/numbers_button_skype_logo.png\" \/><span class=\"skype_pnh_text_span\">+33 2 51 12 58 00<\/span><span class=\"skype_pnh_free_text_span\">\u00a0GRATUIT\u00a0<\/span><\/span>\u00a0<span class=\"skype_pnh_mark\">end_of_the_skype_highlighting<\/span><\/span><br \/>\nfax : +33 2 51 12 58 12<\/p>\n<p>Responsables :<br \/>\nColin de la Higuera (responsable M2)<br \/>\nEmmanuel Morin (responsable M1 &amp; adjoint M2)<\/p>\n<h2><a title=\"ATAL\" href=\"http:\/\/atal.univ-nantes.fr\/\" target=\"_blank\">http:\/\/atal.univ-nantes.fr\/<\/a><\/h2>\n<\/div>\n<\/div>\n<\/div>\n<\/div>\n<\/div>\n<\/div>\n<\/div>\n<\/div>\n<\/div>\n<\/div>\n<\/div>\n<\/div>\n<\/div>\n<\/div>\n<\/div>\n<\/div>\n<\/div>\n<\/div>\n<\/div>\n<\/div>\n<\/div>\n<\/div>\n<\/div>\n<\/div>\n","protected":false},"excerpt":{"rendered":"<p>Master ATAL D\u00e9partement informatique de l&rsquo;UFR des sciences Universit\u00e9 de Nantes Objectifs La sp\u00e9cialit\u00e9 ATAL (Apprentissage et Traitement Automatique de la Langue) forme des sp\u00e9cialistes de l&rsquo;apprentissage automatique aux particularit\u00e9s des applications informatiques relevant du traitement automatique de la langue (TAL). Il s&rsquo;agit notamment de pouvoir mettre en \u0153uvre des nouvelles applications prenant en compte [&hellip;]<\/p>\n","protected":false},"author":2,"featured_media":0,"parent":95,"menu_order":0,"comment_status":"closed","ping_status":"closed","template":"","meta":{"footnotes":""},"class_list":["post-102","page","type-page","status-publish","hentry"],"_links":{"self":[{"href":"https:\/\/www.malek-boualem.fr\/biz\/wp-json\/wp\/v2\/pages\/102","targetHints":{"allow":["GET"]}}],"collection":[{"href":"https:\/\/www.malek-boualem.fr\/biz\/wp-json\/wp\/v2\/pages"}],"about":[{"href":"https:\/\/www.malek-boualem.fr\/biz\/wp-json\/wp\/v2\/types\/page"}],"author":[{"embeddable":true,"href":"https:\/\/www.malek-boualem.fr\/biz\/wp-json\/wp\/v2\/users\/2"}],"replies":[{"embeddable":true,"href":"https:\/\/www.malek-boualem.fr\/biz\/wp-json\/wp\/v2\/comments?post=102"}],"version-history":[{"count":0,"href":"https:\/\/www.malek-boualem.fr\/biz\/wp-json\/wp\/v2\/pages\/102\/revisions"}],"up":[{"embeddable":true,"href":"https:\/\/www.malek-boualem.fr\/biz\/wp-json\/wp\/v2\/pages\/95"}],"wp:attachment":[{"href":"https:\/\/www.malek-boualem.fr\/biz\/wp-json\/wp\/v2\/media?parent=102"}],"curies":[{"name":"wp","href":"https:\/\/api.w.org\/{rel}","templated":true}]}}