{"id":108,"date":"2013-06-10T14:46:22","date_gmt":"2013-06-10T13:46:22","guid":{"rendered":"http:\/\/www.malek-boualem.fr\/biz\/?page_id=108"},"modified":"2013-06-10T14:46:22","modified_gmt":"2013-06-10T13:46:22","slug":"universite-de-caen","status":"publish","type":"page","link":"https:\/\/www.malek-boualem.fr\/biz\/masters-en-industrie-des-langues\/universite-de-caen\/","title":{"rendered":"Universit\u00e9 de Caen"},"content":{"rendered":"<p>Universit\u00e9 de Caen Basse-Normandie<\/p>\n<p>D\u00e9partement d&rsquo;Informatique<\/p>\n<h3>Sp\u00e9cialit\u00e9 du master en industrie des langues: Master Image et Langue (IMALANG)<\/h3>\n<h3>Objectifs du master et contenu de la formation :<\/h3>\n<p>Le master IMALANG pr\u00e9pare aux m\u00e9tiers d&rsquo;ing\u00e9nieur et de chercheur dans le domaine du traitement de l&rsquo;image, de la langue et de l&rsquo;information.<\/p>\n<p>La formation vise \u00e0 d\u00e9gager les fondements de l\u2019analyse de documents multim\u00e9dia, en se focalisant principalement sur le texte, l\u2019image et leur combinaison, ainsi que sur la vid\u00e9o. L\u2019accent est plac\u00e9 sur la repr\u00e9sentation des informations au moyen d\u2019attributs pertinents, leur traitement automatique, la construction de mod\u00e8les permettant leur classification et leur indexation. La formation repose sur la recherche d&rsquo;information multim\u00e9dia, la traduction automatique, le traitement d\u2019images, l&rsquo;analyse de vid\u00e9os, les jeux et la r\u00e9alit\u00e9 virtuelle.<\/p>\n<h3>D\u00e9bouch\u00e9s possibles :<\/h3>\n<p>Les m\u00e9tiers vis\u00e9s sont de niveau ing\u00e9nieur ou plus. Le master est \u00e0 finalit\u00e9 \u00e0 la fois professionnelle et de recherche. La formation fournit aux \u00e9tudiants des comp\u00e9tences op\u00e9rationnelles, leur permettant d&rsquo;int\u00e9grer des entreprises ou des laboratoires de recherche travaillant dans le domaine de l&rsquo;imagerie et des industries de la langue. Les finalit\u00e9s suivantes illustrent ces possibilit\u00e9s :<\/p>\n<p>-&gt; une ma\u00eetrise des apects de d\u00e9veloppement logiciel, permettant de travailler comme ing\u00e9nieur ou chef de projet dans le d\u00e9veloppement d&rsquo;applications du web multim\u00e9dia (\u00e9dition de documents, web s\u00e9mantique, jeux),<\/p>\n<p>-&gt; une ma\u00eetrise des techniques multim\u00e9dia permettant de travailler comme ing\u00e9nieur dans le domaine de la recherche d&rsquo;information multim\u00e9dia (moteurs de recherche image\/vid\u00e9o\/texte, traduction automatique),<\/p>\n<p>-&gt; une ma\u00eetrise approfondie du domaine permettant de travailler comme ing\u00e9nieur R&amp;D dans des entreprises d\u00e9veloppant des solutions nouvelles bas\u00e9es sur l&rsquo;image et le texte (surveillance web, imagerie m\u00e9dicale),<\/p>\n<p>-&gt; une ma\u00eetrise des fondements th\u00e9oriques et avanc\u00e9s du domaine permettant de continuer par un doctorat, en milieu universitaire ou industriel, et d&rsquo;envisager un poste dans les m\u00e9tiers de la recherche ou de l&rsquo;enseignement sup\u00e9rieur.<\/p>\n<h3>Conditions d&rsquo;entr\u00e9e :<\/h3>\n<h4>-&gt; Inscription en premi\u00e8re ann\u00e9e (M1 option IMALANG)<\/h4>\n<p>Tout \u00e9tudiant titulaire d&rsquo;un dipl\u00f4me de Licence ou d&rsquo;une formation \u00e9quivalente attestant de 3 ans de formation en Informatique ou dans un domaine proche peut demander son int\u00e9gration au M1 option IMALANG. En particulier, pour les \u00e9tudiants venant de la Licence (L3) informatique de l&rsquo;Universit\u00e9 de Caen Basse-Normandie, l&rsquo;inscription se fait via le portail des formations de l&rsquo;universit\u00e9. Pour les autres candidats (autre dipl\u00f4me ou autre universit\u00e9), l&rsquo;inscription se fait par l&rsquo;interm\u00e9diaire du site de validation d&rsquo;\u00e9tudes de l&rsquo;universit\u00e9. Le calendrier d&rsquo;ouverture d\u00e9pend de votre situation (voir la page d\u00e9di\u00e9e sur le site de l&rsquo;universit\u00e9).<\/p>\n<h4>-&gt; Inscription en deuxi\u00e8me ann\u00e9e (M2 IMALANG)<\/h4>\n<p>Tout \u00e9tudiant titulaire d&rsquo;un dipl\u00f4me de Master M1 ou d&rsquo;une formation \u00e9quivalente attestant de 4\/5 ans de formation en Informatique ou dans un domaine proche peut demander son int\u00e9gration au M2 IMALANG.\u00a0 L&rsquo;inscription se fait sur la page de candidature du d\u00e9partement informatique. Un entretien individuel est organis\u00e9 pour comprendre les motivations de chaque \u00e9tudiant et ainsi l&rsquo;orienter au mieux dans son parcours universitaire.<\/p>\n<h3>Contact :<\/h3>\n<p>Ga\u00ebl Dias, tel: +33 (0)2 31 56 74 87, Email: <a href=\"mailto:gael.dias@unicaen.fr\">gael.dias@unicaen.fr<\/a><\/p>\n<p>Youssef Chahir, tel: +33 (0)2 31 56 73 26, Email: <a href=\"mailto:youssef.chahir@unicaen.fr\">youssef.chahir@unicaen.fr<\/a><\/p>\n<h3>URL du master :<\/h3>\n<h2><a href=\"https:\/\/www.info.unicaen.fr\/diplome\/Imalang\" target=\"_blank\">https:\/\/www.info.unicaen.fr\/diplome\/Imalang<\/a><\/h2>\n","protected":false},"excerpt":{"rendered":"<p>Universit\u00e9 de Caen Basse-Normandie D\u00e9partement d&rsquo;Informatique Sp\u00e9cialit\u00e9 du master en industrie des langues: Master Image et Langue (IMALANG) Objectifs du master et contenu de la formation : Le master IMALANG pr\u00e9pare aux m\u00e9tiers d&rsquo;ing\u00e9nieur et de chercheur dans le domaine du traitement de l&rsquo;image, de la langue et de l&rsquo;information. La formation vise \u00e0 d\u00e9gager [&hellip;]<\/p>\n","protected":false},"author":2,"featured_media":0,"parent":95,"menu_order":0,"comment_status":"closed","ping_status":"closed","template":"","meta":{"footnotes":""},"class_list":["post-108","page","type-page","status-publish","hentry"],"_links":{"self":[{"href":"https:\/\/www.malek-boualem.fr\/biz\/wp-json\/wp\/v2\/pages\/108","targetHints":{"allow":["GET"]}}],"collection":[{"href":"https:\/\/www.malek-boualem.fr\/biz\/wp-json\/wp\/v2\/pages"}],"about":[{"href":"https:\/\/www.malek-boualem.fr\/biz\/wp-json\/wp\/v2\/types\/page"}],"author":[{"embeddable":true,"href":"https:\/\/www.malek-boualem.fr\/biz\/wp-json\/wp\/v2\/users\/2"}],"replies":[{"embeddable":true,"href":"https:\/\/www.malek-boualem.fr\/biz\/wp-json\/wp\/v2\/comments?post=108"}],"version-history":[{"count":0,"href":"https:\/\/www.malek-boualem.fr\/biz\/wp-json\/wp\/v2\/pages\/108\/revisions"}],"up":[{"embeddable":true,"href":"https:\/\/www.malek-boualem.fr\/biz\/wp-json\/wp\/v2\/pages\/95"}],"wp:attachment":[{"href":"https:\/\/www.malek-boualem.fr\/biz\/wp-json\/wp\/v2\/media?parent=108"}],"curies":[{"name":"wp","href":"https:\/\/api.w.org\/{rel}","templated":true}]}}