{"id":110,"date":"2013-06-10T15:15:39","date_gmt":"2013-06-10T14:15:39","guid":{"rendered":"http:\/\/www.malek-boualem.fr\/biz\/?page_id=110"},"modified":"2013-06-10T15:29:31","modified_gmt":"2013-06-10T14:29:31","slug":"universite-toulouse-2","status":"publish","type":"page","link":"https:\/\/www.malek-boualem.fr\/biz\/masters-en-industrie-des-langues\/universite-toulouse-2\/","title":{"rendered":"Universit\u00e9 Toulouse 2"},"content":{"rendered":"<p>Universit\u00e9 Toulouse 2 Le Mirail<\/p>\n<p>D\u00e9partement des sciences du langage<\/p>\n<h2>Master Ergonomie Cognitive et Ing\u00e9nierie Linguistique (ECIL)<\/h2>\n<p>Master adoss\u00e9 au laboratoire CLLE (UMR 5263)<\/p>\n<h3>Objectifs du master et contenu de la formation :<\/h3>\n<p>Le master ECIL associe des comp\u00e9tences dans trois disciplines : linguistique, traitement automatique des langues (TAL) et ergonomie cognitive. Son objectif est de former des sp\u00e9cialistes du traitement informatis\u00e9 des donn\u00e9es langagi\u00e8res.\u00a0 A l\u2019issue du master, les \u00e9tudiants sont capables de participer au d\u00e9veloppement de solutions informatiques adapt\u00e9es aux besoins qui s\u2019expriment actuellement en mati\u00e8re de traitement automatis\u00e9 du langage : recherche d\u2019information, veille, gestion des connaissances, aide \u00e0 la r\u00e9daction, etc. Ils sont en mesure de concevoir des ressources linguistiques adapt\u00e9es, d\u2019\u00e9valuer et d\u2019int\u00e9grer des syst\u00e8mes existants dans des situations de travail vari\u00e9es ou de participer au d\u00e9veloppement de nouveaux logiciels de TAL. Des comp\u00e9tences dans le champ de l\u2019ergonomie cognitive permettent de concevoir des syst\u00e8mes r\u00e9ellement adapt\u00e9s \u00e0 l\u2019activit\u00e9 et aux besoins des utilisateurs. Les \u00e9tudiants form\u00e9s en ergonomie sont capables d\u2019expertiser ces besoins pour mieux y r\u00e9pondre.<\/p>\n<h3>D\u00e9bouch\u00e9s possibles.<\/h3>\n<p>&#8211; Linguiste-informaticien : d\u00e9veloppement\/int\u00e9gration de logiciels d&rsquo;ing\u00e9nierie linguistique.<\/p>\n<p>&#8211; Ing\u00e9nieur-linguiste : d\u00e9veloppement de ressources linguistiques pour l&rsquo;entreprise (terminologies et ontologies).<\/p>\n<p>&#8211; Ergonome de l&rsquo;interaction homme-machine, sp\u00e9cialis\u00e9 dans les syst\u00e8mes documentaires.<\/p>\n<h3>Conditions d&rsquo;entr\u00e9e :<\/h3>\n<p>Niveau licence en sciences du langage, ou autre niveau Bac+3 avec des comp\u00e9tences en linguistique.<\/p>\n<p>Acc\u00e8s sur dossier en M2 : titulaire d&rsquo;un master TAL ou master linguistique avec comp\u00e9tences suffisantes en informatique.<\/p>\n<h3>Contact :<\/h3>\n<p>C\u00e9cile Fabre : <a href=\"mailto:cecile.fabre@univ-tlse2.fr\" target=\"_blank\">cecile.fabre@univ-tlse2.fr<\/a><\/p>\n<h3>\u00a0URL du master :<\/h3>\n<h2><a href=\"http:\/\/w3.sc-du-langage.univ-tlse2.fr\/master-ecil.php\" target=\"_blank\">http:\/\/w3.sc-du-langage.univ-tlse2.fr\/master-ecil.php<\/a><\/h2>\n","protected":false},"excerpt":{"rendered":"<p>Universit\u00e9 Toulouse 2 Le Mirail D\u00e9partement des sciences du langage Master Ergonomie Cognitive et Ing\u00e9nierie Linguistique (ECIL) Master adoss\u00e9 au laboratoire CLLE (UMR 5263) Objectifs du master et contenu de la formation : Le master ECIL associe des comp\u00e9tences dans trois disciplines : linguistique, traitement automatique des langues (TAL) et ergonomie cognitive. Son objectif est [&hellip;]<\/p>\n","protected":false},"author":2,"featured_media":0,"parent":95,"menu_order":0,"comment_status":"closed","ping_status":"closed","template":"","meta":{"footnotes":""},"class_list":["post-110","page","type-page","status-publish","hentry"],"_links":{"self":[{"href":"https:\/\/www.malek-boualem.fr\/biz\/wp-json\/wp\/v2\/pages\/110","targetHints":{"allow":["GET"]}}],"collection":[{"href":"https:\/\/www.malek-boualem.fr\/biz\/wp-json\/wp\/v2\/pages"}],"about":[{"href":"https:\/\/www.malek-boualem.fr\/biz\/wp-json\/wp\/v2\/types\/page"}],"author":[{"embeddable":true,"href":"https:\/\/www.malek-boualem.fr\/biz\/wp-json\/wp\/v2\/users\/2"}],"replies":[{"embeddable":true,"href":"https:\/\/www.malek-boualem.fr\/biz\/wp-json\/wp\/v2\/comments?post=110"}],"version-history":[{"count":0,"href":"https:\/\/www.malek-boualem.fr\/biz\/wp-json\/wp\/v2\/pages\/110\/revisions"}],"up":[{"embeddable":true,"href":"https:\/\/www.malek-boualem.fr\/biz\/wp-json\/wp\/v2\/pages\/95"}],"wp:attachment":[{"href":"https:\/\/www.malek-boualem.fr\/biz\/wp-json\/wp\/v2\/media?parent=110"}],"curies":[{"name":"wp","href":"https:\/\/api.w.org\/{rel}","templated":true}]}}