{"id":112,"date":"2013-06-10T15:48:13","date_gmt":"2013-06-10T14:48:13","guid":{"rendered":"http:\/\/www.malek-boualem.fr\/biz\/?page_id=112"},"modified":"2013-06-10T15:48:56","modified_gmt":"2013-06-10T14:48:56","slug":"universite-de-nancy","status":"publish","type":"page","link":"https:\/\/www.malek-boualem.fr\/biz\/masters-en-industrie-des-langues\/universite-de-nancy\/","title":{"rendered":"Universit\u00e9 de Nancy"},"content":{"rendered":"<p>Universit\u00e9 de Lorraine Nancy<\/p>\n<h2>Master SDL, sp\u00e9cialit\u00e9 Langues Textes Discours<\/h2>\n<p>Double orientation \u00ab Lexique &#8212; Psycholinguistique de l&rsquo;Acquisition \u00bb<\/p>\n<h3>Description du Master :<\/h3>\n<p>A la rentr\u00e9e 2013, le Master Sciences du Langage de l&rsquo;Universit\u00e9 de Lorraine comporte deux sp\u00e9cialit\u00e9s :<\/p>\n<p>&#8211; \u00ab\u00a0Didactique du FLE et du FLI\u00a0\u00bb (FLE\/FLI)<\/p>\n<p>&#8211; \u00ab\u00a0Langues Textes et Discours\u00a0\u00bb (LTD) offertes sur les sites de Nancy et Metz.<\/p>\n<p>A Nancy, la sp\u00e9cialit\u00e9 LTD consiste en une double orientation \u00ab\u00a0Lexique-Psycholinguistique de l&rsquo;Acquisition\u00a0\u00bb,* qui repose sur deux th\u00e9matiques clefs du laboratoire ATILF (<a href=\"http:\/\/www.atilf.fr\/\" target=\"_blank\">http:\/\/www.atilf.fr\/<\/a>), auquel est adoss\u00e9 le Master :<\/p>\n<p>&#8211; le lexique<\/p>\n<p>&#8211; l&rsquo;acquisition du langage.<\/p>\n<p>Outre le perfectionnement dans les disciplines linguistiques fondamentales connexes au lexique (s\u00e9mantique, syntaxe, typologie, discours, pragmatique), les enseignements obligatoires sont :<\/p>\n<p>. lexicologie, lexicographie, morphologie, morphophonologie, interface lexique-syntaxe, connecteurs, temps &amp; aspect, pour la partie \u00ab\u00a0Lexique\u00a0\u00bb**(144h);<\/p>\n<p>ET<\/p>\n<p>. psycholinguistique de l&rsquo;acquisition, d\u00e9veloppement normal et pathologique du langage, Linguistique de la LSF, Langue vivante LSF, pour la partie \u00ab\u00a0Psycholinguistique de l&rsquo;Acquisition\u00a0\u00bb(120h).<\/p>\n<p>Le quatri\u00e8me semestre de ce Master est consacr\u00e9 soit \u00e0 un stage en milieu professionnel dans l&rsquo;un des deux domaines, soit \u00e0 la r\u00e9alisation d&rsquo;un m\u00e9moire de recherche dans l&rsquo;un des domaines de recherche du laboratoire.<\/p>\n<h3>Contacts :<\/h3>\n<p>. Sp\u00e9cialit\u00e9 LTD, parcours \u00ab\u00a0Lexique-Psycholinguistique de l&rsquo;Acquisition\u00a0\u00bb, Nancy : Pr Fiammetta Namer (<a href=\"mailto:fiammetta.namer@univ-lorraine.fr\" target=\"_blank\">fiammetta.namer@univ-lorraine.fr<\/a>)<\/p>\n<p>*Autres sp\u00e9cialit\u00e9s du master SDL :*<\/p>\n<p>. Sp\u00e9cialit\u00e9 Linguistique, parcours \u00ab\u00a0Textes et Discours\u00a0\u00bb, Metz : Pr Guy Achard-Bayle (<a href=\"mailto:guy-achard.bayle@univ-lorraine.fr\" target=\"_blank\">guy-achard.bayle@univ-lorraine.fr<\/a>)<\/p>\n<p>. Sp\u00e9cialit\u00e9 Didactique du FLE \/ FLI, Nancy : Pr Herv\u00e9 Adami (<a href=\"mailto:herve.adami@univ-lorraine.fr\" target=\"_blank\">herve.adami@univ-lorraine.fr<\/a>)<\/p>\n<p>. Sp\u00e9cialit\u00e9 Didactique du FLE, Metz, : Pr Mohammed Kara (<a href=\"mailto:mohammed.kara@univ-lorraine.fr\" target=\"_blank\">mohammed.kara@univ-lorraine.fr<\/a>)<\/p>\n<p>Informations administratives :<\/p>\n<p>Mme Fabienne Dumont, P\u00f4le Master &#8211; SDL\u00a0 (<a href=\"mailto:fabienne.dumont@univ-lorraine.fr\" target=\"_blank\">fabienne.dumont@univ-lorraine.fr<\/a>)<\/p>\n<p>Inscriptions :<\/p>\n<p><a href=\"https:\/\/ciell.univ-lorraine.fr\/Candidature\/indexCandidature.jsp\" target=\"_blank\">https:\/\/ciell.univ-lorraine.fr\/Candidature\/indexCandidature.jsp<\/a><\/p>\n","protected":false},"excerpt":{"rendered":"<p>Universit\u00e9 de Lorraine Nancy Master SDL, sp\u00e9cialit\u00e9 Langues Textes Discours Double orientation \u00ab Lexique &#8212; Psycholinguistique de l&rsquo;Acquisition \u00bb Description du Master : A la rentr\u00e9e 2013, le Master Sciences du Langage de l&rsquo;Universit\u00e9 de Lorraine comporte deux sp\u00e9cialit\u00e9s : &#8211; \u00ab\u00a0Didactique du FLE et du FLI\u00a0\u00bb (FLE\/FLI) &#8211; \u00ab\u00a0Langues Textes et Discours\u00a0\u00bb (LTD) offertes [&hellip;]<\/p>\n","protected":false},"author":2,"featured_media":0,"parent":95,"menu_order":0,"comment_status":"closed","ping_status":"closed","template":"","meta":{"footnotes":""},"class_list":["post-112","page","type-page","status-publish","hentry"],"_links":{"self":[{"href":"https:\/\/www.malek-boualem.fr\/biz\/wp-json\/wp\/v2\/pages\/112","targetHints":{"allow":["GET"]}}],"collection":[{"href":"https:\/\/www.malek-boualem.fr\/biz\/wp-json\/wp\/v2\/pages"}],"about":[{"href":"https:\/\/www.malek-boualem.fr\/biz\/wp-json\/wp\/v2\/types\/page"}],"author":[{"embeddable":true,"href":"https:\/\/www.malek-boualem.fr\/biz\/wp-json\/wp\/v2\/users\/2"}],"replies":[{"embeddable":true,"href":"https:\/\/www.malek-boualem.fr\/biz\/wp-json\/wp\/v2\/comments?post=112"}],"version-history":[{"count":0,"href":"https:\/\/www.malek-boualem.fr\/biz\/wp-json\/wp\/v2\/pages\/112\/revisions"}],"up":[{"embeddable":true,"href":"https:\/\/www.malek-boualem.fr\/biz\/wp-json\/wp\/v2\/pages\/95"}],"wp:attachment":[{"href":"https:\/\/www.malek-boualem.fr\/biz\/wp-json\/wp\/v2\/media?parent=112"}],"curies":[{"name":"wp","href":"https:\/\/api.w.org\/{rel}","templated":true}]}}