{"id":118,"date":"2013-06-24T10:42:56","date_gmt":"2013-06-24T09:42:56","guid":{"rendered":"http:\/\/www.malek-boualem.fr\/biz\/?page_id=118"},"modified":"2013-06-24T10:54:32","modified_gmt":"2013-06-24T09:54:32","slug":"universite-paris-sorbonne","status":"publish","type":"page","link":"https:\/\/www.malek-boualem.fr\/biz\/masters-en-industrie-des-langues\/universite-paris-sorbonne\/","title":{"rendered":"Universit\u00e9 Paris Sorbonne"},"content":{"rendered":"<h3>Master Pro TILDE (Traitement Informatique et Linguistique des Documents Ecrits)<\/h3>\n<p>Master SLATEL<br \/>\nUFR LSHS<br \/>\nParis Sorbonne Cit\u00e9 Universit\u00e9 Paris 13<\/p>\n<h3>Sp\u00e9cialit\u00e9 du master en industrie des langues:<\/h3>\n<p>Ressources linguistes,\u00a0 analyse s\u00e9mantique, fouille de textes.<\/p>\n<h3>Objectifs du master et contenu de la formation :<\/h3>\n<p>L&rsquo;objectif du master pro TILDE est de former des linguistes ayant de tr\u00e8s solides comp\u00e9tences en informatique afin qu&rsquo;ils travaillent avec des informaticiens pour traiter efficacement l&rsquo;information num\u00e9ris\u00e9e. Les enseignants du Master pro TILDE dispensent des enseignements th\u00e9oriques en linguistique et en informatique ainsi que des enseignements pratiques portant sur l&rsquo;ing\u00e9nierie documentaire et linguistique.\u00a0 Les \u00e9tudiants ont six mois de cours intensifs et six mois de stage en entreprise.<\/p>\n<h3>D\u00e9bouch\u00e9s possibles :<\/h3>\n<p>Chef de projet en linguistique informatique ;<br \/>\nConsultant avant-vente ;<br \/>\nErgolinguiste ;<br \/>\nIng\u00e9nieur assurance qualit\u00e9 linguistique ;<br \/>\nIng\u00e9nieur en documentation \u00e9lectronique ;<br \/>\nIng\u00e9nieur en \u00e9dition de produits d&rsquo;information ou multim\u00e9dia ;<br \/>\nIng\u00e9nieur en gestion de contenus p\u00e9dagogiques (enseignement assist\u00e9 par ordinateur et enseignement \u00e0 distance) ;<br \/>\nIng\u00e9nieur en lexicographie informatique ;<br \/>\nIng\u00e9nieur en terminographie informatique ;<br \/>\nIng\u00e9nieur en traduction automatique ou semi-automatique ;<br \/>\nIng\u00e9nieur support linguiste \u2014 Service clients ;<br \/>\nLinguiste informaticien ;<br \/>\nTerminologue ;<br \/>\nVeilleur strat\u00e9gique,<br \/>\nManager e-reputation.<\/p>\n<h3>Conditions d&rsquo;entr\u00e9e :<\/h3>\n<p>Le Master Pro TILDE s&rsquo;adresse plus particuli\u00e8rement aux \u00e9tudiants titulaires d&rsquo;un Master 1 dans les domaines suivants : lettres modernes, sciences du langage, informatique, langues vivantes, communication. Les \u00e9tudiants en formation continue peuvent en \u00eatre dispens\u00e9s.<\/p>\n<h3>Contact :<\/h3>\n<p>Contact : Pierre-Andr\u00e9 Buvet (<a href=\"mailto:pabuvet@ldi.univ-paris13.fr\">pabuvet@ldi.univ-paris13.fr<\/a>)<\/p>\n<h3>URL du master :<\/h3>\n<p><a href=\"http:\/\/www-ldi.univ-paris13.fr\/MasterPro\/website\/\" target=\"_blank\">http:\/\/www-ldi.univ-paris13.fr\/MasterPro\/website\/<\/a><\/p>\n","protected":false},"excerpt":{"rendered":"<p>Master Pro TILDE (Traitement Informatique et Linguistique des Documents Ecrits) Master SLATEL UFR LSHS Paris Sorbonne Cit\u00e9 Universit\u00e9 Paris 13 Sp\u00e9cialit\u00e9 du master en industrie des langues: Ressources linguistes,\u00a0 analyse s\u00e9mantique, fouille de textes. Objectifs du master et contenu de la formation : L&rsquo;objectif du master pro TILDE est de former des linguistes ayant de [&hellip;]<\/p>\n","protected":false},"author":2,"featured_media":0,"parent":95,"menu_order":0,"comment_status":"closed","ping_status":"closed","template":"","meta":{"footnotes":""},"class_list":["post-118","page","type-page","status-publish","hentry"],"_links":{"self":[{"href":"https:\/\/www.malek-boualem.fr\/biz\/wp-json\/wp\/v2\/pages\/118","targetHints":{"allow":["GET"]}}],"collection":[{"href":"https:\/\/www.malek-boualem.fr\/biz\/wp-json\/wp\/v2\/pages"}],"about":[{"href":"https:\/\/www.malek-boualem.fr\/biz\/wp-json\/wp\/v2\/types\/page"}],"author":[{"embeddable":true,"href":"https:\/\/www.malek-boualem.fr\/biz\/wp-json\/wp\/v2\/users\/2"}],"replies":[{"embeddable":true,"href":"https:\/\/www.malek-boualem.fr\/biz\/wp-json\/wp\/v2\/comments?post=118"}],"version-history":[{"count":0,"href":"https:\/\/www.malek-boualem.fr\/biz\/wp-json\/wp\/v2\/pages\/118\/revisions"}],"up":[{"embeddable":true,"href":"https:\/\/www.malek-boualem.fr\/biz\/wp-json\/wp\/v2\/pages\/95"}],"wp:attachment":[{"href":"https:\/\/www.malek-boualem.fr\/biz\/wp-json\/wp\/v2\/media?parent=118"}],"curies":[{"name":"wp","href":"https:\/\/api.w.org\/{rel}","templated":true}]}}