{"id":26,"date":"2013-05-18T23:39:56","date_gmt":"2013-05-18T22:39:56","guid":{"rendered":"http:\/\/www.malek-boualem.fr\/biz\/?page_id=26"},"modified":"2013-07-31T20:33:22","modified_gmt":"2013-07-31T19:33:22","slug":"clir-quaero-msse","status":"publish","type":"page","link":"https:\/\/www.malek-boualem.fr\/biz\/realisations-marquantes-de-malek-boualem\/clir-quaero-msse\/","title":{"rendered":"CLIR QUAERO MSSE"},"content":{"rendered":"<div>\n<header>\n<h1>CLIR QUAERO MSSE<\/h1>\n<\/header>\n<div>\n<h2>CLIR (Cross Language Information Retrieval) :<\/h2>\n<p>Coordination par <a title=\"Site .BIZ de Malek Boualem\" href=\"http:\/\/www.malek-boualem.biz\" target=\"_blank\">Malek Boualem<\/a> de la conception et la mise en oeuvre d\u2019une fonctionalit\u00e9 de recherche d\u2019information cross-lingue. Cette fonctionnalit\u00e9 a \u00e9t\u00e9 int\u00e9gr\u00e9e \u00e0 un moteur de recherche vid\u00e9o mis en \u0153uvre dans le cadre du projet applicatif QUAERO\/MSSE. Elle permet, via une requ\u00eate en fran\u00e7ais, d\u2019acc\u00e9der \u00e0 des contenus dans plusieurs autres langues (anglais, allemand, espagnol, portugais, arabe, russe, chinois, \u2026). Cette fonctionnalit\u00e9 de CLIR utilise des m\u00e9canismes de traduction automatique des m\u00e9tadonn\u00e9es textuelles associ\u00e9es aux vid\u00e9os (presse, news, sport, etc.).<\/p>\n<h2>Responsable du WP : <a title=\"Site .BIZ de Malek Boualem\" href=\"http:\/\/www.malek-boualem.biz\" target=\"_blank\">Malek Boualem<\/a><\/h2>\n<h2>Projet : QUAERO\/MSSE (2008-2013)<\/h2>\n<\/div>\n<\/div>\n","protected":false},"excerpt":{"rendered":"<p>CLIR QUAERO MSSE CLIR (Cross Language Information Retrieval) : Coordination par Malek Boualem de la conception et la mise en oeuvre d\u2019une fonctionalit\u00e9 de recherche d\u2019information cross-lingue. Cette fonctionnalit\u00e9 a \u00e9t\u00e9 int\u00e9gr\u00e9e \u00e0 un moteur de recherche vid\u00e9o mis en \u0153uvre dans le cadre du projet applicatif QUAERO\/MSSE. Elle permet, via une requ\u00eate en fran\u00e7ais, [&hellip;]<\/p>\n","protected":false},"author":2,"featured_media":0,"parent":25,"menu_order":0,"comment_status":"closed","ping_status":"closed","template":"","meta":{"footnotes":""},"class_list":["post-26","page","type-page","status-publish","hentry"],"_links":{"self":[{"href":"https:\/\/www.malek-boualem.fr\/biz\/wp-json\/wp\/v2\/pages\/26","targetHints":{"allow":["GET"]}}],"collection":[{"href":"https:\/\/www.malek-boualem.fr\/biz\/wp-json\/wp\/v2\/pages"}],"about":[{"href":"https:\/\/www.malek-boualem.fr\/biz\/wp-json\/wp\/v2\/types\/page"}],"author":[{"embeddable":true,"href":"https:\/\/www.malek-boualem.fr\/biz\/wp-json\/wp\/v2\/users\/2"}],"replies":[{"embeddable":true,"href":"https:\/\/www.malek-boualem.fr\/biz\/wp-json\/wp\/v2\/comments?post=26"}],"version-history":[{"count":0,"href":"https:\/\/www.malek-boualem.fr\/biz\/wp-json\/wp\/v2\/pages\/26\/revisions"}],"up":[{"embeddable":true,"href":"https:\/\/www.malek-boualem.fr\/biz\/wp-json\/wp\/v2\/pages\/25"}],"wp:attachment":[{"href":"https:\/\/www.malek-boualem.fr\/biz\/wp-json\/wp\/v2\/media?parent=26"}],"curies":[{"name":"wp","href":"https:\/\/api.w.org\/{rel}","templated":true}]}}