{"id":27,"date":"2013-05-18T23:41:40","date_gmt":"2013-05-18T22:41:40","guid":{"rendered":"http:\/\/www.malek-boualem.fr\/biz\/?page_id=27"},"modified":"2013-05-18T23:41:40","modified_gmt":"2013-05-18T22:41:40","slug":"depoilement-de-labregeur-sur-lintranet-de-ft","status":"publish","type":"page","link":"https:\/\/www.malek-boualem.fr\/biz\/realisations-marquantes-de-malek-boualem\/depoilement-de-labregeur-sur-lintranet-de-ft\/","title":{"rendered":"D\u00e9poilement de l\u2019abr\u00e9geur sur l\u2019intranet de FT"},"content":{"rendered":"<div>\n<header>\n<h1>D\u00e9poilement de l\u2019abr\u00e9geur sur l\u2019intranet de FT<\/h1>\n<\/header>\n<div>\n<p>Coordination par <a title=\"Site .BIZ de Malek Boualem\" href=\"http:\/\/www.malek-boualem.biz\" target=\"_blank\">Malek Boualem<\/a> du d\u00e9ploiement de l\u2019abr\u00e9geur sur le portail intranet France de France Telecom<\/p>\n<p>Coordination du d\u00e9ploiement du logiciel de r\u00e9sum\u00e9 automatique et d\u2019extraction des mots-cl\u00e9s sur le portail intranet France du groupe France Telecom (d\u00e9cembre 2007).<\/p>\n<\/div>\n<\/div>\n","protected":false},"excerpt":{"rendered":"<p>D\u00e9poilement de l\u2019abr\u00e9geur sur l\u2019intranet de FT Coordination par Malek Boualem du d\u00e9ploiement de l\u2019abr\u00e9geur sur le portail intranet France de France Telecom Coordination du d\u00e9ploiement du logiciel de r\u00e9sum\u00e9 automatique et d\u2019extraction des mots-cl\u00e9s sur le portail intranet France du groupe France Telecom (d\u00e9cembre 2007).<\/p>\n","protected":false},"author":2,"featured_media":0,"parent":25,"menu_order":0,"comment_status":"closed","ping_status":"closed","template":"","meta":{"footnotes":""},"class_list":["post-27","page","type-page","status-publish","hentry"],"_links":{"self":[{"href":"https:\/\/www.malek-boualem.fr\/biz\/wp-json\/wp\/v2\/pages\/27","targetHints":{"allow":["GET"]}}],"collection":[{"href":"https:\/\/www.malek-boualem.fr\/biz\/wp-json\/wp\/v2\/pages"}],"about":[{"href":"https:\/\/www.malek-boualem.fr\/biz\/wp-json\/wp\/v2\/types\/page"}],"author":[{"embeddable":true,"href":"https:\/\/www.malek-boualem.fr\/biz\/wp-json\/wp\/v2\/users\/2"}],"replies":[{"embeddable":true,"href":"https:\/\/www.malek-boualem.fr\/biz\/wp-json\/wp\/v2\/comments?post=27"}],"version-history":[{"count":0,"href":"https:\/\/www.malek-boualem.fr\/biz\/wp-json\/wp\/v2\/pages\/27\/revisions"}],"up":[{"embeddable":true,"href":"https:\/\/www.malek-boualem.fr\/biz\/wp-json\/wp\/v2\/pages\/25"}],"wp:attachment":[{"href":"https:\/\/www.malek-boualem.fr\/biz\/wp-json\/wp\/v2\/media?parent=27"}],"curies":[{"name":"wp","href":"https:\/\/api.w.org\/{rel}","templated":true}]}}