{"id":28,"date":"2013-05-18T23:43:41","date_gmt":"2013-05-18T22:43:41","guid":{"rendered":"http:\/\/www.malek-boualem.fr\/biz\/?page_id=28"},"modified":"2015-06-14T16:47:38","modified_gmt":"2015-06-14T15:47:38","slug":"28-2","status":"publish","type":"page","link":"https:\/\/www.malek-boualem.fr\/biz\/realisations-marquantes-de-malek-boualem\/28-2\/","title":{"rendered":"MtScript"},"content":{"rendered":"<div>\n<header>\n<h1><a title=\"MtScript\" href=\"https:\/\/web.archive.org\/web\/20070703192558\/http:\/aune.lpl.univ-aix.fr\/projects\/multext\/MtScript\/\" target=\"_blank\">MtScript<\/a><\/h1>\n<\/header>\n<h1>MtScript : The Multext multilingual text editor<\/h1>\n<h3><b><a title=\"Site .BIZ de Malek Boualem\" href=\"http:\/\/www.malek-boualem.biz\" target=\"_blank\">Malek Boualem<\/a>, Universit\u00e9 de Provence<br \/>\nSt\u00e9phane Hari\u00e9, CNRS<\/b><\/h3>\n<p>Laur\u00e9at du Prix CNRS\/ANVIE 1996 de la valorisation de la recherche scientifique.<\/p>\n<p>MtScript est t\u00e9l\u00e9chargeable gratuitement ici :<\/p>\n<h4><a href=\"https:\/\/web.archive.org\/web\/20070703192558\/http:\/aune.lpl.univ-aix.fr\/projects\/multext\/MtScript\/\" target=\"_blank\">https:\/\/web.archive.org\/web\/20070703192558\/http:\/aune.lpl.univ-aix.fr\/projects\/multext\/MtScript\/<\/a><\/h4>\n<\/div>\n","protected":false},"excerpt":{"rendered":"<p>MtScript MtScript : The Multext multilingual text editor Malek Boualem, Universit\u00e9 de Provence St\u00e9phane Hari\u00e9, CNRS Laur\u00e9at du Prix CNRS\/ANVIE 1996 de la valorisation de la recherche scientifique. MtScript est t\u00e9l\u00e9chargeable gratuitement ici : https:\/\/web.archive.org\/web\/20070703192558\/http:\/aune.lpl.univ-aix.fr\/projects\/multext\/MtScript\/<\/p>\n","protected":false},"author":2,"featured_media":0,"parent":25,"menu_order":0,"comment_status":"closed","ping_status":"closed","template":"","meta":{"footnotes":""},"class_list":["post-28","page","type-page","status-publish","hentry"],"_links":{"self":[{"href":"https:\/\/www.malek-boualem.fr\/biz\/wp-json\/wp\/v2\/pages\/28","targetHints":{"allow":["GET"]}}],"collection":[{"href":"https:\/\/www.malek-boualem.fr\/biz\/wp-json\/wp\/v2\/pages"}],"about":[{"href":"https:\/\/www.malek-boualem.fr\/biz\/wp-json\/wp\/v2\/types\/page"}],"author":[{"embeddable":true,"href":"https:\/\/www.malek-boualem.fr\/biz\/wp-json\/wp\/v2\/users\/2"}],"replies":[{"embeddable":true,"href":"https:\/\/www.malek-boualem.fr\/biz\/wp-json\/wp\/v2\/comments?post=28"}],"version-history":[{"count":0,"href":"https:\/\/www.malek-boualem.fr\/biz\/wp-json\/wp\/v2\/pages\/28\/revisions"}],"up":[{"embeddable":true,"href":"https:\/\/www.malek-boualem.fr\/biz\/wp-json\/wp\/v2\/pages\/25"}],"wp:attachment":[{"href":"https:\/\/www.malek-boualem.fr\/biz\/wp-json\/wp\/v2\/media?parent=28"}],"curies":[{"name":"wp","href":"https:\/\/api.w.org\/{rel}","templated":true}]}}