{"id":34,"date":"2013-05-19T18:08:51","date_gmt":"2013-05-19T17:08:51","guid":{"rendered":"http:\/\/www.malek-boualem.fr\/biz\/?page_id=34"},"modified":"2013-05-31T10:37:12","modified_gmt":"2013-05-31T09:37:12","slug":"rapport-jocelyn-pierre-2007","status":"publish","type":"page","link":"https:\/\/www.malek-boualem.fr\/biz\/industrie-des-langues\/rapport-jocelyn-pierre-2007\/","title":{"rendered":"Rapport Jocelyn Pierre (2007)"},"content":{"rendered":"<p>La langue au c\u0153ur du num\u00e9rique<\/p>\n<p>Les enjeux culturels des technologies de la langue<\/p>\n<p>F\u00e9vrier 2007<\/p>\n<p>Jocelyn Pierre, Minist\u00e8re de la Culture et de la Communication<\/p>\n<h2><a title=\"Enjeux culturels des technologies de la langue\" href=\"http:\/\/www.malek-boualem.fr\/biz\/wp-content\/uploads\/sites\/5\/2013\/05\/langue_numerique.pdf\" target=\"_blank\">langue_numerique<\/a><\/h2>\n<div dir=\"ltr\" data-font-name=\"g_font_p1_3\" data-canvas-width=\"51.29744875702759\">Les technologies de la langue sont une composante majeure de la soci\u00e9t\u00e9 de l\u2019information. Qu\u2019elles soient disponibles sur le march\u00e9 ou en cours de d\u00e9veloppement, ces technologies offrent des ressources inestimables pour tous ceux qui ont \u00e0 produire, transformer, rechercher ou comprendre des \u00abdonn\u00e9es\u00bb. Outils d\u2019analyse et de connaissance de la langue, de reconnaissance et de synth\u00e8se vocales, moteurs de recherche s\u00e9mantiques, logiciels de traduction&#8230; sont appel\u00e9s \u00e0 modifier en profondeur nos modes d\u2019agir professionnels, comme nos actes les plus quotidiens. Leur d\u00e9veloppement n\u2019est pas sans cons\u00e9quences sur les politiques de la langue. Le rapport \u00e9tabli par Jocelyn Pierre dresse un panorama d\u00e9taill\u00e9 des outils et des dispositifs de soutien existants, aux plans national comme international. Mais il va plus loin, car il propose un cadre de nature \u00e0 mieux coordonner l\u2019action publique. En effet, il est indispensable aujourd\u2019hui d\u2019am\u00e9liorer la recherche dans ce secteur, de lui trouver de nouveaux d\u00e9bouch\u00e9s et de favoriser l\u2019appropriation des outils disponibles par le plus large public. Le rapport met aussi en \u00e9vidence la responsabilit\u00e9 particuli\u00e8re des institutions europ\u00e9ennes, qui doivent s\u2019impliquer davantage dans les activit\u00e9s de recherche et de d\u00e9veloppement. Parce qu\u2019elles transforment et facilitent l\u2019usage comme la diffusion des langues, qu\u2019elles contribuent \u00e0 modifier les rapports de force et d\u2019influence qui existent entre elles, les technologies de la langue int\u00e9ressent tr\u00e8s directement le minist\u00e8re de la Culture et de la Communication, garant de la politique de notre pays en faveur de la diversit\u00e9 culturelle et linguistique. Dans un secteur o\u00f9 nos entreprises sont particuli\u00e8rement performantes et cr\u00e9atrices d\u2019emplois, il revient en effet \u00e0 notre minist\u00e8re &#8211; aux c\u00f4t\u00e9s des diff\u00e9rentes institutions et administrations concern\u00e9es &#8211; de mettre en \u00e9vidence \u00e0 quel point les industries de la langue servent le renforcement de l\u2019usage du fran\u00e7ais dans la vie sociale et la promotion de la diversit\u00e9 linguistique dans les situations de communication internationale.<\/div>\n<div dir=\"ltr\" data-font-name=\"g_font_p1_3\" data-canvas-width=\"51.29744875702759\"><\/div>\n<div dir=\"ltr\" data-font-name=\"g_font_p1_3\" data-canvas-width=\"51.29744875702759\"><\/div>\n<div dir=\"ltr\" data-font-name=\"g_font_p1_3\" data-canvas-width=\"51.29744875702759\"><\/div>\n<p><a title=\"Site .BIZ de Malek Boualem\" href=\"http:\/\/www.malek-boualem.biz\" target=\"_blank\">Malek Boualem<\/a><\/p>\n","protected":false},"excerpt":{"rendered":"<p>La langue au c\u0153ur du num\u00e9rique Les enjeux culturels des technologies de la langue F\u00e9vrier 2007 Jocelyn Pierre, Minist\u00e8re de la Culture et de la Communication langue_numerique Les technologies de la langue sont une composante majeure de la soci\u00e9t\u00e9 de l\u2019information. Qu\u2019elles soient disponibles sur le march\u00e9 ou en cours de d\u00e9veloppement, ces technologies offrent [&hellip;]<\/p>\n","protected":false},"author":2,"featured_media":0,"parent":31,"menu_order":0,"comment_status":"closed","ping_status":"closed","template":"","meta":{"footnotes":""},"class_list":["post-34","page","type-page","status-publish","hentry"],"_links":{"self":[{"href":"https:\/\/www.malek-boualem.fr\/biz\/wp-json\/wp\/v2\/pages\/34","targetHints":{"allow":["GET"]}}],"collection":[{"href":"https:\/\/www.malek-boualem.fr\/biz\/wp-json\/wp\/v2\/pages"}],"about":[{"href":"https:\/\/www.malek-boualem.fr\/biz\/wp-json\/wp\/v2\/types\/page"}],"author":[{"embeddable":true,"href":"https:\/\/www.malek-boualem.fr\/biz\/wp-json\/wp\/v2\/users\/2"}],"replies":[{"embeddable":true,"href":"https:\/\/www.malek-boualem.fr\/biz\/wp-json\/wp\/v2\/comments?post=34"}],"version-history":[{"count":0,"href":"https:\/\/www.malek-boualem.fr\/biz\/wp-json\/wp\/v2\/pages\/34\/revisions"}],"up":[{"embeddable":true,"href":"https:\/\/www.malek-boualem.fr\/biz\/wp-json\/wp\/v2\/pages\/31"}],"wp:attachment":[{"href":"https:\/\/www.malek-boualem.fr\/biz\/wp-json\/wp\/v2\/media?parent=34"}],"curies":[{"name":"wp","href":"https:\/\/api.w.org\/{rel}","templated":true}]}}