{"id":40,"date":"2013-05-19T19:59:51","date_gmt":"2013-05-19T18:59:51","guid":{"rendered":"http:\/\/www.malek-boualem.fr\/biz\/?page_id=40"},"modified":"2013-05-19T20:39:30","modified_gmt":"2013-05-19T19:39:30","slug":"synthese-de-letude","status":"publish","type":"page","link":"https:\/\/www.malek-boualem.fr\/biz\/industrie-des-langues\/rapport-technolangue-2007\/synthese-de-letude\/","title":{"rendered":"Synth\u00e8se de l&rsquo;\u00e9tude"},"content":{"rendered":"<h2 dir=\"ltr\" data-font-name=\"g_font_p0_5\" data-canvas-width=\"17.611199533462525\">TECHNOLOGIES DE LA LANGUE EN EUROPE : MARCHE ET TENDANCES<\/h2>\n<h3 dir=\"ltr\" data-font-name=\"g_font_p0_5\" data-canvas-width=\"3.5999999046325684\">SYNTH\u00c8SE DE L\u2019ETUDE<\/h3>\n<h2><a href=\"http:\/\/www.malek-boualem.fr\/biz\/wp-content\/uploads\/sites\/5\/2013\/05\/Synthese-Etude-techno-VD.pdf\" target=\"_blank\">Synthese Etude techno Van Dijk<\/a><\/h2>\n<h3>Bureau VAN DIJK<\/h3>\n<h3>Programme TECHNOLANGUE<\/h3>\n<div dir=\"ltr\" data-font-name=\"g_font_p0_5\" data-canvas-width=\"8.798399766921998\">OBJECTIF<\/div>\n<div dir=\"ltr\" data-font-name=\"g_font_p0_1\" data-canvas-width=\"3.5999999046325684\"><\/div>\n<div dir=\"ltr\" data-font-name=\"g_font_p0_1\" data-canvas-width=\"3.5999999046325684\">L\u2019objectif de cette \u00e9tude r\u00e9alis\u00e9e \u00e0 la demande du D\u00e9partement \u00abTechnologie de l\u2019Information et de la Communication\u00bb du Minist\u00e8re d\u00e9l\u00e9gu\u00e9 \u00e0 la Recherche dans le cadre du programme Technolangue 1 est de qualifier et d\u2019\u00e9valuer le march\u00e9 europ\u00e9en des outils linguistiques traitant les donn\u00e9es textuelles et vocales, et d\u2019identifier les axes de d\u00e9veloppement. Elle porte sur 13 pays europ\u00e9ens (Allemagne, Autriche, Belgique, Danemark, Espagne, Finlande, France, Gr\u00e8ce, Irlande, Italie, Pays-Bas, Royaume-Uni, Su\u00e8de), avec une attention particuli\u00e8re pour le march\u00e9 fran\u00e7ais.<\/div>\n<h3><a title=\"Site .BIZ de Malek Boualem\" href=\"http:\/\/www.malek-boualem.biz\" target=\"_blank\">Malek Boualem<\/a><\/h3>\n","protected":false},"excerpt":{"rendered":"<p>TECHNOLOGIES DE LA LANGUE EN EUROPE : MARCHE ET TENDANCES SYNTH\u00c8SE DE L\u2019ETUDE Synthese Etude techno Van Dijk Bureau VAN DIJK Programme TECHNOLANGUE OBJECTIF L\u2019objectif de cette \u00e9tude r\u00e9alis\u00e9e \u00e0 la demande du D\u00e9partement \u00abTechnologie de l\u2019Information et de la Communication\u00bb du Minist\u00e8re d\u00e9l\u00e9gu\u00e9 \u00e0 la Recherche dans le cadre du programme Technolangue 1 est [&hellip;]<\/p>\n","protected":false},"author":2,"featured_media":0,"parent":42,"menu_order":0,"comment_status":"closed","ping_status":"closed","template":"","meta":{"footnotes":""},"class_list":["post-40","page","type-page","status-publish","hentry"],"_links":{"self":[{"href":"https:\/\/www.malek-boualem.fr\/biz\/wp-json\/wp\/v2\/pages\/40","targetHints":{"allow":["GET"]}}],"collection":[{"href":"https:\/\/www.malek-boualem.fr\/biz\/wp-json\/wp\/v2\/pages"}],"about":[{"href":"https:\/\/www.malek-boualem.fr\/biz\/wp-json\/wp\/v2\/types\/page"}],"author":[{"embeddable":true,"href":"https:\/\/www.malek-boualem.fr\/biz\/wp-json\/wp\/v2\/users\/2"}],"replies":[{"embeddable":true,"href":"https:\/\/www.malek-boualem.fr\/biz\/wp-json\/wp\/v2\/comments?post=40"}],"version-history":[{"count":0,"href":"https:\/\/www.malek-boualem.fr\/biz\/wp-json\/wp\/v2\/pages\/40\/revisions"}],"up":[{"embeddable":true,"href":"https:\/\/www.malek-boualem.fr\/biz\/wp-json\/wp\/v2\/pages\/42"}],"wp:attachment":[{"href":"https:\/\/www.malek-boualem.fr\/biz\/wp-json\/wp\/v2\/media?parent=40"}],"curies":[{"name":"wp","href":"https:\/\/api.w.org\/{rel}","templated":true}]}}