{"id":42,"date":"2013-05-19T20:07:38","date_gmt":"2013-05-19T19:07:38","guid":{"rendered":"http:\/\/www.malek-boualem.fr\/biz\/?page_id=42"},"modified":"2013-05-19T20:20:16","modified_gmt":"2013-05-19T19:20:16","slug":"rapport-technolangue-2007","status":"publish","type":"page","link":"https:\/\/www.malek-boualem.fr\/biz\/industrie-des-langues\/rapport-technolangue-2007\/","title":{"rendered":"Rapport Technolangue (2007)"},"content":{"rendered":"<h2 dir=\"ltr\" data-font-name=\"Times\" data-canvas-width=\"217.90851267089846\">Technologies de la langue en Europe :\u00a0 March\u00e9 et tendances<\/h2>\n<h2><a href=\"http:\/\/www.malek-boualem.fr\/biz\/wp-content\/uploads\/sites\/5\/2013\/05\/EtudeMarche-Technolangue2007.pdf\" target=\"_blank\">EtudeMarche-Technolangue2007<\/a><\/h2>\n<h6 dir=\"ltr\" data-font-name=\"Times\" data-canvas-width=\"493.98385859680155\">MINISTERE DELEGUE A L\u2019ENSEIGNEMENT SUPERIEUR ET A LA RECHERCHE<br \/>\nDirection g\u00e9n\u00e9rale de la Recherche et de l\u2019Innovation<br \/>\nDirection de la Strat\u00e9gie<br \/>\nMission de l\u2019Information Scientifique et Technique<\/h6>\n<h3>Programme TECHNOLANGUE<\/h3>\n<h5>\u00c9tude r\u00e9alis\u00e9e par le cabinet VAN DIJK<\/h5>\n<h3 dir=\"ltr\" data-font-name=\"Times\" data-canvas-width=\"62.70078932418823\">Objectifs de l\u2019\u00e9tude :<\/h3>\n<div dir=\"ltr\" data-font-name=\"Times\" data-canvas-width=\"199.1604112198448\">Le pr\u00e9sent document constitue le rapport final de l\u2019\u00e9tude de march\u00e9 \u00abTechnologies de la langue en Europe : March\u00e9 et tendances\u00bb conduite en 2005-2006, r\u00e9alis\u00e9e \u00e0 la demande de la Direction de la Strat\u00e9gie du Minist\u00e8re d\u00e9l\u00e9gu\u00e9 \u00e0 l\u2019Enseignement sup\u00e9rieur et \u00e0 la Recherche. Il s\u2019agit de l\u2019actualisation de l\u2019\u00e9tude pr\u00e9c\u00e9demment conduite en 2003-2004, et portant sur les 13 pays de l\u2019Union europ\u00e9enne (Allemagne, Autriche, Belgique, Danemark, Espagne, Finlande, France, Gr\u00e8ce, Irlande, Italie, Pays-Bas, Royaume-Uni, Su\u00e8de), avec une extension aux 12 autres pays membres de l\u2019UE, dont 10 nouveaux pays entrants en 2004 (Chypre, Estonie, Hongrie, Lettonie, Lituanie, Luxembourg, Malte, Pologne, Portugal, R\u00e9publique tch\u00e8que, Slovaquie, Slov\u00e9nie).<\/div>\n<div dir=\"ltr\" data-font-name=\"Times\" data-canvas-width=\"3.9983668327331543\"><\/div>\n<div dir=\"ltr\" data-font-name=\"Times\" data-canvas-width=\"90.38148290719987\">Les objectifs de cette \u00e9tude consistent donc \u00e0 qualifier la nature, la taille et le d\u00e9veloppement du march\u00e9 des outils linguistiques ax\u00e9s sur le traitement des donn\u00e9es textuelles ou vocales dans les diff\u00e9rents pays europ\u00e9ens, avec une attention particuli\u00e8re pour le march\u00e9 fran\u00e7ais.<\/div>\n<div dir=\"ltr\" data-font-name=\"Times\" data-canvas-width=\"3.9983668327331543\"><\/div>\n<div dir=\"ltr\" data-font-name=\"Times\" data-canvas-width=\"302.7174724489403\">L\u2019\u00e9tude a \u00e9t\u00e9 conduite en 2006 selon 3 phases :<\/div>\n<div dir=\"ltr\" data-font-name=\"Times\" data-canvas-width=\"3.9983668327331543\"><\/div>\n<div dir=\"ltr\" data-font-name=\"Times\" data-canvas-width=\"204.49567198677065\">&#8211; Phase 1 : identification des acteurs et analyse de l\u2019offre en Europe et en France.<\/div>\n<div dir=\"ltr\" data-font-name=\"Times\" data-canvas-width=\"221.64066896553035\">&#8211; Phase 2 : analyse du c\u0153ur du march\u00e9 des outils linguistiques en France.<\/div>\n<div dir=\"ltr\" data-font-name=\"Times\" data-canvas-width=\"233.86927408676146\">&#8211; Phase 3 : d\u00e9termination des tendances et des perspectives \u00e0 l\u2019horizon 2010.<\/div>\n<h6><a title=\"Site .BIZ de Malek Boualem\" href=\"http:\/\/www.malek-boualem.biz\" target=\"_blank\">Malek Boualem<\/a><\/h6>\n","protected":false},"excerpt":{"rendered":"<p>Technologies de la langue en Europe :\u00a0 March\u00e9 et tendances EtudeMarche-Technolangue2007 MINISTERE DELEGUE A L\u2019ENSEIGNEMENT SUPERIEUR ET A LA RECHERCHE Direction g\u00e9n\u00e9rale de la Recherche et de l\u2019Innovation Direction de la Strat\u00e9gie Mission de l\u2019Information Scientifique et Technique Programme TECHNOLANGUE \u00c9tude r\u00e9alis\u00e9e par le cabinet VAN DIJK Objectifs de l\u2019\u00e9tude : Le pr\u00e9sent document constitue [&hellip;]<\/p>\n","protected":false},"author":2,"featured_media":0,"parent":31,"menu_order":0,"comment_status":"closed","ping_status":"closed","template":"","meta":{"footnotes":""},"class_list":["post-42","page","type-page","status-publish","hentry"],"_links":{"self":[{"href":"https:\/\/www.malek-boualem.fr\/biz\/wp-json\/wp\/v2\/pages\/42","targetHints":{"allow":["GET"]}}],"collection":[{"href":"https:\/\/www.malek-boualem.fr\/biz\/wp-json\/wp\/v2\/pages"}],"about":[{"href":"https:\/\/www.malek-boualem.fr\/biz\/wp-json\/wp\/v2\/types\/page"}],"author":[{"embeddable":true,"href":"https:\/\/www.malek-boualem.fr\/biz\/wp-json\/wp\/v2\/users\/2"}],"replies":[{"embeddable":true,"href":"https:\/\/www.malek-boualem.fr\/biz\/wp-json\/wp\/v2\/comments?post=42"}],"version-history":[{"count":0,"href":"https:\/\/www.malek-boualem.fr\/biz\/wp-json\/wp\/v2\/pages\/42\/revisions"}],"up":[{"embeddable":true,"href":"https:\/\/www.malek-boualem.fr\/biz\/wp-json\/wp\/v2\/pages\/31"}],"wp:attachment":[{"href":"https:\/\/www.malek-boualem.fr\/biz\/wp-json\/wp\/v2\/media?parent=42"}],"curies":[{"name":"wp","href":"https:\/\/api.w.org\/{rel}","templated":true}]}}