{"id":46,"date":"2013-05-19T21:54:15","date_gmt":"2013-05-19T20:54:15","guid":{"rendered":"http:\/\/www.malek-boualem.fr\/biz\/?page_id=46"},"modified":"2013-09-07T19:43:30","modified_gmt":"2013-09-07T18:43:30","slug":"quelques-societes-de-taln","status":"publish","type":"page","link":"https:\/\/www.malek-boualem.fr\/biz\/quelques-societes-de-taln\/","title":{"rendered":"Quelques soci\u00e9t\u00e9s de TALN"},"content":{"rendered":"<p>Vous trouverez dans cette rubrique une liste de soci\u00e9t\u00e9s sp\u00e9cialis\u00e9es dans le domaine des technologies des langues naturelles \u00e9crites ou orales.<\/p>\n<p><strong>Il est \u00e0 noter que je liste ici uniquement les soci\u00e9t\u00e9s dont je connais personnellement les administrateurs ou certains coll\u00e8gues ou anciens coll\u00e8gues.<\/strong><\/p>\n<p>Bien entendu, la liste des soci\u00e9t\u00e9s travaillant sur les technologies des langues naturelles est beaucoup plus cons\u00e9quente. Le Cabinet VAN DIJK en fait r\u00e9guli\u00e8rement un \u00e9tat de l&rsquo;art (<a title=\"Cabinet Van Dijk\" href=\"http:\/\/www.bvdim.com\/\" target=\"_blank\">http:\/\/www.bvdim.com\/<\/a>).<\/p>\n<p>Pour compl\u00e9ter cette liste, si vous avez des suggestions, je vous remercie de m&rsquo;\u00e9crire \u00e0 l&rsquo;adresse :<\/p>\n<p><span style=\"color: #0000ff;\">malek.boualem &#8211; at &#8211; orange.com<\/span><\/p>\n<p><a title=\"Site .BIZ de Malek Boualem\" href=\"http:\/\/www.malek-boualem.biz\" target=\"_blank\">Malek Boualem<\/a><\/p>\n","protected":false},"excerpt":{"rendered":"<p>Vous trouverez dans cette rubrique une liste de soci\u00e9t\u00e9s sp\u00e9cialis\u00e9es dans le domaine des technologies des langues naturelles \u00e9crites ou orales. Il est \u00e0 noter que je liste ici uniquement les soci\u00e9t\u00e9s dont je connais personnellement les administrateurs ou certains coll\u00e8gues ou anciens coll\u00e8gues. Bien entendu, la liste des soci\u00e9t\u00e9s travaillant sur les technologies des [&hellip;]<\/p>\n","protected":false},"author":2,"featured_media":0,"parent":0,"menu_order":0,"comment_status":"closed","ping_status":"closed","template":"","meta":{"footnotes":""},"class_list":["post-46","page","type-page","status-publish","hentry"],"_links":{"self":[{"href":"https:\/\/www.malek-boualem.fr\/biz\/wp-json\/wp\/v2\/pages\/46","targetHints":{"allow":["GET"]}}],"collection":[{"href":"https:\/\/www.malek-boualem.fr\/biz\/wp-json\/wp\/v2\/pages"}],"about":[{"href":"https:\/\/www.malek-boualem.fr\/biz\/wp-json\/wp\/v2\/types\/page"}],"author":[{"embeddable":true,"href":"https:\/\/www.malek-boualem.fr\/biz\/wp-json\/wp\/v2\/users\/2"}],"replies":[{"embeddable":true,"href":"https:\/\/www.malek-boualem.fr\/biz\/wp-json\/wp\/v2\/comments?post=46"}],"version-history":[{"count":0,"href":"https:\/\/www.malek-boualem.fr\/biz\/wp-json\/wp\/v2\/pages\/46\/revisions"}],"wp:attachment":[{"href":"https:\/\/www.malek-boualem.fr\/biz\/wp-json\/wp\/v2\/media?parent=46"}],"curies":[{"name":"wp","href":"https:\/\/api.w.org\/{rel}","templated":true}]}}