{"id":50,"date":"2013-05-19T22:10:53","date_gmt":"2013-05-19T21:10:53","guid":{"rendered":"http:\/\/www.malek-boualem.fr\/biz\/?page_id=50"},"modified":"2013-05-20T09:42:40","modified_gmt":"2013-05-20T08:42:40","slug":"voxygen","status":"publish","type":"page","link":"https:\/\/www.malek-boualem.fr\/biz\/quelques-societes-de-taln\/tts\/voxygen\/","title":{"rendered":"Voxygen"},"content":{"rendered":"<p>L\u2019\u00e9quipe de Voxygen \u00e9dite le syst\u00e8me de Synth\u00e8se Vocale Baratinoo :<\/p>\n<ul>\n<li>technologie logicielle temps r\u00e9el<\/li>\n<li>disponible en fran\u00e7ais, anglais, espagnol et arabe standard moderne<\/li>\n<li>reconnue best-in-class depuis 2004<\/li>\n<li>largement d\u00e9ploy\u00e9e dans le groupe Orange (&gt; 4000 ports, 200 millions d\u2019appels\/an)<\/li>\n<li>iso-fonctionnelle dans tout environnement (serveur, pc, SaaS, embarqu\u00e9, etc.) et sur tous supports (t\u00e9l\u00e9phone, Web, mobile, TV, etc.)<\/li>\n<li>conforme aux standards W3C d\u2019enrichissement du texte d\u2019entr\u00e9e SSML, de lexiques d\u2019exception PLS, d\u2019int\u00e9gration plate-forme MRCP<\/li>\n<\/ul>\n<h2><a title=\"VOXYGEN\" href=\"http:\/\/voxygen.fr\/index.php\" target=\"_blank\">http:\/\/voxygen.fr\/index.php<\/a><\/h2>\n<p><a title=\"Site .BIZ de Malek Boualem\" href=\"http:\/\/www.malek-boualem.biz\" target=\"_blank\">Malek Boualem<\/a><\/p>\n","protected":false},"excerpt":{"rendered":"<p>L\u2019\u00e9quipe de Voxygen \u00e9dite le syst\u00e8me de Synth\u00e8se Vocale Baratinoo : technologie logicielle temps r\u00e9el disponible en fran\u00e7ais, anglais, espagnol et arabe standard moderne reconnue best-in-class depuis 2004 largement d\u00e9ploy\u00e9e dans le groupe Orange (&gt; 4000 ports, 200 millions d\u2019appels\/an) iso-fonctionnelle dans tout environnement (serveur, pc, SaaS, embarqu\u00e9, etc.) et sur tous supports (t\u00e9l\u00e9phone, Web, [&hellip;]<\/p>\n","protected":false},"author":2,"featured_media":0,"parent":71,"menu_order":0,"comment_status":"closed","ping_status":"closed","template":"","meta":{"footnotes":""},"class_list":["post-50","page","type-page","status-publish","hentry"],"_links":{"self":[{"href":"https:\/\/www.malek-boualem.fr\/biz\/wp-json\/wp\/v2\/pages\/50","targetHints":{"allow":["GET"]}}],"collection":[{"href":"https:\/\/www.malek-boualem.fr\/biz\/wp-json\/wp\/v2\/pages"}],"about":[{"href":"https:\/\/www.malek-boualem.fr\/biz\/wp-json\/wp\/v2\/types\/page"}],"author":[{"embeddable":true,"href":"https:\/\/www.malek-boualem.fr\/biz\/wp-json\/wp\/v2\/users\/2"}],"replies":[{"embeddable":true,"href":"https:\/\/www.malek-boualem.fr\/biz\/wp-json\/wp\/v2\/comments?post=50"}],"version-history":[{"count":0,"href":"https:\/\/www.malek-boualem.fr\/biz\/wp-json\/wp\/v2\/pages\/50\/revisions"}],"up":[{"embeddable":true,"href":"https:\/\/www.malek-boualem.fr\/biz\/wp-json\/wp\/v2\/pages\/71"}],"wp:attachment":[{"href":"https:\/\/www.malek-boualem.fr\/biz\/wp-json\/wp\/v2\/media?parent=50"}],"curies":[{"name":"wp","href":"https:\/\/api.w.org\/{rel}","templated":true}]}}