{"id":52,"date":"2013-05-19T22:19:24","date_gmt":"2013-05-19T21:19:24","guid":{"rendered":"http:\/\/www.malek-boualem.fr\/biz\/?page_id=52"},"modified":"2013-05-20T09:37:46","modified_gmt":"2013-05-20T08:37:46","slug":"lingway","status":"publish","type":"page","link":"https:\/\/www.malek-boualem.fr\/biz\/quelques-societes-de-taln\/moteurs-de-recherche\/lingway\/","title":{"rendered":"Lingway"},"content":{"rendered":"<h2>Lingway est un \u00e9diteur de logiciels s\u00e9mantiques fran\u00e7ais d\u00e9veloppant des moteurs d&rsquo;analyses et de recherches adapt\u00e9s \u00e0 certains m\u00e9tiers ou secteurs d&rsquo;activit\u00e9s.<\/h2>\n<p>Editeur de solutions s\u00e9mantiques verticales, LINGWAY s&rsquo;appuie sur des composants s\u00e9mantiques multilingues et des ressources linguistiques m\u00e9tiers pour proposer aux entreprises des solutions d&rsquo;analyse et de recherche adapt\u00e9es \u00e0 leurs secteurs d&rsquo;activit\u00e9s.<\/p>\n<p>LINGWAY est pr\u00e9sent dans deux secteur d&rsquo;activit\u00e9s :<\/p>\n<p><b>Le marketing et la communication<\/b> avec l&rsquo;offre <a href=\"http:\/\/www.lingway.com\/content\/view\/128\/227\/lang,fr\/\" target=\"_blank\"><b>LINGWAY e-Reputation<\/b><\/a> <b> <\/b>(LeR) pour l&rsquo;analyse de la r\u00e9putation des entreprises, de ses marques et de ses dirigeants.<\/p>\n<p><b>Les Ressources Humaines et l&rsquo;aide au recrutement<\/b> avec <a href=\"http:\/\/www.lingway.com\/content\/view\/28\/87\/lang,fr\/\" target=\"_blank\"><b>LINGWAY e-RH Applications<\/b><\/a> (LEA), une solution permettant l&rsquo;analyse automatique d&rsquo;un CV et la recherche s\u00e9mantique dans une CVth\u00e8que.<\/p>\n<p>Disponibles en mode SaaS (Software as a Service), les solutions s\u00e9mantiques verticales Lingway s&rsquo;appuie sur la plate-forme d&rsquo;analyse et de recherche s\u00e9mantique et linguistique\u00a0<a href=\"http:\/\/www.lingway.com\/content\/view\/27\/249\/lang,fr\/\" target=\"_blank\"><b>LINGWAY KM<\/b><\/a> .<\/p>\n<p>Parall\u00e8lement, LINGWAY a cr\u00e9\u00e9 <a href=\"http:\/\/www.lingway.com\/content\/view\/81\/198\/lang,fr\/\" target=\"_blank\"><b>LINGWAY Labs<\/b><\/a> , une structure de recherche collaborative \u00e9ligible au <a href=\"http:\/\/media.enseignementsup-recherche.gouv.fr\/file\/Aide_a_la_recherche_-_devpt\/95\/9\/48467_53959.pdf\" target=\"_blank\">Cr\u00e9dit d&rsquo;Imp\u00f4ts Recherche<\/a>.<br \/>\nLINGWAY compte aujourd\u2019hui plus de 300 clients, parmi lesquels Adecco,\u00a0l\u2019AFNOR, Altran, l\u2019APEC, BNP Paribas, Bull,\u00a0le CNRS, l\u2019INPI, G\u00e9opost, le Groupe PSA Peugeot-Citroen, L&rsquo;Or\u00e9al, Manpower, le MINEFI, Pages Jaunes, Siemens, W\u00fcrth \u2026 ainsi que de nombreux partenaires \u00e9diteurs ou int\u00e9grateurs, tels que ATOS, Cap Gemini, Ever, Exalead, HR Access, Meta4, Openwide, ProfilSoft, Questel, R-Flex, Sopra &#8230;<\/p>\n<p>Soci\u00e9t\u00e9 innovante, LINGWAY a re\u00e7u le <a title=\"Lingway recoit le prix 01 Informatiques de la jeune entreprise  Hi-Tech\" href=\"http:\/\/www.01net.com\/outils\/lastnewsletter\/58.html\" target=\"_blank\">Prix 01 Informatique-Technologia<\/a> de la Jeune Entreprise High-Tech.<\/p>\n<p>LINGWAY est \u00e9galement membre du P\u00f4le de Comp\u00e9titivit\u00e9 <a href=\"http:\/\/www.capdigital.com\/\" target=\"_blank\">Cap Digital<\/a>.<\/p>\n<h2><a title=\"Lingway\" href=\"http:\/\/www.lingway.com\/\" target=\"_blank\">http:\/\/www.lingway.com\/<\/a><\/h2>\n<p><a title=\"Site .BIZ de Malek Boualem\" href=\"http:\/\/www.malek-boualem.biz\" target=\"_blank\">Malek Boualem<\/a><\/p>\n","protected":false},"excerpt":{"rendered":"<p>Lingway est un \u00e9diteur de logiciels s\u00e9mantiques fran\u00e7ais d\u00e9veloppant des moteurs d&rsquo;analyses et de recherches adapt\u00e9s \u00e0 certains m\u00e9tiers ou secteurs d&rsquo;activit\u00e9s. Editeur de solutions s\u00e9mantiques verticales, LINGWAY s&rsquo;appuie sur des composants s\u00e9mantiques multilingues et des ressources linguistiques m\u00e9tiers pour proposer aux entreprises des solutions d&rsquo;analyse et de recherche adapt\u00e9es \u00e0 leurs secteurs d&rsquo;activit\u00e9s. LINGWAY [&hellip;]<\/p>\n","protected":false},"author":2,"featured_media":0,"parent":65,"menu_order":0,"comment_status":"closed","ping_status":"closed","template":"","meta":{"footnotes":""},"class_list":["post-52","page","type-page","status-publish","hentry"],"_links":{"self":[{"href":"https:\/\/www.malek-boualem.fr\/biz\/wp-json\/wp\/v2\/pages\/52","targetHints":{"allow":["GET"]}}],"collection":[{"href":"https:\/\/www.malek-boualem.fr\/biz\/wp-json\/wp\/v2\/pages"}],"about":[{"href":"https:\/\/www.malek-boualem.fr\/biz\/wp-json\/wp\/v2\/types\/page"}],"author":[{"embeddable":true,"href":"https:\/\/www.malek-boualem.fr\/biz\/wp-json\/wp\/v2\/users\/2"}],"replies":[{"embeddable":true,"href":"https:\/\/www.malek-boualem.fr\/biz\/wp-json\/wp\/v2\/comments?post=52"}],"version-history":[{"count":0,"href":"https:\/\/www.malek-boualem.fr\/biz\/wp-json\/wp\/v2\/pages\/52\/revisions"}],"up":[{"embeddable":true,"href":"https:\/\/www.malek-boualem.fr\/biz\/wp-json\/wp\/v2\/pages\/65"}],"wp:attachment":[{"href":"https:\/\/www.malek-boualem.fr\/biz\/wp-json\/wp\/v2\/media?parent=52"}],"curies":[{"name":"wp","href":"https:\/\/api.w.org\/{rel}","templated":true}]}}