{"id":54,"date":"2013-05-19T22:26:27","date_gmt":"2013-05-19T21:26:27","guid":{"rendered":"http:\/\/www.malek-boualem.fr\/biz\/?page_id=54"},"modified":"2013-05-20T09:39:33","modified_gmt":"2013-05-20T08:39:33","slug":"sinequa","status":"publish","type":"page","link":"https:\/\/www.malek-boualem.fr\/biz\/quelques-societes-de-taln\/moteurs-de-recherche\/sinequa\/","title":{"rendered":"Sinequa"},"content":{"rendered":"<h2>25 ans de recherche s\u00e9mantique pour des r\u00e9ponses plus pertinentes \u00e0 vos questions.<\/h2>\n<p>Avec plus de 25 ans d&rsquo;expertise d\u00e9di\u00e9e \u00e0 la linguistique et la s\u00e9mantique, Sinequa ajoute le contexte au business search.<\/p>\n<p>Sinequa a pour mission d&rsquo;offrir aux utilisateurs (employ\u00e9s et clients) un acc\u00e8s intuitif et en temps r\u00e9el \u00e0 toutes les informations professionnelles utiles (vision 360\u00b0 et analytique, acc\u00e8s aux documents et aux personnes). Nous sommes convaincus que la ma\u00eetrise de l&rsquo;acc\u00e8s \u00e0 l&rsquo;information repr\u00e9sente aujourd&rsquo;hui un enjeu majeur dans la plupart des secteurs. Une solution de business search telle que Sinequa contribue non seulement \u00e0 r\u00e9duire le stress, les d\u00e9cisions inefficaces et la mauvaise gestion des clients et du personnel, mais \u00e9galement \u00e0 favoriser la productivit\u00e9, l&rsquo;innovation et la collaboration pour, au final, am\u00e9liorer les performances de l&rsquo;entreprise et la fid\u00e9lit\u00e9 des clients.<\/p>\n<p>Sinequa n&rsquo;est pas uniquement une plateforme de recherche puissante\u00a0; c&rsquo;est une <a title=\"Produit\" href=\"http:\/\/www.sinequa.com\/fr\/page\/produit\/produit.aspx\" target=\"_blank\">application tout-en-un<\/a> qui permet aux utilisateurs de trouver les bonnes r\u00e9ponses \u00e0 leurs questions parmi des milliards de documents et des centaines de sources de donn\u00e9es. En ma\u00eetrisant par le contexte la complexit\u00e9 de l&rsquo;information inh\u00e9rente aux grandes entreprises internationales, en offrant une vision d&rsquo;ensemble interactive aussi bien qu&rsquo;un acc\u00e8s aux documents, Sinequa propose des r\u00e9ponses plus pertinentes, plus compl\u00e8tes et plus exploitables.<\/p>\n<p>Des centaines de milliers de personnes dans <a title=\"Clients\" href=\"http:\/\/www.sinequa.com\/fr\/page\/clients\/clients.aspx\" target=\"_blank\">plus de 250 entreprises<\/a> s&rsquo;appuient sur <a title=\"Solutions\" href=\"http:\/\/www.sinequa.com\/fr\/page\/solutions\/solutions.aspx\" target=\"_blank\">les outils intuitifs<\/a> de Sinequa et utilisent ou d\u00e9veloppent des applications bas\u00e9es sur notre technologie de moteurs de recherche (Search Based Application ou SBA) ou int\u00e9grent le business search de Sinequa dans les applications verticales et m\u00e9tier de l&rsquo;entreprise. Nos solutions sont utilis\u00e9es \u00e0 tous les niveaux de l&rsquo;entreprise dans tous les secteurs d&rsquo;activit\u00e9 : banque, conseil, produits de grande consommation, secteur public, m\u00e9dias, t\u00e9l\u00e9communications, industrie et grande distribution.<\/p>\n<p>Sinequa fournit aux employ\u00e9s en contact avec les clients une vue et des analyses \u00e0 360\u00b0 instantan\u00e9es de l&rsquo;historique et des activit\u00e9s li\u00e9es \u00e0 chaque client. Mise au point d&rsquo;une nouvelle offre par un commercial, recherche de r\u00e9solution d&rsquo;une r\u00e9clamation client par un agent du centre d&rsquo;appels et affinage des caract\u00e9ristiques techniques par un chef de produit, voici autant d&rsquo;exemples d\u00e9montrant que Sinequa est intrins\u00e8quement li\u00e9 aux activit\u00e9s quotidiennes de l&rsquo;entreprise pour livrer ad hoc des informations aussi bien strat\u00e9giques qu&rsquo;op\u00e9rationnelles.<\/p>\n<h2><a title=\"sinequa\" href=\"http:\/\/www.sinequa.com\/fr\/\" target=\"_blank\">http:\/\/www.sinequa.com\/fr\/<\/a><\/h2>\n<p><a title=\"Site .BIZ de Malek Boualem\" href=\"http:\/\/www.malek-boualem.biz\" target=\"_blank\">Malek Boualem<\/a><\/p>\n","protected":false},"excerpt":{"rendered":"<p>25 ans de recherche s\u00e9mantique pour des r\u00e9ponses plus pertinentes \u00e0 vos questions. Avec plus de 25 ans d&rsquo;expertise d\u00e9di\u00e9e \u00e0 la linguistique et la s\u00e9mantique, Sinequa ajoute le contexte au business search. Sinequa a pour mission d&rsquo;offrir aux utilisateurs (employ\u00e9s et clients) un acc\u00e8s intuitif et en temps r\u00e9el \u00e0 toutes les informations professionnelles [&hellip;]<\/p>\n","protected":false},"author":2,"featured_media":0,"parent":65,"menu_order":0,"comment_status":"closed","ping_status":"closed","template":"","meta":{"footnotes":""},"class_list":["post-54","page","type-page","status-publish","hentry"],"_links":{"self":[{"href":"https:\/\/www.malek-boualem.fr\/biz\/wp-json\/wp\/v2\/pages\/54","targetHints":{"allow":["GET"]}}],"collection":[{"href":"https:\/\/www.malek-boualem.fr\/biz\/wp-json\/wp\/v2\/pages"}],"about":[{"href":"https:\/\/www.malek-boualem.fr\/biz\/wp-json\/wp\/v2\/types\/page"}],"author":[{"embeddable":true,"href":"https:\/\/www.malek-boualem.fr\/biz\/wp-json\/wp\/v2\/users\/2"}],"replies":[{"embeddable":true,"href":"https:\/\/www.malek-boualem.fr\/biz\/wp-json\/wp\/v2\/comments?post=54"}],"version-history":[{"count":0,"href":"https:\/\/www.malek-boualem.fr\/biz\/wp-json\/wp\/v2\/pages\/54\/revisions"}],"up":[{"embeddable":true,"href":"https:\/\/www.malek-boualem.fr\/biz\/wp-json\/wp\/v2\/pages\/65"}],"wp:attachment":[{"href":"https:\/\/www.malek-boualem.fr\/biz\/wp-json\/wp\/v2\/media?parent=54"}],"curies":[{"name":"wp","href":"https:\/\/api.w.org\/{rel}","templated":true}]}}