{"id":56,"date":"2013-05-19T22:34:49","date_gmt":"2013-05-19T21:34:49","guid":{"rendered":"http:\/\/www.malek-boualem.fr\/biz\/?page_id=56"},"modified":"2013-05-20T09:36:24","modified_gmt":"2013-05-20T08:36:24","slug":"elda","status":"publish","type":"page","link":"https:\/\/www.malek-boualem.fr\/biz\/quelques-societes-de-taln\/ressources\/elda\/","title":{"rendered":"ELDA"},"content":{"rendered":"<h2>L&rsquo;Agence pour l&rsquo;\u00e9valuation et la distribution des ressources linguistiques, <strong>ELDA<\/strong>, a \u00e9t\u00e9 cr\u00e9\u00e9e dans le but d&rsquo;identifier, classer, collecter, valider et distribuer les Ressources Linguistiques (RL).<\/h2>\n<p>ELDA prend en charge les aspects techniques, commerciaux et l\u00e9gaux li\u00e9s \u00e0 la distribution des ressources et offre des conseils juridiques dans le domaine de l&rsquo;ing\u00e9nierie linguistique. Par ailleurs, elle r\u00e9dige et conclut des contrats de distribution au nom d&rsquo;<a title=\"ELRA\" href=\"http:\/\/www.elra.info\" target=\"_blank\">ELRA<\/a> (Association Europ\u00e9enne pour les Ressources Linguistiques). ELDA est responsable du d\u00e9veloppement et de l&rsquo;ex\u00e9cution des plans et des strat\u00e9gies d&rsquo;ELRA.<\/p>\n<h2><a title=\"ELDA\" href=\"http:\/\/www.elda.org\/\" target=\"_blank\">http:\/\/www.elda.org\/<\/a><\/h2>\n<p><a title=\"Site .BIZ de Malek Boualem\" href=\"http:\/\/www.malek-boualem.biz\" target=\"_blank\">Malek Boualem<\/a><\/p>\n","protected":false},"excerpt":{"rendered":"<p>L&rsquo;Agence pour l&rsquo;\u00e9valuation et la distribution des ressources linguistiques, ELDA, a \u00e9t\u00e9 cr\u00e9\u00e9e dans le but d&rsquo;identifier, classer, collecter, valider et distribuer les Ressources Linguistiques (RL). ELDA prend en charge les aspects techniques, commerciaux et l\u00e9gaux li\u00e9s \u00e0 la distribution des ressources et offre des conseils juridiques dans le domaine de l&rsquo;ing\u00e9nierie linguistique. Par ailleurs, [&hellip;]<\/p>\n","protected":false},"author":2,"featured_media":0,"parent":66,"menu_order":0,"comment_status":"closed","ping_status":"closed","template":"","meta":{"footnotes":""},"class_list":["post-56","page","type-page","status-publish","hentry"],"_links":{"self":[{"href":"https:\/\/www.malek-boualem.fr\/biz\/wp-json\/wp\/v2\/pages\/56","targetHints":{"allow":["GET"]}}],"collection":[{"href":"https:\/\/www.malek-boualem.fr\/biz\/wp-json\/wp\/v2\/pages"}],"about":[{"href":"https:\/\/www.malek-boualem.fr\/biz\/wp-json\/wp\/v2\/types\/page"}],"author":[{"embeddable":true,"href":"https:\/\/www.malek-boualem.fr\/biz\/wp-json\/wp\/v2\/users\/2"}],"replies":[{"embeddable":true,"href":"https:\/\/www.malek-boualem.fr\/biz\/wp-json\/wp\/v2\/comments?post=56"}],"version-history":[{"count":0,"href":"https:\/\/www.malek-boualem.fr\/biz\/wp-json\/wp\/v2\/pages\/56\/revisions"}],"up":[{"embeddable":true,"href":"https:\/\/www.malek-boualem.fr\/biz\/wp-json\/wp\/v2\/pages\/66"}],"wp:attachment":[{"href":"https:\/\/www.malek-boualem.fr\/biz\/wp-json\/wp\/v2\/media?parent=56"}],"curies":[{"name":"wp","href":"https:\/\/api.w.org\/{rel}","templated":true}]}}