{"id":58,"date":"2013-05-19T22:41:40","date_gmt":"2013-05-19T21:41:40","guid":{"rendered":"http:\/\/www.malek-boualem.fr\/biz\/?page_id=58"},"modified":"2013-05-20T09:37:04","modified_gmt":"2013-05-20T08:37:04","slug":"essential-mining","status":"publish","type":"page","link":"https:\/\/www.malek-boualem.fr\/biz\/quelques-societes-de-taln\/resume-automatique\/essential-mining\/","title":{"rendered":"Essential-mining"},"content":{"rendered":"<p>Le logiciel de r\u00e9sum\u00e9 automatique de texte <strong>Essential Summarizer<\/strong> a \u00e9t\u00e9 con\u00e7u pour vous permettre d&rsquo;obtenir rapidement des r\u00e9sum\u00e9s de documents multilingues, de pages Internet et de messages \u00e9crits divers. <strong>Essential Summarizer<\/strong> est le seul logiciel de r\u00e9sum\u00e9 de texte automatique \u00e0 pouvoir g\u00e9n\u00e9rer les r\u00e9sum\u00e9s de tous les documents d&rsquo;un dossier en un seul clic et en temps r\u00e9el.\u00a0<strong>Essential Summarizer<\/strong> est le seul logiciel de r\u00e9sum\u00e9 de texte automatique permettant aussi la synth\u00e8se automatique.Une interface intuitive permet de personnaliser les r\u00e9sum\u00e9s \u00e0 des domaines sp\u00e9cifiques. Ce logiciel est pratique et facile \u00e0 utiliser.<\/p>\n<h2><a title=\"essential-mining\" href=\"http:\/\/essential-mining.com\" target=\"_blank\">http:\/\/essential-mining.com<\/a><\/h2>\n<p><a title=\"Site .BIZ de Malek Boualem\" href=\"http:\/\/www.malek-boualem.biz\" target=\"_blank\">Malek Boualem<\/a><\/p>\n","protected":false},"excerpt":{"rendered":"<p>Le logiciel de r\u00e9sum\u00e9 automatique de texte Essential Summarizer a \u00e9t\u00e9 con\u00e7u pour vous permettre d&rsquo;obtenir rapidement des r\u00e9sum\u00e9s de documents multilingues, de pages Internet et de messages \u00e9crits divers. Essential Summarizer est le seul logiciel de r\u00e9sum\u00e9 de texte automatique \u00e0 pouvoir g\u00e9n\u00e9rer les r\u00e9sum\u00e9s de tous les documents d&rsquo;un dossier en un seul [&hellip;]<\/p>\n","protected":false},"author":2,"featured_media":0,"parent":69,"menu_order":0,"comment_status":"closed","ping_status":"closed","template":"","meta":{"footnotes":""},"class_list":["post-58","page","type-page","status-publish","hentry"],"_links":{"self":[{"href":"https:\/\/www.malek-boualem.fr\/biz\/wp-json\/wp\/v2\/pages\/58","targetHints":{"allow":["GET"]}}],"collection":[{"href":"https:\/\/www.malek-boualem.fr\/biz\/wp-json\/wp\/v2\/pages"}],"about":[{"href":"https:\/\/www.malek-boualem.fr\/biz\/wp-json\/wp\/v2\/types\/page"}],"author":[{"embeddable":true,"href":"https:\/\/www.malek-boualem.fr\/biz\/wp-json\/wp\/v2\/users\/2"}],"replies":[{"embeddable":true,"href":"https:\/\/www.malek-boualem.fr\/biz\/wp-json\/wp\/v2\/comments?post=58"}],"version-history":[{"count":0,"href":"https:\/\/www.malek-boualem.fr\/biz\/wp-json\/wp\/v2\/pages\/58\/revisions"}],"up":[{"embeddable":true,"href":"https:\/\/www.malek-boualem.fr\/biz\/wp-json\/wp\/v2\/pages\/69"}],"wp:attachment":[{"href":"https:\/\/www.malek-boualem.fr\/biz\/wp-json\/wp\/v2\/media?parent=58"}],"curies":[{"name":"wp","href":"https:\/\/api.w.org\/{rel}","templated":true}]}}