{"id":72,"date":"2013-05-20T09:51:20","date_gmt":"2013-05-20T08:51:20","guid":{"rendered":"http:\/\/www.malek-boualem.fr\/biz\/?page_id=72"},"modified":"2013-05-20T09:51:20","modified_gmt":"2013-05-20T08:51:20","slug":"techlimed","status":"publish","type":"page","link":"https:\/\/www.malek-boualem.fr\/biz\/quelques-societes-de-taln\/langue-arabe\/techlimed\/","title":{"rendered":"Techlimed"},"content":{"rendered":"<p>Tout commence au sein du laboratoire ICAR \/ CNRS, o\u00f9 Ramzi Abbes travaille avec plusieurs sp\u00e9cialistes en linguistique sur l&rsquo;<strong>analyse automatique de la langue arabe<\/strong>.<\/p>\n<p>Des travaux et programmes de recherche men\u00e9s par ces chercheurs \u00e9merge un ensemble de bases de donn\u00e9es lexicales nomm\u00e9 <strong>DIINAR<\/strong> (Dictionnaire Informatis\u00e9 de l&rsquo;Arabe). En 2009, Ramzi Abbes lance le projet <strong>TECHLIMED<\/strong>. Il trouve imm\u00e9diatement l&rsquo;appui de l&rsquo;Universit\u00e9 Lumi\u00e8re Lyon 2 et de l\u2019incubateur CREALYS qui accompagne en r\u00e9gion les projets innovants issus de la recherche publique. Au cours de ce processus, Ramzi Abb\u00e8s rencontre Olivier Graeff, anciennement Pr\u00e9sident du Directoire de l\u2019\u00e9diteur de logiciels Swapcom. Rapidement, la dimension du projet, la compl\u00e9mentarit\u00e9 et les personnalit\u00e9s des deux hommes les am\u00e8nent \u00e0 s\u2019associer.<\/p>\n<p>En 2010, Techlimed est laur\u00e9at du concours Emergence d&rsquo;OSEO ANVAR. La soci\u00e9t\u00e9 Techlimed est cr\u00e9\u00e9e en mai 2011 et re\u00e7oit en juillet le prix de la meilleure entreprise innovante dans la cat\u00e9gorie Cr\u00e9ation\/ D\u00e9veloppement.<\/p>\n<h2><a title=\"Techlimed\" href=\"http:\/\/www.techlimed.com\/\" target=\"_blank\">http:\/\/www.techlimed.com\/<\/a><\/h2>\n<p><a title=\"Site .BIZ de Malek Boualem\" href=\"http:\/\/www.malek-boualem.biz\" target=\"_blank\">Malek Boualem<\/a><\/p>\n","protected":false},"excerpt":{"rendered":"<p>Tout commence au sein du laboratoire ICAR \/ CNRS, o\u00f9 Ramzi Abbes travaille avec plusieurs sp\u00e9cialistes en linguistique sur l&rsquo;analyse automatique de la langue arabe. Des travaux et programmes de recherche men\u00e9s par ces chercheurs \u00e9merge un ensemble de bases de donn\u00e9es lexicales nomm\u00e9 DIINAR (Dictionnaire Informatis\u00e9 de l&rsquo;Arabe). En 2009, Ramzi Abbes lance le [&hellip;]<\/p>\n","protected":false},"author":2,"featured_media":0,"parent":68,"menu_order":0,"comment_status":"closed","ping_status":"closed","template":"","meta":{"footnotes":""},"class_list":["post-72","page","type-page","status-publish","hentry"],"_links":{"self":[{"href":"https:\/\/www.malek-boualem.fr\/biz\/wp-json\/wp\/v2\/pages\/72","targetHints":{"allow":["GET"]}}],"collection":[{"href":"https:\/\/www.malek-boualem.fr\/biz\/wp-json\/wp\/v2\/pages"}],"about":[{"href":"https:\/\/www.malek-boualem.fr\/biz\/wp-json\/wp\/v2\/types\/page"}],"author":[{"embeddable":true,"href":"https:\/\/www.malek-boualem.fr\/biz\/wp-json\/wp\/v2\/users\/2"}],"replies":[{"embeddable":true,"href":"https:\/\/www.malek-boualem.fr\/biz\/wp-json\/wp\/v2\/comments?post=72"}],"version-history":[{"count":0,"href":"https:\/\/www.malek-boualem.fr\/biz\/wp-json\/wp\/v2\/pages\/72\/revisions"}],"up":[{"embeddable":true,"href":"https:\/\/www.malek-boualem.fr\/biz\/wp-json\/wp\/v2\/pages\/68"}],"wp:attachment":[{"href":"https:\/\/www.malek-boualem.fr\/biz\/wp-json\/wp\/v2\/media?parent=72"}],"curies":[{"name":"wp","href":"https:\/\/api.w.org\/{rel}","templated":true}]}}