{"id":73,"date":"2013-05-20T09:56:06","date_gmt":"2013-05-20T08:56:06","guid":{"rendered":"http:\/\/www.malek-boualem.fr\/biz\/?page_id=73"},"modified":"2013-05-20T09:56:16","modified_gmt":"2013-05-20T08:56:16","slug":"temis","status":"publish","type":"page","link":"https:\/\/www.malek-boualem.fr\/biz\/quelques-societes-de-taln\/fouille-de-textes\/temis\/","title":{"rendered":"Temis"},"content":{"rendered":"<p>TEMIS aide les organisations \u00e0 mieux structurer, g\u00e9rer et valoriser leurs actifs informationnels. Sa plateforme-phare <strong>Luxid\u00ae<\/strong> extrait des informations structur\u00e9es du contenu non-structur\u00e9 et enrichit s\u00e9mantiquement les m\u00e9tadonn\u00e9es documentaires. Ceci permet aux \u00e9diteurs professionnels d\u2019assembler et de livrer plus efficacement des contenus pertinents \u00e0 leur audience, et aide les entreprises \u00e0 g\u00e9rer, archiver, partager et analyser plus intelligemment leurs volumes croissants d\u2019information.<\/p>\n<h2><a title=\"temis\" href=\"http:\/\/www.temis.com\/fr\" target=\"_blank\">http:\/\/www.temis.com\/fr<\/a><\/h2>\n<p><a title=\"Site .BIZ de Malek Boualem\" href=\"http:\/\/www.malek-boualem.biz\" target=\"_blank\">Malek Boualem<\/a><\/p>\n","protected":false},"excerpt":{"rendered":"<p>TEMIS aide les organisations \u00e0 mieux structurer, g\u00e9rer et valoriser leurs actifs informationnels. Sa plateforme-phare Luxid\u00ae extrait des informations structur\u00e9es du contenu non-structur\u00e9 et enrichit s\u00e9mantiquement les m\u00e9tadonn\u00e9es documentaires. Ceci permet aux \u00e9diteurs professionnels d\u2019assembler et de livrer plus efficacement des contenus pertinents \u00e0 leur audience, et aide les entreprises \u00e0 g\u00e9rer, archiver, partager et [&hellip;]<\/p>\n","protected":false},"author":2,"featured_media":0,"parent":70,"menu_order":0,"comment_status":"closed","ping_status":"closed","template":"","meta":{"footnotes":""},"class_list":["post-73","page","type-page","status-publish","hentry"],"_links":{"self":[{"href":"https:\/\/www.malek-boualem.fr\/biz\/wp-json\/wp\/v2\/pages\/73","targetHints":{"allow":["GET"]}}],"collection":[{"href":"https:\/\/www.malek-boualem.fr\/biz\/wp-json\/wp\/v2\/pages"}],"about":[{"href":"https:\/\/www.malek-boualem.fr\/biz\/wp-json\/wp\/v2\/types\/page"}],"author":[{"embeddable":true,"href":"https:\/\/www.malek-boualem.fr\/biz\/wp-json\/wp\/v2\/users\/2"}],"replies":[{"embeddable":true,"href":"https:\/\/www.malek-boualem.fr\/biz\/wp-json\/wp\/v2\/comments?post=73"}],"version-history":[{"count":0,"href":"https:\/\/www.malek-boualem.fr\/biz\/wp-json\/wp\/v2\/pages\/73\/revisions"}],"up":[{"embeddable":true,"href":"https:\/\/www.malek-boualem.fr\/biz\/wp-json\/wp\/v2\/pages\/70"}],"wp:attachment":[{"href":"https:\/\/www.malek-boualem.fr\/biz\/wp-json\/wp\/v2\/media?parent=73"}],"curies":[{"name":"wp","href":"https:\/\/api.w.org\/{rel}","templated":true}]}}