{"id":77,"date":"2013-05-20T15:32:21","date_gmt":"2013-05-20T14:32:21","guid":{"rendered":"http:\/\/www.malek-boualem.fr\/biz\/?page_id=77"},"modified":"2013-05-20T15:32:21","modified_gmt":"2013-05-20T14:32:21","slug":"lci","status":"publish","type":"page","link":"https:\/\/www.malek-boualem.fr\/biz\/quelques-societes-de-taln\/ressources\/lci\/","title":{"rendered":"LCI"},"content":{"rendered":"<h2>LCI &#8211; Linguistique Communication Informatique.<br \/>\nLa communication technique multilingue&#8230;<\/h2>\n<p>Notre Mission consiste \u00e0\u00a0:<\/p>\n<ul>\n<li>Mettre en place des solutions informatiques pour g\u00e9rer les syst\u00e8mes d&rsquo;information dans les phases d&rsquo;int\u00e9gration, d&rsquo;installation, de transfert de comp\u00e9tences et de maintenance.<\/li>\n<li>\u00c9laborer des formations techniques multilingues et accompagner nos clients dans leur d\u00e9veloppement produits \/ services \u00e0 l&rsquo;international.<\/li>\n<li>Documenter les produits et les services, dans toutes les langues.<\/li>\n<li>Concevoir, d\u00e9velopper et maintenir des sites Web \u00ab\u00a0plaquette\u00a0\u00bb ou des sites marchands multilingues.<\/li>\n<li>Concevoir, r\u00e9aliser et fabriquer des supports de communication.<\/li>\n<li>Traduire des documents commerciaux, marketing, techniques (m\u00e9dical, automobile, a\u00e9ronautique, informatique, etc), financiers, bancaires&#8230;<\/li>\n<li>Concevoir et d\u00e9velopper des Syst\u00e8mes d&rsquo;Informations Documentaires.<\/li>\n<\/ul>\n<p>Avec 240 collaborateurs et 11 sites r\u00e9partis en France, en Europe et en Chine, le Groupe LCI est la r\u00e9union de comp\u00e9tences haut de gamme r\u00e9pondant aux exigences des soci\u00e9t\u00e9s industrielles et commerciales op\u00e9rant dans les domaines de hautes technologies.<\/p>\n<p>LCI apporte sa ma\u00eetrise d\u2019\u0153uvre et sa technicit\u00e9, en valorisant les \u00e9quipes en place et les \u00e9ventuels co-traitants locaux au travers de partenariats gagnant-gagnant.<\/p>\n<h2><a title=\"LCI\" href=\"http:\/\/www.lci-europe.com\/\" target=\"_blank\">http:\/\/www.lci-europe.com\/<\/a><\/h2>\n<p><a title=\"Site .BIZ de Malek Boualem\" href=\"http:\/\/www.malek-boualem.biz\" target=\"_blank\">Malek Boualem<\/a><\/p>\n","protected":false},"excerpt":{"rendered":"<p>LCI &#8211; Linguistique Communication Informatique. La communication technique multilingue&#8230; Notre Mission consiste \u00e0\u00a0: Mettre en place des solutions informatiques pour g\u00e9rer les syst\u00e8mes d&rsquo;information dans les phases d&rsquo;int\u00e9gration, d&rsquo;installation, de transfert de comp\u00e9tences et de maintenance. \u00c9laborer des formations techniques multilingues et accompagner nos clients dans leur d\u00e9veloppement produits \/ services \u00e0 l&rsquo;international. Documenter les [&hellip;]<\/p>\n","protected":false},"author":2,"featured_media":0,"parent":66,"menu_order":0,"comment_status":"closed","ping_status":"closed","template":"","meta":{"footnotes":""},"class_list":["post-77","page","type-page","status-publish","hentry"],"_links":{"self":[{"href":"https:\/\/www.malek-boualem.fr\/biz\/wp-json\/wp\/v2\/pages\/77","targetHints":{"allow":["GET"]}}],"collection":[{"href":"https:\/\/www.malek-boualem.fr\/biz\/wp-json\/wp\/v2\/pages"}],"about":[{"href":"https:\/\/www.malek-boualem.fr\/biz\/wp-json\/wp\/v2\/types\/page"}],"author":[{"embeddable":true,"href":"https:\/\/www.malek-boualem.fr\/biz\/wp-json\/wp\/v2\/users\/2"}],"replies":[{"embeddable":true,"href":"https:\/\/www.malek-boualem.fr\/biz\/wp-json\/wp\/v2\/comments?post=77"}],"version-history":[{"count":0,"href":"https:\/\/www.malek-boualem.fr\/biz\/wp-json\/wp\/v2\/pages\/77\/revisions"}],"up":[{"embeddable":true,"href":"https:\/\/www.malek-boualem.fr\/biz\/wp-json\/wp\/v2\/pages\/66"}],"wp:attachment":[{"href":"https:\/\/www.malek-boualem.fr\/biz\/wp-json\/wp\/v2\/media?parent=77"}],"curies":[{"name":"wp","href":"https:\/\/api.w.org\/{rel}","templated":true}]}}