{"id":81,"date":"2013-05-20T15:47:20","date_gmt":"2013-05-20T14:47:20","guid":{"rendered":"http:\/\/www.malek-boualem.fr\/biz\/?page_id=81"},"modified":"2013-05-20T15:47:20","modified_gmt":"2013-05-20T14:47:20","slug":"officience","status":"publish","type":"page","link":"https:\/\/www.malek-boualem.fr\/biz\/quelques-societes-de-taln\/ressources\/officience\/","title":{"rendered":"Officience"},"content":{"rendered":"<div>\n<h3>Historique<\/h3>\n<ul>\n<li>Cr\u00e9ation en 2005<\/li>\n<li>Deux co-fondateurs de culture franco-vietnamienne<\/li>\n<li>Capitaux 100% priv\u00e9s<\/li>\n<\/ul>\n<h3>Ressources<\/h3>\n<ul>\n<li>Management international et multiculturel<\/li>\n<li>2 centres op\u00e9rationnels \u00e0 Ho Chi Minh Ville, Vietnam, op\u00e9rationnels 24\/24<\/li>\n<li>Plus de 250 collaborateurs issus des meilleures universit\u00e9s du pays<\/li>\n<li>10% du temps d\u00e9di\u00e9 \u00e0 la formation<\/li>\n<\/ul>\n<h3>Clients<\/h3>\n<ul>\n<li>Un portefeuille clients de la start-up jusqu\u2019au groupe multinational<\/li>\n<li>Localisation : Etats-Unis, Europe, Asie<\/li>\n<\/ul>\n<\/div>\n<h2><a title=\"officience\" href=\"http:\/\/www.officience.com\/fr\/\" target=\"_blank\">http:\/\/www.officience.com\/fr\/<\/a><\/h2>\n<p><a title=\"Site .BIZ de Malek Boualem\" href=\"http:\/\/www.malek-boualem.biz\" target=\"_blank\">Malek Boualem<\/a><\/p>\n","protected":false},"excerpt":{"rendered":"<p>Historique Cr\u00e9ation en 2005 Deux co-fondateurs de culture franco-vietnamienne Capitaux 100% priv\u00e9s Ressources Management international et multiculturel 2 centres op\u00e9rationnels \u00e0 Ho Chi Minh Ville, Vietnam, op\u00e9rationnels 24\/24 Plus de 250 collaborateurs issus des meilleures universit\u00e9s du pays 10% du temps d\u00e9di\u00e9 \u00e0 la formation Clients Un portefeuille clients de la start-up jusqu\u2019au groupe multinational [&hellip;]<\/p>\n","protected":false},"author":2,"featured_media":0,"parent":66,"menu_order":0,"comment_status":"closed","ping_status":"closed","template":"","meta":{"footnotes":""},"class_list":["post-81","page","type-page","status-publish","hentry"],"_links":{"self":[{"href":"https:\/\/www.malek-boualem.fr\/biz\/wp-json\/wp\/v2\/pages\/81","targetHints":{"allow":["GET"]}}],"collection":[{"href":"https:\/\/www.malek-boualem.fr\/biz\/wp-json\/wp\/v2\/pages"}],"about":[{"href":"https:\/\/www.malek-boualem.fr\/biz\/wp-json\/wp\/v2\/types\/page"}],"author":[{"embeddable":true,"href":"https:\/\/www.malek-boualem.fr\/biz\/wp-json\/wp\/v2\/users\/2"}],"replies":[{"embeddable":true,"href":"https:\/\/www.malek-boualem.fr\/biz\/wp-json\/wp\/v2\/comments?post=81"}],"version-history":[{"count":0,"href":"https:\/\/www.malek-boualem.fr\/biz\/wp-json\/wp\/v2\/pages\/81\/revisions"}],"up":[{"embeddable":true,"href":"https:\/\/www.malek-boualem.fr\/biz\/wp-json\/wp\/v2\/pages\/66"}],"wp:attachment":[{"href":"https:\/\/www.malek-boualem.fr\/biz\/wp-json\/wp\/v2\/media?parent=81"}],"curies":[{"name":"wp","href":"https:\/\/api.w.org\/{rel}","templated":true}]}}