{"id":86,"date":"2013-05-20T16:04:59","date_gmt":"2013-05-20T15:04:59","guid":{"rendered":"http:\/\/www.malek-boualem.fr\/biz\/?page_id=86"},"modified":"2013-05-20T16:04:59","modified_gmt":"2013-05-20T15:04:59","slug":"winsoft","status":"publish","type":"page","link":"https:\/\/www.malek-boualem.fr\/biz\/quelques-societes-de-taln\/localisation\/winsoft\/","title":{"rendered":"Winsoft"},"content":{"rendered":"<h1>Expertise de Winsoft<\/h1>\n<p>En tant qu&rsquo;acteur reconnu de l&rsquo;internationalisation de logiciels depuis plus de 25 ans, <strong>WinSoft<\/strong> a d\u00e9velopp\u00e9 une expertise de l&rsquo;internationalisation et de la localisation de logiciels de forte notori\u00e9t\u00e9 ainsi que son expertise multi-culturelle.<\/p>\n<p><strong>WinSoft<\/strong> a su accompagner des \u00e9diteurs de renomm\u00e9e mondiale dans leur projet d&rsquo;internationalisation et ainsi leur permettre d&rsquo;identifier de nouvelles opportunit\u00e9s et de d\u00e9velopper leurs activit\u00e9s commerciales.<\/p>\n<p>Aujourd&rsquo;hui <strong>WinSoft<\/strong> met son expertise au service de projet d&rsquo;\u00e9diteurs de logiciels gr\u00e2ce \u00e0 une \u00e9quipe op\u00e9rationnelle, compos\u00e9e d&rsquo;experts en internationalisation (chefs de projets, consultants, architectes, d\u00e9veloppeurs, testeurs&#8230;).<\/p>\n<h2><a title=\"winsoft\" href=\"http:\/\/www.winsoft-international.com\/\" target=\"_blank\">http:\/\/www.winsoft-international.com\/<\/a><\/h2>\n<p><a title=\"Site .BIZ de Malek Boualem\" href=\"http:\/\/www.malek-boualem.biz\" target=\"_blank\">Malek Boualem<\/a><\/p>\n","protected":false},"excerpt":{"rendered":"<p>Expertise de Winsoft En tant qu&rsquo;acteur reconnu de l&rsquo;internationalisation de logiciels depuis plus de 25 ans, WinSoft a d\u00e9velopp\u00e9 une expertise de l&rsquo;internationalisation et de la localisation de logiciels de forte notori\u00e9t\u00e9 ainsi que son expertise multi-culturelle. WinSoft a su accompagner des \u00e9diteurs de renomm\u00e9e mondiale dans leur projet d&rsquo;internationalisation et ainsi leur permettre d&rsquo;identifier [&hellip;]<\/p>\n","protected":false},"author":2,"featured_media":0,"parent":84,"menu_order":0,"comment_status":"closed","ping_status":"closed","template":"","meta":{"footnotes":""},"class_list":["post-86","page","type-page","status-publish","hentry"],"_links":{"self":[{"href":"https:\/\/www.malek-boualem.fr\/biz\/wp-json\/wp\/v2\/pages\/86","targetHints":{"allow":["GET"]}}],"collection":[{"href":"https:\/\/www.malek-boualem.fr\/biz\/wp-json\/wp\/v2\/pages"}],"about":[{"href":"https:\/\/www.malek-boualem.fr\/biz\/wp-json\/wp\/v2\/types\/page"}],"author":[{"embeddable":true,"href":"https:\/\/www.malek-boualem.fr\/biz\/wp-json\/wp\/v2\/users\/2"}],"replies":[{"embeddable":true,"href":"https:\/\/www.malek-boualem.fr\/biz\/wp-json\/wp\/v2\/comments?post=86"}],"version-history":[{"count":0,"href":"https:\/\/www.malek-boualem.fr\/biz\/wp-json\/wp\/v2\/pages\/86\/revisions"}],"up":[{"embeddable":true,"href":"https:\/\/www.malek-boualem.fr\/biz\/wp-json\/wp\/v2\/pages\/84"}],"wp:attachment":[{"href":"https:\/\/www.malek-boualem.fr\/biz\/wp-json\/wp\/v2\/media?parent=86"}],"curies":[{"name":"wp","href":"https:\/\/api.w.org\/{rel}","templated":true}]}}