{"id":95,"date":"2013-05-31T15:32:08","date_gmt":"2013-05-31T14:32:08","guid":{"rendered":"http:\/\/www.malek-boualem.fr\/biz\/?page_id=95"},"modified":"2013-09-07T19:37:10","modified_gmt":"2013-09-07T18:37:10","slug":"masters-en-industrie-des-langues","status":"publish","type":"page","link":"https:\/\/www.malek-boualem.fr\/biz\/masters-en-industrie-des-langues\/","title":{"rendered":"Masters en industrie des langues"},"content":{"rendered":"<h3>Masters en industrie des langues<\/h3>\n<p>Cette rubrique tente de lister quelques formations universitaires pr\u00e9-doctorales (Master, &#8230;) en France dans le domaine des industries des langues.<\/p>\n<p>Bien entendu, cette liste est certainement incompl\u00e8te.<\/p>\n<p>Pour la compl\u00e9ter, si vous avez des suggestions, je vous remercie de m&rsquo;\u00e9crire \u00e0 :<\/p>\n<p><span style=\"color: #0000ff;\">malek.boualem -at- orange.com<\/span><\/p>\n<p>Merci<\/p>\n<p><a title=\"Site .BIZ de Malek Boualem\" href=\"http:\/\/www.malek-boualem.biz\" target=\"_blank\">Malek Boualem<\/a><\/p>\n","protected":false},"excerpt":{"rendered":"<p>Masters en industrie des langues Cette rubrique tente de lister quelques formations universitaires pr\u00e9-doctorales (Master, &#8230;) en France dans le domaine des industries des langues. Bien entendu, cette liste est certainement incompl\u00e8te. Pour la compl\u00e9ter, si vous avez des suggestions, je vous remercie de m&rsquo;\u00e9crire \u00e0 : malek.boualem -at- orange.com Merci Malek Boualem<\/p>\n","protected":false},"author":2,"featured_media":0,"parent":0,"menu_order":0,"comment_status":"closed","ping_status":"closed","template":"","meta":{"footnotes":""},"class_list":["post-95","page","type-page","status-publish","hentry"],"_links":{"self":[{"href":"https:\/\/www.malek-boualem.fr\/biz\/wp-json\/wp\/v2\/pages\/95","targetHints":{"allow":["GET"]}}],"collection":[{"href":"https:\/\/www.malek-boualem.fr\/biz\/wp-json\/wp\/v2\/pages"}],"about":[{"href":"https:\/\/www.malek-boualem.fr\/biz\/wp-json\/wp\/v2\/types\/page"}],"author":[{"embeddable":true,"href":"https:\/\/www.malek-boualem.fr\/biz\/wp-json\/wp\/v2\/users\/2"}],"replies":[{"embeddable":true,"href":"https:\/\/www.malek-boualem.fr\/biz\/wp-json\/wp\/v2\/comments?post=95"}],"version-history":[{"count":0,"href":"https:\/\/www.malek-boualem.fr\/biz\/wp-json\/wp\/v2\/pages\/95\/revisions"}],"wp:attachment":[{"href":"https:\/\/www.malek-boualem.fr\/biz\/wp-json\/wp\/v2\/media?parent=95"}],"curies":[{"name":"wp","href":"https:\/\/api.w.org\/{rel}","templated":true}]}}