{"id":127,"date":"2014-06-13T15:33:41","date_gmt":"2014-06-13T14:33:41","guid":{"rendered":"http:\/\/www.malek-boualem.fr\/com\/?page_id=127"},"modified":"2015-06-14T16:28:34","modified_gmt":"2015-06-14T15:28:34","slug":"prix-cnrsanvie","status":"publish","type":"page","link":"https:\/\/www.malek-boualem.fr\/com\/prix-cnrsanvie\/","title":{"rendered":"Prix CNRS\/ANVIE"},"content":{"rendered":"<p>&nbsp;<\/p>\n<p><a href=\"http:\/\/www.malek-boualem.fr\/wp-content\/uploads\/2012\/12\/anvie1.gif\"><img loading=\"lazy\" decoding=\"async\" class=\"alignnone size-medium wp-image-1107\" src=\"http:\/\/www.malek-boualem.fr\/wp-content\/uploads\/2012\/12\/anvie1-300x209.gif\" alt=\"anvie1\" width=\"300\" height=\"209\" \/><\/a> <a href=\"http:\/\/www.malek-boualem.fr\/wp-content\/uploads\/2012\/12\/anvie2.gif\"><img loading=\"lazy\" decoding=\"async\" class=\"alignnone size-medium wp-image-1108\" src=\"http:\/\/www.malek-boualem.fr\/wp-content\/uploads\/2012\/12\/anvie2-300x208.gif\" alt=\"anvie2\" width=\"300\" height=\"208\" \/><\/a><\/p>\n<h2>Prix CNRS\/ANVIE 1996 pour <a title=\"Malek Boualem\" href=\"http:\/\/www.malek-boualem.fr\/\" target=\"_blank\">Malek Boualem<\/a> et St\u00e9phane Hari\u00e9<\/h2>\n<p>Le prix\u00a0 <strong>CNRS\/ANVIE 1996<\/strong> pour la valorisation de la recherche scientifique a \u00e9t\u00e9 attribu\u00e9 \u00e0 <strong><a title=\"Malek Boualem\" href=\"http:\/\/www.malek-boualem.fr\/\" target=\"_blank\">Malek Boualem<\/a><\/strong> et <strong>St\u00e9phane Hari\u00e9<\/strong> pour le co-d\u00e9veloppement de l&rsquo;\u00e9diteur de texte multilingue <strong><a title=\"MtScript\" href=\"https:\/\/web.archive.org\/web\/20070703192558\/http:\/aune.lpl.univ-aix.fr\/projects\/multext\/MtScript\/\" target=\"_blank\">MtScript<\/a>.<\/strong><\/p>\n<p>Andr\u00e9 Kaspi, directeur du D\u00e9partement des Sciences de l&rsquo;Homme et de la Soci\u00e9t\u00e9 du CNRS et Bertand Collomb, pr\u00e9sident de l&rsquo;ANVIE et de Lafarge, ont remis le prix CNRS-ANVIE de la Valorisation 1996 \u00e0 <a title=\"Malek Boualem\" href=\"http:\/\/www.malek-boualem.fr\/\" target=\"_blank\">Malek Boualem<\/a> et St\u00e9phane Hari\u00e9 du Laboratoire Parole et Langage, (CNRS- Universit\u00e9 de Provence \u00e0 Aix-en-Provence) pour MtScript, un logiciel \u00e9diteur de textes multilingue, le 27 janvier 1997 \u00e0 18 heures au CNRS, Salle Jean Perrin, en pr\u00e9sence de Guy Aubert, directeur g\u00e9n\u00e9ral du CNRS.<\/p>\n<h4><a href=\"https:\/\/web.archive.org\/web\/20071024223914\/http:\/\/aune.lpl.univ-aix.fr\/lpl\/evenements\/anvie\/anvie.htm\" target=\"_blank\">https:\/\/web.archive.org\/web\/20071024223914\/http:\/\/aune.lpl.univ-aix.fr\/lpl\/evenements\/anvie\/anvie.htm<\/a><\/h4>\n","protected":false},"excerpt":{"rendered":"<p>&nbsp; Prix CNRS\/ANVIE 1996 pour Malek Boualem et St\u00e9phane Hari\u00e9 Le prix\u00a0 CNRS\/ANVIE 1996 pour la valorisation de la recherche scientifique a \u00e9t\u00e9 attribu\u00e9 \u00e0 Malek Boualem et St\u00e9phane Hari\u00e9 pour le co-d\u00e9veloppement de l&rsquo;\u00e9diteur de texte multilingue MtScript. Andr\u00e9 Kaspi, directeur du D\u00e9partement des Sciences de l&rsquo;Homme et de la Soci\u00e9t\u00e9 du CNRS et [&hellip;]<\/p>\n","protected":false},"author":2,"featured_media":0,"parent":0,"menu_order":0,"comment_status":"closed","ping_status":"closed","template":"","meta":{"footnotes":""},"class_list":["post-127","page","type-page","status-publish","hentry"],"_links":{"self":[{"href":"https:\/\/www.malek-boualem.fr\/com\/wp-json\/wp\/v2\/pages\/127","targetHints":{"allow":["GET"]}}],"collection":[{"href":"https:\/\/www.malek-boualem.fr\/com\/wp-json\/wp\/v2\/pages"}],"about":[{"href":"https:\/\/www.malek-boualem.fr\/com\/wp-json\/wp\/v2\/types\/page"}],"author":[{"embeddable":true,"href":"https:\/\/www.malek-boualem.fr\/com\/wp-json\/wp\/v2\/users\/2"}],"replies":[{"embeddable":true,"href":"https:\/\/www.malek-boualem.fr\/com\/wp-json\/wp\/v2\/comments?post=127"}],"version-history":[{"count":0,"href":"https:\/\/www.malek-boualem.fr\/com\/wp-json\/wp\/v2\/pages\/127\/revisions"}],"wp:attachment":[{"href":"https:\/\/www.malek-boualem.fr\/com\/wp-json\/wp\/v2\/media?parent=127"}],"curies":[{"name":"wp","href":"https:\/\/api.w.org\/{rel}","templated":true}]}}