{"id":13,"date":"2013-03-26T16:08:32","date_gmt":"2013-03-26T15:08:32","guid":{"rendered":"http:\/\/www.malek-boualem.fr\/com\/?page_id=13"},"modified":"2016-07-31T18:47:01","modified_gmt":"2016-07-31T17:47:01","slug":"lassemblee-nationale","status":"publish","type":"page","link":"https:\/\/www.malek-boualem.fr\/com\/presse-media\/lassemblee-nationale\/","title":{"rendered":"A l&rsquo;Assembl\u00e9e Nationale Fran\u00e7aise"},"content":{"rendered":"<h2>Intervention de <strong><a title=\"Site .COM de Malek Boualem\" href=\"http:\/\/www.malek-boualem.com\" target=\"_blank\">Malek Boualem<\/a><\/strong> \u00e0 l\u2019<strong>Assembl\u00e9e Nationale Fran\u00e7aise<br \/>\n<\/strong><\/h2>\n<p>Octobre 2008.<\/p>\n<p><strong>\u00ab\u00a0R\u00f4le des nouvelles technologies de l&rsquo;information et de la communication dans la construction d\u2019une identit\u00e9 m\u00e9diterran\u00e9enne\u00a0\u00bb.<\/strong><\/p>\n<h2><a href=\"http:\/\/www.malek-boualem.fr\/com\/wp-content\/uploads\/sites\/3\/2013\/03\/lakoom14.pdf\" target=\"_blank\">Magazine Lakoom N\u00b014<\/a><\/h2>\n<p>Voir page 15<\/p>\n<h2><a title=\"Site .COM de Malek Boualem\" href=\"http:\/\/www.malek-boualem.com\" target=\"_blank\">Malek Boualem<\/a><\/h2>\n","protected":false},"excerpt":{"rendered":"<p>Intervention de Malek Boualem \u00e0 l\u2019Assembl\u00e9e Nationale Fran\u00e7aise Octobre 2008. \u00ab\u00a0R\u00f4le des nouvelles technologies de l&rsquo;information et de la communication dans la construction d\u2019une identit\u00e9 m\u00e9diterran\u00e9enne\u00a0\u00bb. Magazine Lakoom N\u00b014 Voir page 15 Malek Boualem<\/p>\n","protected":false},"author":2,"featured_media":0,"parent":11,"menu_order":0,"comment_status":"closed","ping_status":"closed","template":"","meta":{"footnotes":""},"class_list":["post-13","page","type-page","status-publish","hentry"],"_links":{"self":[{"href":"https:\/\/www.malek-boualem.fr\/com\/wp-json\/wp\/v2\/pages\/13","targetHints":{"allow":["GET"]}}],"collection":[{"href":"https:\/\/www.malek-boualem.fr\/com\/wp-json\/wp\/v2\/pages"}],"about":[{"href":"https:\/\/www.malek-boualem.fr\/com\/wp-json\/wp\/v2\/types\/page"}],"author":[{"embeddable":true,"href":"https:\/\/www.malek-boualem.fr\/com\/wp-json\/wp\/v2\/users\/2"}],"replies":[{"embeddable":true,"href":"https:\/\/www.malek-boualem.fr\/com\/wp-json\/wp\/v2\/comments?post=13"}],"version-history":[{"count":0,"href":"https:\/\/www.malek-boualem.fr\/com\/wp-json\/wp\/v2\/pages\/13\/revisions"}],"up":[{"embeddable":true,"href":"https:\/\/www.malek-boualem.fr\/com\/wp-json\/wp\/v2\/pages\/11"}],"wp:attachment":[{"href":"https:\/\/www.malek-boualem.fr\/com\/wp-json\/wp\/v2\/media?parent=13"}],"curies":[{"name":"wp","href":"https:\/\/api.w.org\/{rel}","templated":true}]}}