{"id":16,"date":"2013-03-26T16:15:19","date_gmt":"2013-03-26T15:15:19","guid":{"rendered":"http:\/\/www.malek-boualem.fr\/com\/?page_id=16"},"modified":"2015-02-01T10:55:17","modified_gmt":"2015-02-01T09:55:17","slug":"site-du-figaro","status":"publish","type":"page","link":"https:\/\/www.malek-boualem.fr\/com\/presse-media\/site-du-figaro\/","title":{"rendered":"Site du Figaro"},"content":{"rendered":"<h3>R\u00e9f\u00e9rence \u00e0 mes travaux sur le site du FIGARO.<\/h3>\n<p>Chercher \u00ab\u00a0<a title=\"Site .COM de Malek Boualem\" href=\"http:\/\/www.malek-boualem.com\" target=\"_blank\"><strong>malek boualem<\/strong><\/a>\u00a0\u00bb \u2026<\/p>\n<h4><a title=\"malek boualem\" href=\"http:\/\/www.lefigaro.fr\/hightech\/2008\/01\/09\/01007-20080109ARTFIG00383-le-clavier-transformiste.php\" target=\"_blank\">http:\/\/www.lefigaro.fr\/hightech\/2008\/01\/09\/01007-20080109ARTFIG00383-le-clavier-transformiste.php<\/a><\/h4>\n<h2><a title=\"Site .COM de Malek Boualem\" href=\"http:\/\/www.malek-boualem.com\" target=\"_blank\">Malek Boualem<\/a><\/h2>\n","protected":false},"excerpt":{"rendered":"<p>R\u00e9f\u00e9rence \u00e0 mes travaux sur le site du FIGARO. Chercher \u00ab\u00a0malek boualem\u00a0\u00bb \u2026 http:\/\/www.lefigaro.fr\/hightech\/2008\/01\/09\/01007-20080109ARTFIG00383-le-clavier-transformiste.php Malek Boualem<\/p>\n","protected":false},"author":2,"featured_media":0,"parent":11,"menu_order":0,"comment_status":"closed","ping_status":"closed","template":"","meta":{"footnotes":""},"class_list":["post-16","page","type-page","status-publish","hentry"],"_links":{"self":[{"href":"https:\/\/www.malek-boualem.fr\/com\/wp-json\/wp\/v2\/pages\/16","targetHints":{"allow":["GET"]}}],"collection":[{"href":"https:\/\/www.malek-boualem.fr\/com\/wp-json\/wp\/v2\/pages"}],"about":[{"href":"https:\/\/www.malek-boualem.fr\/com\/wp-json\/wp\/v2\/types\/page"}],"author":[{"embeddable":true,"href":"https:\/\/www.malek-boualem.fr\/com\/wp-json\/wp\/v2\/users\/2"}],"replies":[{"embeddable":true,"href":"https:\/\/www.malek-boualem.fr\/com\/wp-json\/wp\/v2\/comments?post=16"}],"version-history":[{"count":0,"href":"https:\/\/www.malek-boualem.fr\/com\/wp-json\/wp\/v2\/pages\/16\/revisions"}],"up":[{"embeddable":true,"href":"https:\/\/www.malek-boualem.fr\/com\/wp-json\/wp\/v2\/pages\/11"}],"wp:attachment":[{"href":"https:\/\/www.malek-boualem.fr\/com\/wp-json\/wp\/v2\/media?parent=16"}],"curies":[{"name":"wp","href":"https:\/\/api.w.org\/{rel}","templated":true}]}}