{"id":24,"date":"2013-03-28T11:01:32","date_gmt":"2013-03-28T10:01:32","guid":{"rendered":"http:\/\/www.malek-boualem.fr\/com\/?page_id=24"},"modified":"2015-02-01T10:59:52","modified_gmt":"2015-02-01T09:59:52","slug":"dhakhira-arabiya","status":"publish","type":"page","link":"https:\/\/www.malek-boualem.fr\/com\/projets-interessants\/dhakhira-arabiya\/","title":{"rendered":"Dhakhira Arabiya"},"content":{"rendered":"<h3><strong>\u00abAl Dhakhira Al Arabiya\u00bb est un projet ouvert sur l\u2019avenir<\/strong><\/h3>\n<h4>Le pr\u00e9sident de l\u2019Acad\u00e9mie alg\u00e9rienne de la langue arabe, le <strong>Pr Hadj Salah<\/strong>, invit\u00e9 d\u2019<strong>El Moudjahid<\/strong>, sur le th\u00e8me des tr\u00e9sors num\u00e9riques de la langue arabe :<\/h4>\n<h2><a title=\"Dhakhira\" href=\"http:\/\/www.elmoudjahid.com\/fr\/actualites\/5730\" target=\"_blank\">http:\/\/www.elmoudjahid.com\/fr\/actualites\/5730<\/a><\/h2>\n<h2><a title=\"Site .COM de Malek Boualem\" href=\"http:\/\/www.malek-boualem.com\" target=\"_blank\">Malek Boualem<\/a><\/h2>\n","protected":false},"excerpt":{"rendered":"<p>\u00abAl Dhakhira Al Arabiya\u00bb est un projet ouvert sur l\u2019avenir Le pr\u00e9sident de l\u2019Acad\u00e9mie alg\u00e9rienne de la langue arabe, le Pr Hadj Salah, invit\u00e9 d\u2019El Moudjahid, sur le th\u00e8me des tr\u00e9sors num\u00e9riques de la langue arabe : http:\/\/www.elmoudjahid.com\/fr\/actualites\/5730 Malek Boualem<\/p>\n","protected":false},"author":2,"featured_media":0,"parent":81,"menu_order":0,"comment_status":"closed","ping_status":"closed","template":"","meta":{"footnotes":""},"class_list":["post-24","page","type-page","status-publish","hentry"],"_links":{"self":[{"href":"https:\/\/www.malek-boualem.fr\/com\/wp-json\/wp\/v2\/pages\/24","targetHints":{"allow":["GET"]}}],"collection":[{"href":"https:\/\/www.malek-boualem.fr\/com\/wp-json\/wp\/v2\/pages"}],"about":[{"href":"https:\/\/www.malek-boualem.fr\/com\/wp-json\/wp\/v2\/types\/page"}],"author":[{"embeddable":true,"href":"https:\/\/www.malek-boualem.fr\/com\/wp-json\/wp\/v2\/users\/2"}],"replies":[{"embeddable":true,"href":"https:\/\/www.malek-boualem.fr\/com\/wp-json\/wp\/v2\/comments?post=24"}],"version-history":[{"count":0,"href":"https:\/\/www.malek-boualem.fr\/com\/wp-json\/wp\/v2\/pages\/24\/revisions"}],"up":[{"embeddable":true,"href":"https:\/\/www.malek-boualem.fr\/com\/wp-json\/wp\/v2\/pages\/81"}],"wp:attachment":[{"href":"https:\/\/www.malek-boualem.fr\/com\/wp-json\/wp\/v2\/media?parent=24"}],"curies":[{"name":"wp","href":"https:\/\/api.w.org\/{rel}","templated":true}]}}