{"id":40,"date":"2013-03-28T17:09:00","date_gmt":"2013-03-28T16:09:00","guid":{"rendered":"http:\/\/www.malek-boualem.fr\/com\/?page_id=40"},"modified":"2015-12-09T13:15:47","modified_gmt":"2015-12-09T12:15:47","slug":"football","status":"publish","type":"page","link":"https:\/\/www.malek-boualem.fr\/com\/divers\/football\/","title":{"rendered":"Football"},"content":{"rendered":"<p>Mon sport pr\u00e9f\u00e9r\u00e9 est le football.<a href=\"http:\/\/malekboualem.unblog.fr\/files\/2013\/03\/ballon4.jpg\" rel=\"lightbox[142]\"><img loading=\"lazy\" decoding=\"async\" src=\"http:\/\/malekboualem.unblog.fr\/files\/2013\/03\/ballon4-150x150.jpg\" alt=\"Football ballon4-150x150\" width=\"150\" height=\"150\" \/><\/a><\/p>\n<p>Je l\u2019ai pratiqu\u00e9 depuis mon enfance (club formateur <span style=\"color: #ff6600;\"><strong>ASBR<\/strong><\/span>) et j\u2019ai jou\u00e9 dans plusieurs championnats en France (<strong><span style=\"color: #ff6600;\">FFF, FSGT<\/span><\/strong>) mais je n\u2019ai pas fait de haut niveau.<\/p>\n<p>Mes co-\u00e9quipiers m\u2019appelait \u00ab\u00a0<span style=\"color: #ff6600;\"><strong>Malakona\u00a0<\/strong><\/span>\u00bb.<\/p>\n<p>Je suis r\u00e9guli\u00e8rement les championnats de France de Ligue1 et de Ligue2 ainsi que les championnats\u00a0europ\u00e9ens et les coupes europ\u00e9ennes.<\/p>\n<p>Je suis \u00e9galement les performances de l&rsquo;\u00e9quipe nationale d&rsquo;Alg\u00e9rie.<\/p>\n<p>Je consulte souvent le site de la F\u00e9d\u00e9ration Fran\u00e7aise de Football\u00a0 <strong><a title=\"fff\" href=\"http:\/\/www.fff.fr\" target=\"_blank\">http:\/\/www.fff.fr<\/a><\/strong><\/p>\n<h2><a title=\"Site .COM de Malek Boualem\" href=\"http:\/\/www.malek-boualem.com\" target=\"_blank\">Malek Boualem<\/a><\/h2>\n","protected":false},"excerpt":{"rendered":"<p>Mon sport pr\u00e9f\u00e9r\u00e9 est le football. Je l\u2019ai pratiqu\u00e9 depuis mon enfance (club formateur ASBR) et j\u2019ai jou\u00e9 dans plusieurs championnats en France (FFF, FSGT) mais je n\u2019ai pas fait de haut niveau. Mes co-\u00e9quipiers m\u2019appelait \u00ab\u00a0Malakona\u00a0\u00bb. Je suis r\u00e9guli\u00e8rement les championnats de France de Ligue1 et de Ligue2 ainsi que les championnats\u00a0europ\u00e9ens et les [&hellip;]<\/p>\n","protected":false},"author":2,"featured_media":0,"parent":29,"menu_order":0,"comment_status":"closed","ping_status":"closed","template":"","meta":{"footnotes":""},"class_list":["post-40","page","type-page","status-publish","hentry"],"_links":{"self":[{"href":"https:\/\/www.malek-boualem.fr\/com\/wp-json\/wp\/v2\/pages\/40","targetHints":{"allow":["GET"]}}],"collection":[{"href":"https:\/\/www.malek-boualem.fr\/com\/wp-json\/wp\/v2\/pages"}],"about":[{"href":"https:\/\/www.malek-boualem.fr\/com\/wp-json\/wp\/v2\/types\/page"}],"author":[{"embeddable":true,"href":"https:\/\/www.malek-boualem.fr\/com\/wp-json\/wp\/v2\/users\/2"}],"replies":[{"embeddable":true,"href":"https:\/\/www.malek-boualem.fr\/com\/wp-json\/wp\/v2\/comments?post=40"}],"version-history":[{"count":0,"href":"https:\/\/www.malek-boualem.fr\/com\/wp-json\/wp\/v2\/pages\/40\/revisions"}],"up":[{"embeddable":true,"href":"https:\/\/www.malek-boualem.fr\/com\/wp-json\/wp\/v2\/pages\/29"}],"wp:attachment":[{"href":"https:\/\/www.malek-boualem.fr\/com\/wp-json\/wp\/v2\/media?parent=40"}],"curies":[{"name":"wp","href":"https:\/\/api.w.org\/{rel}","templated":true}]}}