{"id":56,"date":"2013-04-03T14:24:40","date_gmt":"2013-04-03T13:24:40","guid":{"rendered":"http:\/\/www.malek-boualem.fr\/com\/?page_id=56"},"modified":"2015-01-17T19:25:45","modified_gmt":"2015-01-17T18:25:45","slug":"ntic","status":"publish","type":"page","link":"https:\/\/www.malek-boualem.fr\/com\/la-communication\/ntic\/","title":{"rendered":"NTIC"},"content":{"rendered":"<p>Source <span style=\"color: #0000ff;\">WIKIPEDIA<\/span><\/p>\n<p>Les notions de <b>technologies de l&rsquo;information et de la communication<\/b> (<b>TIC<\/b>) et de <b>nouvelles technologies de l&rsquo;information et de la communication<\/b> (<b>NTIC<\/b>) (en anglais, <i>Information and communication technologies<\/i>, ICT) regroupent les <a title=\"Technique\" href=\"http:\/\/fr.wikipedia.org\/wiki\/Technique\">techniques<\/a> utilis\u00e9es dans le traitement et la transmission des informations, principalement de l&rsquo;<a title=\"Informatique\" href=\"http:\/\/fr.wikipedia.org\/wiki\/Informatique\">informatique<\/a>, de l&rsquo;<a title=\"Internet\" href=\"http:\/\/fr.wikipedia.org\/wiki\/Internet\">Internet<\/a> et des <a title=\"T\u00e9l\u00e9communications\" href=\"http:\/\/fr.wikipedia.org\/wiki\/T%C3%A9l%C3%A9communications\">t\u00e9l\u00e9communications<\/a>.<\/p>\n<p>En ce qui concerne les <a title=\"NTIC\" href=\"http:\/\/fr.wikipedia.org\/wiki\/NTIC\">NTIC<\/a>, le terme tend \u00e0 qualifier plus particuli\u00e8rement les probl\u00e9matiques r\u00e9sultantes de l&rsquo;int\u00e9gration de ces technologies au sein des syst\u00e8mes institutionnels, recouvrant notamment les produits, les pratiques et les proc\u00e9d\u00e9s potentiellement g\u00e9n\u00e9r\u00e9s par cette int\u00e9gration.<\/p>\n<p>Apr\u00e8s l&rsquo;invention de l&rsquo;\u00e9criture puis l&rsquo;av\u00e8nement de l&rsquo;<a title=\"Imprimerie\" href=\"http:\/\/fr.wikipedia.org\/wiki\/Imprimerie\">imprimerie<\/a>, les premiers pas vers une <a title=\"Soci\u00e9t\u00e9 de l'information\" href=\"http:\/\/fr.wikipedia.org\/wiki\/Soci%C3%A9t%C3%A9_de_l%27information\">soci\u00e9t\u00e9 de l&rsquo;information<\/a> ont \u00e9t\u00e9 marqu\u00e9s par le <a title=\"T\u00e9l\u00e9graphe\" href=\"http:\/\/fr.wikipedia.org\/wiki\/T%C3%A9l%C3%A9graphe\">t\u00e9l\u00e9graphe<\/a> \u00e9lectrique, puis le <a title=\"T\u00e9l\u00e9phone\" href=\"http:\/\/fr.wikipedia.org\/wiki\/T%C3%A9l%C3%A9phone\">t\u00e9l\u00e9phone<\/a> et la <a title=\"Radiot\u00e9l\u00e9phonie\" href=\"http:\/\/fr.wikipedia.org\/wiki\/Radiot%C3%A9l%C3%A9phonie\">radiot\u00e9l\u00e9phonie<\/a>, alors que la <a title=\"T\u00e9l\u00e9vision\" href=\"http:\/\/fr.wikipedia.org\/wiki\/T%C3%A9l%C3%A9vision\">t\u00e9l\u00e9vision<\/a>, le <a title=\"Minitel\" href=\"http:\/\/fr.wikipedia.org\/wiki\/Minitel\">Minitel<\/a> et l&rsquo;<a title=\"Internet\" href=\"http:\/\/fr.wikipedia.org\/wiki\/Internet\">Internet<\/a> puis la <a title=\"T\u00e9l\u00e9phonie mobile\" href=\"http:\/\/fr.wikipedia.org\/wiki\/T%C3%A9l%C3%A9phonie_mobile\">t\u00e9l\u00e9communication mobile<\/a> ont associ\u00e9 l&rsquo;image au texte et \u00e0 la parole, \u00ab\u00a0sans fil\u00a0\u00bb, l&rsquo;Internet et la t\u00e9l\u00e9vision devenant accessibles sur le t\u00e9l\u00e9phone portable qui fait aussi office d&rsquo;appareil photo.<br \/>\nLe rapprochement de l&rsquo;informatique et des t\u00e9l\u00e9communications, dans la derni\u00e8re d\u00e9cennie du <a title=\"XXe si\u00e8cle\" href=\"http:\/\/fr.wikipedia.org\/wiki\/XXe_si%C3%A8cle\">XX<sup>e<\/sup>\u00a0si\u00e8cle<\/a> a b\u00e9n\u00e9fici\u00e9 de la miniaturisation des composants, permettant de produire des appareils \u00ab\u00a0<i>multifonctions<\/i>\u00a0\u00bb \u00e0 des prix accessibles, d\u00e8s les <a title=\"Ann\u00e9es 2000\" href=\"http:\/\/fr.wikipedia.org\/wiki\/Ann%C3%A9es_2000\">ann\u00e9es 2000<\/a>.<\/p>\n<p>Les usages des TIC ne cessent de s&rsquo;\u00e9tendre, surtout dans les pays d\u00e9velopp\u00e9s, au risque d&rsquo;accentuer localement la <a title=\"Fracture num\u00e9rique (g\u00e9ographique)\" href=\"http:\/\/fr.wikipedia.org\/wiki\/Fracture_num%C3%A9rique_%28g%C3%A9ographique%29\">fracture num\u00e9rique<\/a> et sociale ainsi que le foss\u00e9 entre les g\u00e9n\u00e9rations. De l&rsquo;<a title=\"Agriculture de pr\u00e9cision\" href=\"http:\/\/fr.wikipedia.org\/wiki\/Agriculture_de_pr%C3%A9cision\">agriculture de pr\u00e9cision<\/a> et de la gestion de la for\u00eat (tra\u00e7abilit\u00e9 des bois pour lutter contre le trafic), au contr\u00f4le global de l&rsquo;environnement plan\u00e9taire ou de la <a title=\"Biodiversit\u00e9\" href=\"http:\/\/fr.wikipedia.org\/wiki\/Biodiversit%C3%A9\">biodiversit\u00e9<\/a>, \u00e0 la <a title=\"D\u00e9mocratie participative\" href=\"http:\/\/fr.wikipedia.org\/wiki\/D%C3%A9mocratie_participative\">d\u00e9mocratie participative<\/a> (<i>TIC au service du d\u00e9veloppement durable<\/i>) en passant par le commerce, la <a title=\"T\u00e9l\u00e9m\u00e9decine\" href=\"http:\/\/fr.wikipedia.org\/wiki\/T%C3%A9l%C3%A9m%C3%A9decine\">t\u00e9l\u00e9m\u00e9decine<\/a>, l&rsquo;information, la gestion de multiples bases de donn\u00e9es, la <a title=\"Bourse (\u00e9conomie)\" href=\"http:\/\/fr.wikipedia.org\/wiki\/Bourse_%28%C3%A9conomie%29\">bourse<\/a>, la <a title=\"Robotique\" href=\"http:\/\/fr.wikipedia.org\/wiki\/Robotique\">robotique<\/a> et les usages <a title=\"Militaire\" href=\"http:\/\/fr.wikipedia.org\/wiki\/Militaire\">militaires<\/a>, sans oublier l&rsquo;aide aux <a title=\"Handicap\u00e9\" href=\"http:\/\/fr.wikipedia.org\/wiki\/Handicap%C3%A9\">handicap\u00e9s<\/a> (dont <a title=\"Aveugle\" href=\"http:\/\/fr.wikipedia.org\/wiki\/Aveugle\">aveugles<\/a> qui utilisent des synth\u00e9tiseurs vocaux avanc\u00e9s ainsi que des plages <a title=\"Braille\" href=\"http:\/\/fr.wikipedia.org\/wiki\/Braille\">braille<\/a> \u00e9ph\u00e9m\u00e8re), les TIC tendent \u00e0 prendre une place croissante dans la vie humaine et le fonctionnement des soci\u00e9t\u00e9s.<\/p>\n<p>Certains craignent aussi une perte de libert\u00e9 individuelle (effet <i>Big Brother<\/i>, intrusion croissante de la <a title=\"Publicit\u00e9\" href=\"http:\/\/fr.wikipedia.org\/wiki\/Publicit%C3%A9\">publicit\u00e9<\/a> cibl\u00e9e et non-d\u00e9sir\u00e9e&#8230;)<sup id=\"cite_ref-1\"><a href=\"http:\/\/fr.wikipedia.org\/wiki\/Technologies_de_l%27information_et_de_la_communication#cite_note-1\">1<\/a><\/sup>. Les prospectivistes s&rsquo;accordent \u00e0 penser que les TIC devraient prendre une place croissante et pourraient \u00eatre \u00e0 l&rsquo;origine d&rsquo;un nouveau <a title=\"Paradigme\" href=\"http:\/\/fr.wikipedia.org\/wiki\/Paradigme\">paradigme<\/a> civilisationnel.<\/p>\n<p>Depuis quelques ann\u00e9es, avec le d\u00e9veloppement d&rsquo;Internet, les usages des TIC se sont d\u00e9velopp\u00e9s et la grande majorit\u00e9 des citoyens utilise ces outils pour acc\u00e9der \u00e0 l&rsquo;information. De l&rsquo;autre c\u00f4t\u00e9, le nombre de services disponibles explose et les emplois directement li\u00e9s \u00e0 ces technologies g\u00e9n\u00e8rent plus de 5,5\u00a0% du PIB fran\u00e7ais<sup id=\"cite_ref-2\"><a href=\"http:\/\/fr.wikipedia.org\/wiki\/Technologies_de_l%27information_et_de_la_communication#cite_note-2\">2<\/a><\/sup><\/p>\n<p>Les emplois de la fili\u00e8re n\u00e9cessitent de plus en plus de comp\u00e9tences en communication, en marketing et en vente, la technique n&rsquo;\u00e9tant qu&rsquo;un support de la communication. Cela entra\u00eene de nombreuses modifications dans les profils professionnels recherch\u00e9s par les entreprises selon l&rsquo;<i>Observatoire International des M\u00e9tiers Internet<\/i>, qui analyse les profils et les comp\u00e9tences recherch\u00e9s par le march\u00e9 de l&#8217;emploi en Europe<sup id=\"cite_ref-3\"><a href=\"http:\/\/fr.wikipedia.org\/wiki\/Technologies_de_l%27information_et_de_la_communication#cite_note-3\">3<\/a><\/sup>.<\/p>\n<h2><a title=\"Site .COM de Malek Boualem\" href=\"http:\/\/www.malek-boualem.com\" target=\"_blank\">Malek Boualem<\/a><\/h2>\n","protected":false},"excerpt":{"rendered":"<p>Source WIKIPEDIA Les notions de technologies de l&rsquo;information et de la communication (TIC) et de nouvelles technologies de l&rsquo;information et de la communication (NTIC) (en anglais, Information and communication technologies, ICT) regroupent les techniques utilis\u00e9es dans le traitement et la transmission des informations, principalement de l&rsquo;informatique, de l&rsquo;Internet et des t\u00e9l\u00e9communications. En ce qui concerne [&hellip;]<\/p>\n","protected":false},"author":2,"featured_media":0,"parent":53,"menu_order":0,"comment_status":"closed","ping_status":"closed","template":"","meta":{"footnotes":""},"class_list":["post-56","page","type-page","status-publish","hentry"],"_links":{"self":[{"href":"https:\/\/www.malek-boualem.fr\/com\/wp-json\/wp\/v2\/pages\/56","targetHints":{"allow":["GET"]}}],"collection":[{"href":"https:\/\/www.malek-boualem.fr\/com\/wp-json\/wp\/v2\/pages"}],"about":[{"href":"https:\/\/www.malek-boualem.fr\/com\/wp-json\/wp\/v2\/types\/page"}],"author":[{"embeddable":true,"href":"https:\/\/www.malek-boualem.fr\/com\/wp-json\/wp\/v2\/users\/2"}],"replies":[{"embeddable":true,"href":"https:\/\/www.malek-boualem.fr\/com\/wp-json\/wp\/v2\/comments?post=56"}],"version-history":[{"count":0,"href":"https:\/\/www.malek-boualem.fr\/com\/wp-json\/wp\/v2\/pages\/56\/revisions"}],"up":[{"embeddable":true,"href":"https:\/\/www.malek-boualem.fr\/com\/wp-json\/wp\/v2\/pages\/53"}],"wp:attachment":[{"href":"https:\/\/www.malek-boualem.fr\/com\/wp-json\/wp\/v2\/media?parent=56"}],"curies":[{"name":"wp","href":"https:\/\/api.w.org\/{rel}","templated":true}]}}