{"id":59,"date":"2013-04-06T17:55:00","date_gmt":"2013-04-06T16:55:00","guid":{"rendered":"http:\/\/www.malek-boualem.fr\/com\/?page_id=59"},"modified":"2013-04-19T15:48:56","modified_gmt":"2013-04-19T14:48:56","slug":"lettre-shs","status":"publish","type":"page","link":"https:\/\/www.malek-boualem.fr\/com\/presse-media\/lettre-shs\/","title":{"rendered":"Lettre SHS"},"content":{"rendered":"<h2>Prix CNRS\/ANVIE 1996 pour <a title=\"Site .COM de Malek Boualem\" href=\"http:\/\/www.malek-boualem.com\" target=\"_blank\">Malek Boualem<\/a> et St\u00e9phane Hari\u00e9<\/h2>\n<p>Le prix\u00a0 <strong>CNRS\/ANVIE 1996<\/strong> pour la valorisation de la recherche scientifique a \u00e9t\u00e9 attribu\u00e9 \u00e0 <a title=\"Site .COM de Malek Boualem\" href=\"http:\/\/www.malek-boualem.com\" target=\"_blank\"><strong>Malek Boualem<\/strong><\/a> et <strong>St\u00e9phane Hari\u00e9<\/strong> pour le co-d\u00e9veloppement de l\u2019\u00e9diteur de texte multilingue <strong><a title=\"MtScript\" href=\"http:\/\/aune.lpl.univ-aix.fr\/projects\/multext\/mtscript\/\" target=\"_blank\">MtScript<\/a>.<\/strong><\/p>\n<p>Andr\u00e9 Kaspi, directeur du D\u00e9partement des Sciences de l\u2019Homme et de la Soci\u00e9t\u00e9 du CNRS et Bertand Collomb, pr\u00e9sident de l\u2019ANVIE et de Lafarge, ont remis le prix CNRS-ANVIE de la Valorisation 1996 \u00e0 <a title=\"Site .COM de Malek Boualem\" href=\"http:\/\/www.malek-boualem.com\" target=\"_blank\">Malek Boualem<\/a> et St\u00e9phane Hari\u00e9 du Laboratoire Parole et Langage, (CNRS- Universit\u00e9 de Provence \u00e0 Aix-en-Provence) pour MtScript, un logiciel \u00e9diteur de textes multilingue, le 27 janvier 1997 \u00e0 18 heures au CNRS, Salle Jean Perrin, en pr\u00e9sence de Guy Aubert, directeur g\u00e9n\u00e9ral du CNRS.<\/p>\n<h3><a title=\"Prix ANVIE CNRS malek boualem stephane harie\" href=\"http:\/\/aune.lpl.univ-aix.fr\/lpl\/evenements\/anvie\/anvie.htm\" target=\"_blank\">http:\/\/aune.lpl.univ-aix.fr\/lpl\/evenements\/anvie\/anvie.htm<\/a><\/h3>\n<h2><a title=\"Site .COM de Malek Boualem\" href=\"http:\/\/www.malek-boualem.com\" target=\"_blank\">Malek Boualem<\/a><\/h2>\n","protected":false},"excerpt":{"rendered":"<p>Prix CNRS\/ANVIE 1996 pour Malek Boualem et St\u00e9phane Hari\u00e9 Le prix\u00a0 CNRS\/ANVIE 1996 pour la valorisation de la recherche scientifique a \u00e9t\u00e9 attribu\u00e9 \u00e0 Malek Boualem et St\u00e9phane Hari\u00e9 pour le co-d\u00e9veloppement de l\u2019\u00e9diteur de texte multilingue MtScript. Andr\u00e9 Kaspi, directeur du D\u00e9partement des Sciences de l\u2019Homme et de la Soci\u00e9t\u00e9 du CNRS et Bertand [&hellip;]<\/p>\n","protected":false},"author":2,"featured_media":0,"parent":11,"menu_order":0,"comment_status":"closed","ping_status":"closed","template":"","meta":{"footnotes":""},"class_list":["post-59","page","type-page","status-publish","hentry"],"_links":{"self":[{"href":"https:\/\/www.malek-boualem.fr\/com\/wp-json\/wp\/v2\/pages\/59","targetHints":{"allow":["GET"]}}],"collection":[{"href":"https:\/\/www.malek-boualem.fr\/com\/wp-json\/wp\/v2\/pages"}],"about":[{"href":"https:\/\/www.malek-boualem.fr\/com\/wp-json\/wp\/v2\/types\/page"}],"author":[{"embeddable":true,"href":"https:\/\/www.malek-boualem.fr\/com\/wp-json\/wp\/v2\/users\/2"}],"replies":[{"embeddable":true,"href":"https:\/\/www.malek-boualem.fr\/com\/wp-json\/wp\/v2\/comments?post=59"}],"version-history":[{"count":0,"href":"https:\/\/www.malek-boualem.fr\/com\/wp-json\/wp\/v2\/pages\/59\/revisions"}],"up":[{"embeddable":true,"href":"https:\/\/www.malek-boualem.fr\/com\/wp-json\/wp\/v2\/pages\/11"}],"wp:attachment":[{"href":"https:\/\/www.malek-boualem.fr\/com\/wp-json\/wp\/v2\/media?parent=59"}],"curies":[{"name":"wp","href":"https:\/\/api.w.org\/{rel}","templated":true}]}}