{"id":61,"date":"2013-04-06T18:08:33","date_gmt":"2013-04-06T17:08:33","guid":{"rendered":"http:\/\/www.malek-boualem.fr\/com\/?page_id=61"},"modified":"2015-05-05T13:27:47","modified_gmt":"2015-05-05T12:27:47","slug":"avantages-inconvenients-des-tic","status":"publish","type":"page","link":"https:\/\/www.malek-boualem.fr\/com\/la-communication\/ntic\/avantages-inconvenients-des-tic\/","title":{"rendered":"Avantages et inconv\u00e9nients des TIC"},"content":{"rendered":"<p><strong>Source :<\/strong><br \/>\n<a title=\"Avantages et inconv\u00e9nients des NTIC\" href=\"http:\/\/experts-univers.com\/inconvenients-avantages-des-ntic.html\" target=\"_blank\">http:\/\/experts-univers.com\/inconvenients-avantages-des-ntic.html<\/a><\/p>\n<p><strong>Les T.I.C exigent des conditions :<\/strong><br \/>\n&#8211; stabilit\u00e9 politique et \u00e9conomique du pays,<br \/>\n&#8211; m\u00e9canisme de l&rsquo;efficacit\u00e9 du march\u00e9 local ;<br \/>\n&#8211; march\u00e9 du travail stable et constant ;<br \/>\n&#8211; crit\u00e8re de l&rsquo;environnement acceptable<br \/>\n&#8211; l&rsquo;intervention de l&rsquo;\u00c9tat pour encourager les exportations ;<br \/>\n&#8211; l&rsquo;investissement dans les T.I.C et l&rsquo;\u00e9conomie nationale.<\/p>\n<p><span style=\"text-decoration: underline;\"><strong>Les avantages inconv\u00e9nients des T.I.C :<\/strong> <\/span><\/p>\n<p><strong>1) du point de vue \u00e9conomique :<\/strong><br \/>\n&#8211; r\u00e9duction des co\u00fbts ;<br \/>\n&#8211; am\u00e9lioration du d\u00e9veloppement \u00e9conomique de l\u2019emploi ;<br \/>\n&#8211; am\u00e9lioration des revenus des diff\u00e9rents services ;<br \/>\n&#8211; l&rsquo;augmentation de la rentabilit\u00e9.<br \/>\n&#8211; l&rsquo;am\u00e9lioration des services rendus par l&rsquo;administration.<\/p>\n<p><strong>2) du point de vus social :<\/strong><br \/>\n&#8211; participation dans l&rsquo;am\u00e9lioration du c\u00f4t\u00e9 social et la cr\u00e9ation d&rsquo;une soci\u00e9t\u00e9 de services ;<br \/>\n&#8211; renforcer les d\u00e9cisions des particuliers les buts \u00e9conomiques et sociaux ;<br \/>\n&#8211; changement dans le comportement en ce qui concerne l&rsquo;\u00e9ducation et le travail.<br \/>\nSelon Stolper Samuelson, les entreprises qui investissent dans les T.I.C sont ceux qui r\u00e9ussissent \u00e0 l&rsquo;avenir (le monde du savoir).<\/p>\n<p><span style=\"text-decoration: underline;\"><strong>Les avantages dans l&rsquo;ouverture \u00e9conomique :<\/strong> <\/span><br \/>\n&#8211; avantages concurrentiels ;<br \/>\n&#8211; avantages dans les \u00e9conomies d\u2019\u00e9chelles ;<br \/>\n&#8211; avantages dus \u00e0 la rationalit\u00e9 de la production<br \/>\n&#8211; avantages \u00e0 l&rsquo;augmentation des qualit\u00e9s des biens et services ;<br \/>\n&#8211; avantages dans l&rsquo;entr\u00e9e dans d&rsquo;autres march\u00e9s ;<br \/>\n&#8211; avantages de l&rsquo;utilisation des hautes technologies.<\/p>\n<p><strong>b) Avantages et inconv\u00e9nients pour l\u2019entreprise :<\/strong><br \/>\n<strong>1) Avantages :<\/strong><br \/>\n\u2022 Au niveau du syst\u00e8me d\u2019information, elle permet la d\u00e9localisation de la production,<br \/>\n\u2022 Au niveau de la structure de l\u2019entreprise et de la gestion du personnel.<br \/>\n\u2022 Au niveau commercial, de nouveaux circuits de distribution.<br \/>\n\u2022 Hausse de la productivit\u00e9 du travail pour la saisie de l&rsquo;information,<br \/>\n\u2022 Organisation moins hi\u00e9rarchis\u00e9e, partage d&rsquo;information et une meilleure gestion des ressources humaines.<br \/>\n\u2022 Nouveau circuit de production gr\u00e2ce \u00e0 l&rsquo;extension du march\u00e9 potentiel (commerce \u00e9lectronique).<br \/>\n<strong>2) inconv\u00e9nients:<\/strong><br \/>\n&#8211; le co\u00fbt du mat\u00e9riel, du logiciel, de la maintenance,<br \/>\n\u2022 Ph\u00e9nom\u00e8ne de sur\u00e9quipement, et donc co\u00fbt de sous-utilisation,<br \/>\n\u2022 Co\u00fbt de la formation du personnel,<br \/>\n\u2022 R\u00e9organisation structurelle du travail,<br \/>\n\u2022 Co\u00fbt de l\u2019am\u00e9lioration plus important car innovations plus fr\u00e9quentes,<br \/>\n\u2022 Rentabilit\u00e9 de l\u2019investissement difficilement quantifiable, probl\u00e8mes \u00e9thiques.<\/p>\n<p><strong>D\u2019un point de vue plus g\u00e9n\u00e9ral les avantages des TIC peuvent \u00eatre d\u00e9finis \u00e0 3 niveaux :<\/strong><\/p>\n<p>\u2022 Au niveau du syst\u00e8me d\u2019information : Hausse de la productivit\u00e9 du travail pour la saisie de l&rsquo;information, donc baisse des co\u00fbts. D\u00e9localisation de la production (centre d\u2019appels), am\u00e9lioration de l\u2019efficacit\u00e9 de la prise de d\u00e9cision permise par une banque de donn\u00e9e plus importante sur ses partenaires.<\/p>\n<p>\u2022 Au niveau de la structure de l\u2019entreprise et de la gestion du personnel : Organisation moins hi\u00e9rarchis\u00e9e, partage d\u2019informations. Meilleure gestion des ressources humaines (recrutement, gestion des carri\u00e8res plus facile), meilleur suivi du personnel.<\/p>\n<p>\u2022 Au niveau commercial : Nouveau circuit de production gr\u00e2ce \u00e0 l\u2019extension du march\u00e9 potentiel (commerce \u00e9lectronique). Une baisse des co\u00fbts d\u2019approvisionnement. D\u00e9veloppement des innovations en mati\u00e8re de services et r\u00e9ponses aux besoins des consommateurs. Am\u00e9lioration de l\u2019image de marque de l\u2019entreprise (entreprise innovante).<\/p>\n<h2><a title=\"Site .COM de Malek Boualem\" href=\"http:\/\/www.malek-boualem.com\" target=\"_blank\">Malek Boualem<\/a><\/h2>\n","protected":false},"excerpt":{"rendered":"<p>Source : http:\/\/experts-univers.com\/inconvenients-avantages-des-ntic.html Les T.I.C exigent des conditions : &#8211; stabilit\u00e9 politique et \u00e9conomique du pays, &#8211; m\u00e9canisme de l&rsquo;efficacit\u00e9 du march\u00e9 local ; &#8211; march\u00e9 du travail stable et constant ; &#8211; crit\u00e8re de l&rsquo;environnement acceptable &#8211; l&rsquo;intervention de l&rsquo;\u00c9tat pour encourager les exportations ; &#8211; l&rsquo;investissement dans les T.I.C et l&rsquo;\u00e9conomie nationale. Les [&hellip;]<\/p>\n","protected":false},"author":2,"featured_media":0,"parent":56,"menu_order":0,"comment_status":"closed","ping_status":"closed","template":"","meta":{"footnotes":""},"class_list":["post-61","page","type-page","status-publish","hentry"],"_links":{"self":[{"href":"https:\/\/www.malek-boualem.fr\/com\/wp-json\/wp\/v2\/pages\/61","targetHints":{"allow":["GET"]}}],"collection":[{"href":"https:\/\/www.malek-boualem.fr\/com\/wp-json\/wp\/v2\/pages"}],"about":[{"href":"https:\/\/www.malek-boualem.fr\/com\/wp-json\/wp\/v2\/types\/page"}],"author":[{"embeddable":true,"href":"https:\/\/www.malek-boualem.fr\/com\/wp-json\/wp\/v2\/users\/2"}],"replies":[{"embeddable":true,"href":"https:\/\/www.malek-boualem.fr\/com\/wp-json\/wp\/v2\/comments?post=61"}],"version-history":[{"count":0,"href":"https:\/\/www.malek-boualem.fr\/com\/wp-json\/wp\/v2\/pages\/61\/revisions"}],"up":[{"embeddable":true,"href":"https:\/\/www.malek-boualem.fr\/com\/wp-json\/wp\/v2\/pages\/56"}],"wp:attachment":[{"href":"https:\/\/www.malek-boualem.fr\/com\/wp-json\/wp\/v2\/media?parent=61"}],"curies":[{"name":"wp","href":"https:\/\/api.w.org\/{rel}","templated":true}]}}