{"id":63,"date":"2013-04-06T18:13:50","date_gmt":"2013-04-06T17:13:50","guid":{"rendered":"http:\/\/www.malek-boualem.fr\/com\/?page_id=63"},"modified":"2015-05-05T13:27:18","modified_gmt":"2015-05-05T12:27:18","slug":"avantages-inconvenients-des-ntic","status":"publish","type":"page","link":"https:\/\/www.malek-boualem.fr\/com\/la-communication\/ntic\/avantages-inconvenients-des-ntic\/","title":{"rendered":"Avantages et inconv\u00e9nients des NTIC"},"content":{"rendered":"<p><strong>Source :<\/strong><br \/>\n<a title=\"Avantages et inconv\u00e9nients des NTIC\" href=\"http:\/\/experts-univers.com\/inconvenients-avantages-des-ntic.html\" target=\"_blank\">http:\/\/experts-univers.com\/inconvenients-avantages-des-ntic.html<\/a><\/p>\n<p><span style=\"text-decoration: underline;\"><strong>Avantages sur divers plans:<\/strong><\/span><br \/>\n&#8211; politique: favoriser le dialogue entre \u00c9tats \u00e0 travers des missions diplomatiques.<br \/>\n&#8211; \u00e9conomique: accroissement de la productivit\u00e9 par le biais du progr\u00e8s technique.<br \/>\n&#8211; socio-culturel: brassage des populations; large r\u00e9seau de communication.<br \/>\n&#8211; scolaire: large champs de recherche; modes de communication et d&rsquo;enseignement diversifi\u00e9s.<br \/>\n&#8211; communication: large r\u00e9seau de communication; vitesse de diffusion de l&rsquo;information.<\/p>\n<p><span style=\"text-decoration: underline;\"><strong>inconv\u00e9nients<\/strong><\/span><br \/>\n&#8211; socio-culturel: d\u00e9pravation des meurs; facteur d&rsquo;acculturation;<br \/>\n&#8211; sanitaire: impact sur l&rsquo;aspect physique (dos, yeux, &#8230;) et psychologique<br \/>\n&#8211; \u00e9conomique: production abondante des d\u00e9chets toxiques (voitures, machines industrielles et de m\u00e9nages, etc)<br \/>\n&#8211; \u00e9ducation et scolarit\u00e9: probl\u00e8me de validation des donn\u00e9es scientifiques; exposition des donn\u00e9es obsc\u00e8nes (sites anti-\u00e9ducatifs, etc);<\/p>\n<h2><a title=\"Site .COM de Malek Boualem\" href=\"http:\/\/www.malek-boualem.com\" target=\"_blank\">Malek Boualem<\/a><\/h2>\n","protected":false},"excerpt":{"rendered":"<p>Source : http:\/\/experts-univers.com\/inconvenients-avantages-des-ntic.html Avantages sur divers plans: &#8211; politique: favoriser le dialogue entre \u00c9tats \u00e0 travers des missions diplomatiques. &#8211; \u00e9conomique: accroissement de la productivit\u00e9 par le biais du progr\u00e8s technique. &#8211; socio-culturel: brassage des populations; large r\u00e9seau de communication. &#8211; scolaire: large champs de recherche; modes de communication et d&rsquo;enseignement diversifi\u00e9s. &#8211; communication: large [&hellip;]<\/p>\n","protected":false},"author":2,"featured_media":0,"parent":56,"menu_order":0,"comment_status":"closed","ping_status":"closed","template":"","meta":{"footnotes":""},"class_list":["post-63","page","type-page","status-publish","hentry"],"_links":{"self":[{"href":"https:\/\/www.malek-boualem.fr\/com\/wp-json\/wp\/v2\/pages\/63","targetHints":{"allow":["GET"]}}],"collection":[{"href":"https:\/\/www.malek-boualem.fr\/com\/wp-json\/wp\/v2\/pages"}],"about":[{"href":"https:\/\/www.malek-boualem.fr\/com\/wp-json\/wp\/v2\/types\/page"}],"author":[{"embeddable":true,"href":"https:\/\/www.malek-boualem.fr\/com\/wp-json\/wp\/v2\/users\/2"}],"replies":[{"embeddable":true,"href":"https:\/\/www.malek-boualem.fr\/com\/wp-json\/wp\/v2\/comments?post=63"}],"version-history":[{"count":0,"href":"https:\/\/www.malek-boualem.fr\/com\/wp-json\/wp\/v2\/pages\/63\/revisions"}],"up":[{"embeddable":true,"href":"https:\/\/www.malek-boualem.fr\/com\/wp-json\/wp\/v2\/pages\/56"}],"wp:attachment":[{"href":"https:\/\/www.malek-boualem.fr\/com\/wp-json\/wp\/v2\/media?parent=63"}],"curies":[{"name":"wp","href":"https:\/\/api.w.org\/{rel}","templated":true}]}}