{"id":68,"date":"2013-04-08T20:56:38","date_gmt":"2013-04-08T19:56:38","guid":{"rendered":"http:\/\/www.malek-boualem.fr\/com\/?page_id=68"},"modified":"2015-05-05T12:01:23","modified_gmt":"2015-05-05T11:01:23","slug":"le-telephone","status":"publish","type":"page","link":"https:\/\/www.malek-boualem.fr\/com\/la-communication\/le-telephone\/","title":{"rendered":"Le t\u00e9l\u00e9phone"},"content":{"rendered":"<h2><span style=\"color: #0000ff;\"><strong>Source WIKIPEDIA<\/strong><\/span><\/h2>\n<p>Le <b>t\u00e9l\u00e9phone<\/b> est un appareil de <a title=\"Communication\" href=\"http:\/\/fr.wikipedia.org\/wiki\/Communication\">communication<\/a>, initialement con\u00e7u pour transmettre la <a title=\"Voix (phoniatrie)\" href=\"http:\/\/fr.wikipedia.org\/wiki\/Voix_%28phoniatrie%29\">voix<\/a> humaine et permettre une <a title=\"Conversation\" href=\"http:\/\/fr.wikipedia.org\/wiki\/Conversation\">conversation<\/a> \u00e0 distance entre deux personnes.<\/p>\n<p>Pour fonctionner, le t\u00e9l\u00e9phone n\u00e9cessite une infrastructure terrestre ou spatiale, le <a title=\"T\u00e9l\u00e9phonie\" href=\"http:\/\/fr.wikipedia.org\/wiki\/T%C3%A9l%C3%A9phonie\">r\u00e9seau t\u00e9l\u00e9phonique<\/a>. Apr\u00e8s y avoir <a title=\"Raccordement t\u00e9l\u00e9phonique\" href=\"http:\/\/fr.wikipedia.org\/wiki\/Raccordement_t%C3%A9l%C3%A9phonique\">raccord\u00e9<\/a> son terminal <a title=\"T\u00e9l\u00e9phonie fixe\" href=\"http:\/\/fr.wikipedia.org\/wiki\/T%C3%A9l%C3%A9phonie_fixe\">fixe<\/a> ou mis en marche son <a title=\"T\u00e9l\u00e9phonie mobile\" href=\"http:\/\/fr.wikipedia.org\/wiki\/T%C3%A9l%C3%A9phonie_mobile\">appareil mobile<\/a>, l&rsquo;utilisateur ayant souscrit \u00e0 un <a title=\"Abonnement t\u00e9l\u00e9phonique\" href=\"http:\/\/fr.wikipedia.org\/wiki\/Abonnement_t%C3%A9l%C3%A9phonique\">abonnement<\/a> aupr\u00e8s d&rsquo;un <a title=\"Op\u00e9rateur de t\u00e9l\u00e9communications\" href=\"http:\/\/fr.wikipedia.org\/wiki\/Op%C3%A9rateur_de_t%C3%A9l%C3%A9communications\">op\u00e9rateur de t\u00e9l\u00e9communications<\/a> peut passer des <a title=\"Appel t\u00e9l\u00e9phonique\" href=\"http:\/\/fr.wikipedia.org\/wiki\/Appel_t%C3%A9l%C3%A9phonique\">appels t\u00e9l\u00e9phoniques<\/a> \u00e0 un destinataire \u00e9galement raccord\u00e9 en composant son <a title=\"Num\u00e9ro de t\u00e9l\u00e9phone\" href=\"http:\/\/fr.wikipedia.org\/wiki\/Num%C3%A9ro_de_t%C3%A9l%C3%A9phone\">num\u00e9ro<\/a> attitr\u00e9, ce qui d\u00e9clenche g\u00e9n\u00e9ralement la <a title=\"Sonnerie t\u00e9l\u00e9phonique\" href=\"http:\/\/fr.wikipedia.org\/wiki\/Sonnerie_t%C3%A9l%C3%A9phonique\">sonnerie<\/a> de l&rsquo;appareil de destination. Si la personne appel\u00e9e accepte l&rsquo;appel, une <a title=\"Conversation t\u00e9l\u00e9phonique\" href=\"http:\/\/fr.wikipedia.org\/wiki\/Conversation_t%C3%A9l%C3%A9phonique\">conversation t\u00e9l\u00e9phonique<\/a> peut commencer, ce qui se fait en g\u00e9n\u00e9ral, en <a title=\"Fran\u00e7ais\" href=\"http:\/\/fr.wikipedia.org\/wiki\/Fran%C3%A7ais\">fran\u00e7ais<\/a>, par le mot \u00ab\u00a0Allo\u00a0\u00bb.<\/p>\n<p>Exception faite des <a title=\"Appels d'urgence\" href=\"http:\/\/fr.wikipedia.org\/wiki\/Appels_d%27urgence\">appels d&rsquo;urgence<\/a> pass\u00e9s \u00e0 des <a title=\"Num\u00e9ro d'appel d'urgence\" href=\"http:\/\/fr.wikipedia.org\/wiki\/Num%C3%A9ro_d%27appel_d%27urgence\">num\u00e9ros sp\u00e9ciaux<\/a>, les appels pass\u00e9s via un t\u00e9l\u00e9phone ont un co\u00fbt, lequel est d\u00e9termin\u00e9 par des <a title=\"Tarif d'appel\" href=\"http:\/\/fr.wikipedia.org\/wiki\/Tarif_d%27appel\">tarifs d&rsquo;appel<\/a> \u00e9tablis en fonction de leurs dur\u00e9es, de la localisation du destinataire de la qualit\u00e9 du num\u00e9ro. La <a title=\"T\u00e9l\u00e9phonie\" href=\"http:\/\/fr.wikipedia.org\/wiki\/T%C3%A9l%C3%A9phonie\">t\u00e9l\u00e9phonie<\/a> repr\u00e9sente ainsi un <a title=\"March\u00e9\" href=\"http:\/\/fr.wikipedia.org\/wiki\/March%C3%A9\">march\u00e9<\/a> important du secteur des <a title=\"T\u00e9l\u00e9communications\" href=\"http:\/\/fr.wikipedia.org\/wiki\/T%C3%A9l%C3%A9communications\">t\u00e9l\u00e9communications<\/a>.<\/p>\n<h2><a title=\"Site .COM de Malek Boualem\" href=\"http:\/\/www.malek-boualem.com\" target=\"_blank\">Malek Boualem<\/a><\/h2>\n","protected":false},"excerpt":{"rendered":"<p>Source WIKIPEDIA Le t\u00e9l\u00e9phone est un appareil de communication, initialement con\u00e7u pour transmettre la voix humaine et permettre une conversation \u00e0 distance entre deux personnes. Pour fonctionner, le t\u00e9l\u00e9phone n\u00e9cessite une infrastructure terrestre ou spatiale, le r\u00e9seau t\u00e9l\u00e9phonique. Apr\u00e8s y avoir raccord\u00e9 son terminal fixe ou mis en marche son appareil mobile, l&rsquo;utilisateur ayant souscrit [&hellip;]<\/p>\n","protected":false},"author":2,"featured_media":0,"parent":53,"menu_order":0,"comment_status":"closed","ping_status":"closed","template":"","meta":{"footnotes":""},"class_list":["post-68","page","type-page","status-publish","hentry"],"_links":{"self":[{"href":"https:\/\/www.malek-boualem.fr\/com\/wp-json\/wp\/v2\/pages\/68","targetHints":{"allow":["GET"]}}],"collection":[{"href":"https:\/\/www.malek-boualem.fr\/com\/wp-json\/wp\/v2\/pages"}],"about":[{"href":"https:\/\/www.malek-boualem.fr\/com\/wp-json\/wp\/v2\/types\/page"}],"author":[{"embeddable":true,"href":"https:\/\/www.malek-boualem.fr\/com\/wp-json\/wp\/v2\/users\/2"}],"replies":[{"embeddable":true,"href":"https:\/\/www.malek-boualem.fr\/com\/wp-json\/wp\/v2\/comments?post=68"}],"version-history":[{"count":0,"href":"https:\/\/www.malek-boualem.fr\/com\/wp-json\/wp\/v2\/pages\/68\/revisions"}],"up":[{"embeddable":true,"href":"https:\/\/www.malek-boualem.fr\/com\/wp-json\/wp\/v2\/pages\/53"}],"wp:attachment":[{"href":"https:\/\/www.malek-boualem.fr\/com\/wp-json\/wp\/v2\/media?parent=68"}],"curies":[{"name":"wp","href":"https:\/\/api.w.org\/{rel}","templated":true}]}}