{"id":72,"date":"2013-04-12T11:27:10","date_gmt":"2013-04-12T10:27:10","guid":{"rendered":"http:\/\/www.malek-boualem.fr\/com\/?page_id=72"},"modified":"2015-06-14T16:30:08","modified_gmt":"2015-06-14T15:30:08","slug":"mtscript","status":"publish","type":"page","link":"https:\/\/www.malek-boualem.fr\/com\/realisations-marquantes\/mtscript\/","title":{"rendered":"MtScript"},"content":{"rendered":"<header>\n<h1><a href=\"http:\/\/www.malek-boualem.fr\/wp-content\/uploads\/2012\/12\/MSC1.about_.gif\"><img loading=\"lazy\" decoding=\"async\" class=\"alignnone size-medium wp-image-1109\" src=\"http:\/\/www.malek-boualem.fr\/wp-content\/uploads\/2012\/12\/MSC1.about_-300x277.gif\" alt=\"MSC1.about\" width=\"300\" height=\"277\" \/><\/a><\/h1>\n<h1><a href=\"https:\/\/web.archive.org\/web\/20070703192558\/http:\/aune.lpl.univ-aix.fr\/projects\/multext\/MtScript\/\" target=\"_blank\">MtScript<\/a><\/h1>\n<\/header>\n<h1>MtScript : The Multext multilingual text editor<\/h1>\n<h3><b><a title=\"Site .COM de Malek Boualem\" href=\"http:\/\/www.malek-boualem.com\" target=\"_blank\">Malek Boualem<\/a>, Universit\u00e9 de Provence<br \/>\nSt\u00e9phane Hari\u00e9, CNRS<\/b><\/h3>\n<h3>Laur\u00e9at du Prix CNRS\/ANVIE 1996 de la valorisation de la recherche scientifique<\/h3>\n<h4><a href=\"https:\/\/web.archive.org\/web\/20070703192558\/http:\/aune.lpl.univ-aix.fr\/projects\/multext\/MtScript\/\" target=\"_blank\">https:\/\/web.archive.org\/web\/20070703192558\/http:\/aune.lpl.univ-aix.fr\/projects\/multext\/MtScript\/<\/a><\/h4>\n","protected":false},"excerpt":{"rendered":"<p>MtScript MtScript : The Multext multilingual text editor Malek Boualem, Universit\u00e9 de Provence St\u00e9phane Hari\u00e9, CNRS Laur\u00e9at du Prix CNRS\/ANVIE 1996 de la valorisation de la recherche scientifique https:\/\/web.archive.org\/web\/20070703192558\/http:\/aune.lpl.univ-aix.fr\/projects\/multext\/MtScript\/<\/p>\n","protected":false},"author":2,"featured_media":0,"parent":71,"menu_order":0,"comment_status":"closed","ping_status":"closed","template":"","meta":{"footnotes":""},"class_list":["post-72","page","type-page","status-publish","hentry"],"_links":{"self":[{"href":"https:\/\/www.malek-boualem.fr\/com\/wp-json\/wp\/v2\/pages\/72","targetHints":{"allow":["GET"]}}],"collection":[{"href":"https:\/\/www.malek-boualem.fr\/com\/wp-json\/wp\/v2\/pages"}],"about":[{"href":"https:\/\/www.malek-boualem.fr\/com\/wp-json\/wp\/v2\/types\/page"}],"author":[{"embeddable":true,"href":"https:\/\/www.malek-boualem.fr\/com\/wp-json\/wp\/v2\/users\/2"}],"replies":[{"embeddable":true,"href":"https:\/\/www.malek-boualem.fr\/com\/wp-json\/wp\/v2\/comments?post=72"}],"version-history":[{"count":0,"href":"https:\/\/www.malek-boualem.fr\/com\/wp-json\/wp\/v2\/pages\/72\/revisions"}],"up":[{"embeddable":true,"href":"https:\/\/www.malek-boualem.fr\/com\/wp-json\/wp\/v2\/pages\/71"}],"wp:attachment":[{"href":"https:\/\/www.malek-boualem.fr\/com\/wp-json\/wp\/v2\/media?parent=72"}],"curies":[{"name":"wp","href":"https:\/\/api.w.org\/{rel}","templated":true}]}}