{"id":75,"date":"2013-04-12T11:31:41","date_gmt":"2013-04-12T10:31:41","guid":{"rendered":"http:\/\/www.malek-boualem.fr\/com\/?page_id=75"},"modified":"2015-05-05T13:59:46","modified_gmt":"2015-05-05T12:59:46","slug":"75-2","status":"publish","type":"page","link":"https:\/\/www.malek-boualem.fr\/com\/realisations-marquantes\/75-2\/","title":{"rendered":"CLIR QUAERO MSSE"},"content":{"rendered":"<header>\n<h1>CLIR dans le projet QUAERO MSSE<\/h1>\n<\/header>\n<div>\n<h2>CLIR (Cross Language Information Retrieval) :<\/h2>\n<p>Coordination par <a title=\"Site .COM de Malek Boualem\" href=\"http:\/\/www.malek-boualem.com\" target=\"_blank\">Malek Boualem<\/a> de la conception et la mise en oeuvre d\u2019une fonctionalit\u00e9 de recherche d\u2019information multimedia cross-lingue. Cette fonctionnalit\u00e9 a \u00e9t\u00e9 int\u00e9gr\u00e9e \u00e0 un moteur de recherche de vid\u00e9os mis en \u0153uvre dans le cadre du projet QUAERO\/MSSE. Elle permet, via une requ\u00eate en fran\u00e7ais, d\u2019acc\u00e9der \u00e0 des contenus dans plusieurs autres langues (anglais, allemand, espagnol, portugais, arabe, russe, chinois, \u2026). Cette fonctionnalit\u00e9 de CLIR utilise des m\u00e9canismes de traduction automatique des m\u00e9tadonn\u00e9es associ\u00e9es aux vid\u00e9os (presse, news, sport, etc.).<\/p>\n<h2>Responsable du WP : <a title=\"Site .COM de Malek Boualem\" href=\"http:\/\/www.malek-boualem.com\" target=\"_blank\">Malek Boualem<\/a><\/h2>\n<h2>Projet : QUAERO\/MSSE (2008-2013)<\/h2>\n<\/div>\n","protected":false},"excerpt":{"rendered":"<p>CLIR dans le projet QUAERO MSSE CLIR (Cross Language Information Retrieval) : Coordination par Malek Boualem de la conception et la mise en oeuvre d\u2019une fonctionalit\u00e9 de recherche d\u2019information multimedia cross-lingue. Cette fonctionnalit\u00e9 a \u00e9t\u00e9 int\u00e9gr\u00e9e \u00e0 un moteur de recherche de vid\u00e9os mis en \u0153uvre dans le cadre du projet QUAERO\/MSSE. Elle permet, via [&hellip;]<\/p>\n","protected":false},"author":2,"featured_media":0,"parent":71,"menu_order":0,"comment_status":"closed","ping_status":"closed","template":"","meta":{"footnotes":""},"class_list":["post-75","page","type-page","status-publish","hentry"],"_links":{"self":[{"href":"https:\/\/www.malek-boualem.fr\/com\/wp-json\/wp\/v2\/pages\/75","targetHints":{"allow":["GET"]}}],"collection":[{"href":"https:\/\/www.malek-boualem.fr\/com\/wp-json\/wp\/v2\/pages"}],"about":[{"href":"https:\/\/www.malek-boualem.fr\/com\/wp-json\/wp\/v2\/types\/page"}],"author":[{"embeddable":true,"href":"https:\/\/www.malek-boualem.fr\/com\/wp-json\/wp\/v2\/users\/2"}],"replies":[{"embeddable":true,"href":"https:\/\/www.malek-boualem.fr\/com\/wp-json\/wp\/v2\/comments?post=75"}],"version-history":[{"count":0,"href":"https:\/\/www.malek-boualem.fr\/com\/wp-json\/wp\/v2\/pages\/75\/revisions"}],"up":[{"embeddable":true,"href":"https:\/\/www.malek-boualem.fr\/com\/wp-json\/wp\/v2\/pages\/71"}],"wp:attachment":[{"href":"https:\/\/www.malek-boualem.fr\/com\/wp-json\/wp\/v2\/media?parent=75"}],"curies":[{"name":"wp","href":"https:\/\/api.w.org\/{rel}","templated":true}]}}