{"id":76,"date":"2013-04-12T11:33:51","date_gmt":"2013-04-12T10:33:51","guid":{"rendered":"http:\/\/www.malek-boualem.fr\/com\/?page_id=76"},"modified":"2015-05-05T14:03:45","modified_gmt":"2015-05-05T13:03:45","slug":"depoilement-de-labregeur-sur-lintranet-de-ft","status":"publish","type":"page","link":"https:\/\/www.malek-boualem.fr\/com\/realisations-marquantes\/depoilement-de-labregeur-sur-lintranet-de-ft\/","title":{"rendered":"D\u00e9poilement de l\u2019abr\u00e9geur sur l\u2019intranet de FT"},"content":{"rendered":"<header>\n<h1>D\u00e9poilement de l\u2019abr\u00e9geur sur l\u2019intranet de France Telecom<\/h1>\n<\/header>\n<div>\n<h3>Coordination par <a title=\"Site .COM de Malek Boualem\" href=\"http:\/\/www.malek-boualem.com\" target=\"_blank\">Malek Boualem<\/a> du d\u00e9ploiement de l\u2019abr\u00e9geur sur le portail intranet France d&rsquo;Orange France Telecom<\/h3>\n<h3>Coordination du d\u00e9ploiement du logiciel de r\u00e9sum\u00e9 automatique et d\u2019extraction des mots-cl\u00e9s sur le portail intranet France du groupe Orange France Telecom (d\u00e9cembre 2007).<\/h3>\n<\/div>\n","protected":false},"excerpt":{"rendered":"<p>D\u00e9poilement de l\u2019abr\u00e9geur sur l\u2019intranet de France Telecom Coordination par Malek Boualem du d\u00e9ploiement de l\u2019abr\u00e9geur sur le portail intranet France d&rsquo;Orange France Telecom Coordination du d\u00e9ploiement du logiciel de r\u00e9sum\u00e9 automatique et d\u2019extraction des mots-cl\u00e9s sur le portail intranet France du groupe Orange France Telecom (d\u00e9cembre 2007).<\/p>\n","protected":false},"author":2,"featured_media":0,"parent":71,"menu_order":0,"comment_status":"closed","ping_status":"closed","template":"","meta":{"footnotes":""},"class_list":["post-76","page","type-page","status-publish","hentry"],"_links":{"self":[{"href":"https:\/\/www.malek-boualem.fr\/com\/wp-json\/wp\/v2\/pages\/76","targetHints":{"allow":["GET"]}}],"collection":[{"href":"https:\/\/www.malek-boualem.fr\/com\/wp-json\/wp\/v2\/pages"}],"about":[{"href":"https:\/\/www.malek-boualem.fr\/com\/wp-json\/wp\/v2\/types\/page"}],"author":[{"embeddable":true,"href":"https:\/\/www.malek-boualem.fr\/com\/wp-json\/wp\/v2\/users\/2"}],"replies":[{"embeddable":true,"href":"https:\/\/www.malek-boualem.fr\/com\/wp-json\/wp\/v2\/comments?post=76"}],"version-history":[{"count":0,"href":"https:\/\/www.malek-boualem.fr\/com\/wp-json\/wp\/v2\/pages\/76\/revisions"}],"up":[{"embeddable":true,"href":"https:\/\/www.malek-boualem.fr\/com\/wp-json\/wp\/v2\/pages\/71"}],"wp:attachment":[{"href":"https:\/\/www.malek-boualem.fr\/com\/wp-json\/wp\/v2\/media?parent=76"}],"curies":[{"name":"wp","href":"https:\/\/api.w.org\/{rel}","templated":true}]}}