{"id":105,"date":"2013-03-24T17:02:53","date_gmt":"2013-03-24T16:02:53","guid":{"rendered":"http:\/\/www.malek-boualem.fr\/info\/?page_id=105"},"modified":"2013-04-19T15:11:58","modified_gmt":"2013-04-19T14:11:58","slug":"eurescom-project","status":"publish","type":"page","link":"https:\/\/www.malek-boualem.fr\/info\/brochures-eurescom\/eurescom-project\/","title":{"rendered":"Eurescom MUST project"},"content":{"rendered":"<h3 dir=\"ltr\" data-font-name=\"g_font_p0_2\" data-canvas-width=\"230.51488259925844\">Eurescom MUST project, multimodal, multilingual information services for small mobile terminals<\/h3>\n<p>Conf\u00e9rence TALN 2002, workshop NLP techniques for speech analysis, Nancy, France, 24-27 juin 2002.<\/p>\n<h5 dir=\"ltr\" data-font-name=\"g_font_p0_3\" data-canvas-width=\"172.526125920105\"><a title=\"Site .INFO de Malek Boualem\" href=\"http:\/\/www.malek-boualem.info\" target=\"_blank\">Malek Boualem<\/a> (1), Luis Almeida (2), Ingunn Amdal (3), Nuno Beires (2), Lou Boves (4), Els den Os (5), Pascal Filoche (1), Rui Gomes (2), Jan Eikeset Knudsen (3), Knut Kvale (3), John Rugelbak (3), Claude Tallec (1), Narada Warakagoda (3)<\/h5>\n<div dir=\"ltr\" data-font-name=\"g_font_p0_3\" data-canvas-width=\"172.526125920105\">(1) France Telecom R&amp;D<\/div>\n<div dir=\"ltr\" data-font-name=\"g_font_p0_3\" data-canvas-width=\"172.526125920105\">\n<div dir=\"ltr\" data-font-name=\"g_font_p0_3\" data-canvas-width=\"556.4696486312864\">(2) Portugal Telecom Inova\u00e7\u00e3o<\/div>\n<div dir=\"ltr\" data-font-name=\"g_font_p0_3\" data-canvas-width=\"556.4696486312864\">(3) Telenor R&amp;D<\/div>\n<div dir=\"ltr\" data-font-name=\"g_font_p0_3\" data-canvas-width=\"556.4696486312864\">(4) University of Nijmegen,<\/div>\n<div dir=\"ltr\" data-font-name=\"g_font_p0_3\" data-canvas-width=\"327.72872628936784\">(5) Max Planck Institute for Psycholinguistics<\/div>\n<div dir=\"ltr\" data-font-name=\"g_font_p0_3\" data-canvas-width=\"327.72872628936784\"><\/div>\n<h3 dir=\"ltr\" data-font-name=\"g_font_p0_3\" data-canvas-width=\"327.72872628936784\">Abstract<\/h3>\n<div dir=\"ltr\" data-font-name=\"g_font_p0_3\" data-canvas-width=\"327.72872628936784\">\n<div dir=\"ltr\" data-font-name=\"g_font_p0_3\" data-canvas-width=\"283.734111280346\">MUST est un projet EURESCOM qui signifie \u00ab\u00a0Multimodal multilingual information services for small mobile terminals\u00a0\u00bb. Il a d\u00e9marr\u00e9 en f\u00e9vrier 2001 et se terminera en d\u00e9cembre 2002. Les partenaires sont : Eurescom (Allemagne), France T\u00e9l\u00e9com, Portugal T\u00e9l\u00e9com, Telenor (Norv\u00e8ge), Universit\u00e9 de Nim\u00e8gue, KPN et ensuite Max Plank Institute (Pays-Bas). L&rsquo;objectif du projet MUST est d&rsquo;\u00e9tudier les possibilit\u00e9s de mise en \u0153uvre de services multimodaux et multilingues sur les petits terminaux mobiles (UMTS). Un service d\u00e9monstrateur a \u00e9t\u00e9 mis en \u0153uvre. Il permet \u00e0 un touriste \u00e0 Paris, muni de son terminal UMTS (simul\u00e9 par un t\u00e9l\u00e9phone mobile et un PDA) d&rsquo;acc\u00e9der \u00e0 des informations vari\u00e9es sur Paris (h\u00f4tels, restaurants, transport, itin\u00e9raires, monuments, mus\u00e9es, etc.). Le service int\u00e8gre l&rsquo;acc\u00e8s graphique aux points d&rsquo;int\u00e9r\u00eat sur la carte de Paris, la reconnaissance vocale, le dialogue, la recherche d&rsquo;information via un syst\u00e8me de questions-r\u00e9ponses en langage naturel, la traduction automatique de mots-cl\u00e9s et la synth\u00e8se vocale.<\/div>\n<div dir=\"ltr\" data-font-name=\"g_font_p0_3\" data-canvas-width=\"283.734111280346\">\n<h3><a title=\"Site .info de Malek Boualem\" href=\"http:\/\/www.malek-boualem.info\" target=\"_blank\">Malek Boualem<\/a><\/h3>\n<\/div>\n<div dir=\"ltr\" data-font-name=\"g_font_p0_2\" data-canvas-width=\"3.759999990463257\"><\/div>\n<\/div>\n<\/div>\n","protected":false},"excerpt":{"rendered":"<p>Eurescom MUST project, multimodal, multilingual information services for small mobile terminals Conf\u00e9rence TALN 2002, workshop NLP techniques for speech analysis, Nancy, France, 24-27 juin 2002. Malek Boualem (1), Luis Almeida (2), Ingunn Amdal (3), Nuno Beires (2), Lou Boves (4), Els den Os (5), Pascal Filoche (1), Rui Gomes (2), Jan Eikeset Knudsen (3), Knut [&hellip;]<\/p>\n","protected":false},"author":2,"featured_media":0,"parent":11,"menu_order":0,"comment_status":"closed","ping_status":"closed","template":"","meta":{"footnotes":""},"class_list":["post-105","page","type-page","status-publish","hentry"],"_links":{"self":[{"href":"https:\/\/www.malek-boualem.fr\/info\/wp-json\/wp\/v2\/pages\/105","targetHints":{"allow":["GET"]}}],"collection":[{"href":"https:\/\/www.malek-boualem.fr\/info\/wp-json\/wp\/v2\/pages"}],"about":[{"href":"https:\/\/www.malek-boualem.fr\/info\/wp-json\/wp\/v2\/types\/page"}],"author":[{"embeddable":true,"href":"https:\/\/www.malek-boualem.fr\/info\/wp-json\/wp\/v2\/users\/2"}],"replies":[{"embeddable":true,"href":"https:\/\/www.malek-boualem.fr\/info\/wp-json\/wp\/v2\/comments?post=105"}],"version-history":[{"count":0,"href":"https:\/\/www.malek-boualem.fr\/info\/wp-json\/wp\/v2\/pages\/105\/revisions"}],"up":[{"embeddable":true,"href":"https:\/\/www.malek-boualem.fr\/info\/wp-json\/wp\/v2\/pages\/11"}],"wp:attachment":[{"href":"https:\/\/www.malek-boualem.fr\/info\/wp-json\/wp\/v2\/media?parent=105"}],"curies":[{"name":"wp","href":"https:\/\/api.w.org\/{rel}","templated":true}]}}