{"id":13,"date":"2013-03-21T14:00:44","date_gmt":"2013-03-21T13:00:44","guid":{"rendered":"http:\/\/www.malek-boualem.fr\/info\/?page_id=13"},"modified":"2013-04-19T15:12:24","modified_gmt":"2013-04-19T14:12:24","slug":"rapport-babelweb","status":"publish","type":"page","link":"https:\/\/www.malek-boualem.fr\/info\/brochures-eurescom\/rapport-babelweb\/","title":{"rendered":"Rapport BabelWeb"},"content":{"rendered":"<h2>EURESCOM Project BabelWeb<br \/>\nMultilingual Web Sites: Best Practice Guidelines and Architectures<\/h2>\n<h2><a href=\"http:\/\/www.malek-boualem.fr\/info\/wp-content\/uploads\/sites\/2\/2013\/03\/Babelweb-MultilingualComputingTechnology.pdf\" target=\"_blank\">Babelweb-MultilingualComputingTechnology<\/a><\/h2>\n<h2>Summary of the paper :<\/h2>\n<div dir=\"ltr\" data-font-name=\"Helvetica\" data-canvas-width=\"139.99985552832126\">While the importance of the World Wide Web as a source of information and a vehicle for doing business is rapidly increasing, so is the need to make web services multilingual. Since all major telecommunication network operators aspire a role as Internet Service Provider (ISP) or Application Service Provider (ASP), it is clear that they invest resources in research and development in the field of multilingual web services. Because of the multilingual character of the research companies try and organize the work in an international framework. Such a framework is provid ed by EURESCOM, the European Institute for Research and Strategic Studies in Telecommunications. EURESCOM is devoted to collaborative R&amp;D in telecommunications. It works as a virtual company using the resources of the shareholders (i.e., the former national Telecommunication companies) to perform high-impact research projects. The project BabelWeb was a collaboration of five companies, viz . BT Research, Portugal Telecom Inova\u00e7\u00e3o, CSELT (today TILab, the research company of Telecom Italia), France T\u00e9l\u00e9com R&amp;D, and KPN Research, that acted as project coordinator. In today\u2019s market the Telecommunication companies need knowledge of and technology for the development of multilingual web services for several reasons. All companies seeing their traditional home market develop into a multilingual and multicultural environment because of massive migration. Thus, they need to offer their own services in multiple languages. In addition, all Telecommunication companies are trying to acquire a position as ISP, developing and hosting web services for other companies that are active in a global market.<\/div>\n<div dir=\"ltr\" data-font-name=\"Helvetica\" data-canvas-width=\"139.99985552832126\">\n<h3><a title=\"Site .info de Malek Boualem\" href=\"http:\/\/www.malek-boualem.info\" target=\"_blank\">Malek Boualem<\/a><\/h3>\n<\/div>\n","protected":false},"excerpt":{"rendered":"<p>EURESCOM Project BabelWeb Multilingual Web Sites: Best Practice Guidelines and Architectures Babelweb-MultilingualComputingTechnology Summary of the paper : While the importance of the World Wide Web as a source of information and a vehicle for doing business is rapidly increasing, so is the need to make web services multilingual. Since all major telecommunication network operators aspire [&hellip;]<\/p>\n","protected":false},"author":2,"featured_media":0,"parent":11,"menu_order":0,"comment_status":"closed","ping_status":"closed","template":"","meta":{"footnotes":""},"class_list":["post-13","page","type-page","status-publish","hentry"],"_links":{"self":[{"href":"https:\/\/www.malek-boualem.fr\/info\/wp-json\/wp\/v2\/pages\/13","targetHints":{"allow":["GET"]}}],"collection":[{"href":"https:\/\/www.malek-boualem.fr\/info\/wp-json\/wp\/v2\/pages"}],"about":[{"href":"https:\/\/www.malek-boualem.fr\/info\/wp-json\/wp\/v2\/types\/page"}],"author":[{"embeddable":true,"href":"https:\/\/www.malek-boualem.fr\/info\/wp-json\/wp\/v2\/users\/2"}],"replies":[{"embeddable":true,"href":"https:\/\/www.malek-boualem.fr\/info\/wp-json\/wp\/v2\/comments?post=13"}],"version-history":[{"count":0,"href":"https:\/\/www.malek-boualem.fr\/info\/wp-json\/wp\/v2\/pages\/13\/revisions"}],"up":[{"embeddable":true,"href":"https:\/\/www.malek-boualem.fr\/info\/wp-json\/wp\/v2\/pages\/11"}],"wp:attachment":[{"href":"https:\/\/www.malek-boualem.fr\/info\/wp-json\/wp\/v2\/media?parent=13"}],"curies":[{"name":"wp","href":"https:\/\/api.w.org\/{rel}","templated":true}]}}