{"id":134,"date":"2013-05-01T18:48:42","date_gmt":"2013-05-01T17:48:42","guid":{"rendered":"http:\/\/www.malek-boualem.fr\/info\/?page_id=134"},"modified":"2015-02-01T11:39:56","modified_gmt":"2015-02-01T10:39:56","slug":"te-vers-multipolis","status":"publish","type":"page","link":"https:\/\/www.malek-boualem.fr\/info\/edition-de-textes-multilingues\/te-vers-multipolis\/","title":{"rendered":"TE vers Multipolis"},"content":{"rendered":"<h3><span style=\"color: #ff9900;\"><strong>TE<\/strong> <\/span>(Text Editor) est un \u00e9diteur de textes multilingues d\u00e9velopp\u00e9 \u00e0 l&rsquo;INRIA Sophia Antipolis \u00e0 la fin des ann\u00e9es 80. J&rsquo;avais contribu\u00e9 notamment \u00e0 l&rsquo;enrichissement du module d&rsquo;analyse de contexte qui permet d&rsquo;afficher les bonnes variantes graphiques des caract\u00e8res en fonction de leur position dans le mot.<\/h3>\n<h3>Au d\u00e9but des ann\u00e9es 90, TE a \u00e9t\u00e9 transf\u00e9r\u00e9 \u00e0 un industriel dans la r\u00e9gion PACA en France qui avait comme ambition d&rsquo;en faire un logiciel de traitement de textes multilingues wysiwyg (<span style=\"color: #ff9900;\"><strong>Multipolis<\/strong><\/span>). A l&rsquo;\u00e9poque il n&rsquo;existait pas encore de logiciels de traitement de textes multilingues <span style=\"color: #ff9900;\">wysiwyg<\/span> m\u00eame chez <span style=\"color: #ff9900;\">Microsoft <span style=\"color: #000000;\">!<\/span> <\/span>J&rsquo;avais \u00e9galement contribu\u00e9 au d\u00e9veloppement de <span style=\"color: #ff9900;\">Multipolis<\/span>.<\/h3>\n<h3>Malheureusement, le logiciel <span style=\"color: #ff9900;\">Multipolis<\/span> n&rsquo;a jamais vu le jour &#8230;<\/h3>\n<h2><a title=\"Site .INFO de Malek Boualem\" href=\"http:\/\/www.malek-boualem.info\" target=\"_blank\">Malek Boualem<\/a><\/h2>\n","protected":false},"excerpt":{"rendered":"<p>TE (Text Editor) est un \u00e9diteur de textes multilingues d\u00e9velopp\u00e9 \u00e0 l&rsquo;INRIA Sophia Antipolis \u00e0 la fin des ann\u00e9es 80. J&rsquo;avais contribu\u00e9 notamment \u00e0 l&rsquo;enrichissement du module d&rsquo;analyse de contexte qui permet d&rsquo;afficher les bonnes variantes graphiques des caract\u00e8res en fonction de leur position dans le mot. Au d\u00e9but des ann\u00e9es 90, TE a \u00e9t\u00e9 [&hellip;]<\/p>\n","protected":false},"author":2,"featured_media":0,"parent":31,"menu_order":0,"comment_status":"closed","ping_status":"closed","template":"","meta":{"footnotes":""},"class_list":["post-134","page","type-page","status-publish","hentry"],"_links":{"self":[{"href":"https:\/\/www.malek-boualem.fr\/info\/wp-json\/wp\/v2\/pages\/134","targetHints":{"allow":["GET"]}}],"collection":[{"href":"https:\/\/www.malek-boualem.fr\/info\/wp-json\/wp\/v2\/pages"}],"about":[{"href":"https:\/\/www.malek-boualem.fr\/info\/wp-json\/wp\/v2\/types\/page"}],"author":[{"embeddable":true,"href":"https:\/\/www.malek-boualem.fr\/info\/wp-json\/wp\/v2\/users\/2"}],"replies":[{"embeddable":true,"href":"https:\/\/www.malek-boualem.fr\/info\/wp-json\/wp\/v2\/comments?post=134"}],"version-history":[{"count":0,"href":"https:\/\/www.malek-boualem.fr\/info\/wp-json\/wp\/v2\/pages\/134\/revisions"}],"up":[{"embeddable":true,"href":"https:\/\/www.malek-boualem.fr\/info\/wp-json\/wp\/v2\/pages\/31"}],"wp:attachment":[{"href":"https:\/\/www.malek-boualem.fr\/info\/wp-json\/wp\/v2\/media?parent=134"}],"curies":[{"name":"wp","href":"https:\/\/api.w.org\/{rel}","templated":true}]}}