{"id":139,"date":"2013-05-02T11:46:29","date_gmt":"2013-05-02T10:46:29","guid":{"rendered":"http:\/\/www.malek-boualem.fr\/info\/?page_id=139"},"modified":"2013-05-02T11:49:32","modified_gmt":"2013-05-02T10:49:32","slug":"christian-boitet","status":"publish","type":"page","link":"https:\/\/www.malek-boualem.fr\/info\/traduction-automatique\/acteurs-de-la-ta\/christian-boitet\/","title":{"rendered":"Christian Boitet"},"content":{"rendered":"<p><strong>Christian Boitet<\/strong> est professeur \u00e0 l&rsquo;universit\u00e9 Joseph Fourrier de Grenoble et il est l&rsquo;un des sp\u00e9cialistes mondiaux de la traduction automatique.<\/p>\n<p><a title=\"Christian Boitet\" href=\"http:\/\/www-clips.imag.fr\/geta\/christian.boitet\/\" target=\"_blank\">http:\/\/www-clips.imag.fr\/geta\/christian.boitet\/<\/a><\/p>\n","protected":false},"excerpt":{"rendered":"<p>Christian Boitet est professeur \u00e0 l&rsquo;universit\u00e9 Joseph Fourrier de Grenoble et il est l&rsquo;un des sp\u00e9cialistes mondiaux de la traduction automatique. http:\/\/www-clips.imag.fr\/geta\/christian.boitet\/<\/p>\n","protected":false},"author":2,"featured_media":0,"parent":140,"menu_order":0,"comment_status":"closed","ping_status":"closed","template":"","meta":{"footnotes":""},"class_list":["post-139","page","type-page","status-publish","hentry"],"_links":{"self":[{"href":"https:\/\/www.malek-boualem.fr\/info\/wp-json\/wp\/v2\/pages\/139","targetHints":{"allow":["GET"]}}],"collection":[{"href":"https:\/\/www.malek-boualem.fr\/info\/wp-json\/wp\/v2\/pages"}],"about":[{"href":"https:\/\/www.malek-boualem.fr\/info\/wp-json\/wp\/v2\/types\/page"}],"author":[{"embeddable":true,"href":"https:\/\/www.malek-boualem.fr\/info\/wp-json\/wp\/v2\/users\/2"}],"replies":[{"embeddable":true,"href":"https:\/\/www.malek-boualem.fr\/info\/wp-json\/wp\/v2\/comments?post=139"}],"version-history":[{"count":0,"href":"https:\/\/www.malek-boualem.fr\/info\/wp-json\/wp\/v2\/pages\/139\/revisions"}],"up":[{"embeddable":true,"href":"https:\/\/www.malek-boualem.fr\/info\/wp-json\/wp\/v2\/pages\/140"}],"wp:attachment":[{"href":"https:\/\/www.malek-boualem.fr\/info\/wp-json\/wp\/v2\/media?parent=139"}],"curies":[{"name":"wp","href":"https:\/\/api.w.org\/{rel}","templated":true}]}}