{"id":53,"date":"2013-03-22T15:11:14","date_gmt":"2013-03-22T14:11:14","guid":{"rendered":"http:\/\/www.malek-boualem.fr\/info\/?page_id=53"},"modified":"2015-05-05T19:10:42","modified_gmt":"2015-05-05T18:10:42","slug":"tal-pour-la-recherche-dinformation-en-arabe","status":"publish","type":"page","link":"https:\/\/www.malek-boualem.fr\/info\/moteur-de-recherche-arabe\/tal-pour-la-recherche-dinformation-en-arabe\/","title":{"rendered":"TAL pour la recherche d&rsquo;information en arabe"},"content":{"rendered":"<h3>Traitement automatique de la langue arabe pour la recherche d&rsquo;information<\/h3>\n<p><a title=\"Site web .info de Malek Boualem\" href=\"http:\/\/www.malek-boualem.info\" target=\"_blank\">Malek Boualem<\/a><\/p>\n<p>France Telecom R&amp;D<\/p>\n<p>Juin 2001<\/p>\n<h3><a href=\"http:\/\/www.malek-boualem.fr\/info\/wp-content\/uploads\/sites\/2\/2013\/03\/TALN_Arabe_Pour_Recherche_Information_MalekBoualem_13juin2001_22.pdf\" target=\"_blank\">TALN_Arabe_Pour_Recherche_Information_MalekBoualem_13juin2001_22<\/a><\/h3>\n<h4 dir=\"ltr\" data-font-name=\"g_font_p0_1\" data-canvas-width=\"692.9005780576294\">Contenu de la pr\u00e9sentation<\/h4>\n<div dir=\"ltr\" data-font-name=\"Helvetica\" data-canvas-width=\"39.999905127372074\">1. March\u00e9 arabe de l\u2019Internet et des t\u00e9l\u00e9communications<\/div>\n<div dir=\"ltr\" data-font-name=\"Helvetica\" data-canvas-width=\"187.99987702574603\">2. Le Web arabe<\/div>\n<div dir=\"ltr\" data-font-name=\"Helvetica\" data-canvas-width=\"372.9597246477316\">3. Annuaires et portails arabes<\/div>\n<div dir=\"ltr\" data-font-name=\"Helvetica\" data-canvas-width=\"501.9195621073921\">4. Moteurs de recherche en langue arabe<\/div>\n<div dir=\"ltr\" data-font-name=\"Helvetica\" data-canvas-width=\"63.679992269985675\">5. Probl\u00e8mes de la recherche d&rsquo;information en langue arabe<\/div>\n<div dir=\"ltr\" data-font-name=\"Helvetica\" data-canvas-width=\"201.43998976161168\">6. Caract\u00e9ristiques morphologiques et syntaxiques de la langue arabe<\/div>\n<div dir=\"ltr\" data-font-name=\"Helvetica\" data-canvas-width=\"568.6395780897805\">7. Traitement automatique du langage naturel<\/div>\n<div dir=\"ltr\" data-font-name=\"Helvetica\" data-canvas-width=\"535.9996111664816\">8. Activit\u00e9s de TALN \u00e0 France T\u00e9l\u00e9com R&amp;D<\/div>\n<div dir=\"ltr\" data-font-name=\"Helvetica\" data-canvas-width=\"535.9996111664816\">\n<h3><a title=\"Site .info de Malek Boualem\" href=\"http:\/\/www.malek-boualem.info\" target=\"_blank\">Malek Boualem<\/a><\/h3>\n<\/div>\n","protected":false},"excerpt":{"rendered":"<p>Traitement automatique de la langue arabe pour la recherche d&rsquo;information Malek Boualem France Telecom R&amp;D Juin 2001 TALN_Arabe_Pour_Recherche_Information_MalekBoualem_13juin2001_22 Contenu de la pr\u00e9sentation 1. March\u00e9 arabe de l\u2019Internet et des t\u00e9l\u00e9communications 2. Le Web arabe 3. Annuaires et portails arabes 4. Moteurs de recherche en langue arabe 5. Probl\u00e8mes de la recherche d&rsquo;information en langue arabe [&hellip;]<\/p>\n","protected":false},"author":2,"featured_media":0,"parent":51,"menu_order":0,"comment_status":"closed","ping_status":"closed","template":"","meta":{"footnotes":""},"class_list":["post-53","page","type-page","status-publish","hentry"],"_links":{"self":[{"href":"https:\/\/www.malek-boualem.fr\/info\/wp-json\/wp\/v2\/pages\/53","targetHints":{"allow":["GET"]}}],"collection":[{"href":"https:\/\/www.malek-boualem.fr\/info\/wp-json\/wp\/v2\/pages"}],"about":[{"href":"https:\/\/www.malek-boualem.fr\/info\/wp-json\/wp\/v2\/types\/page"}],"author":[{"embeddable":true,"href":"https:\/\/www.malek-boualem.fr\/info\/wp-json\/wp\/v2\/users\/2"}],"replies":[{"embeddable":true,"href":"https:\/\/www.malek-boualem.fr\/info\/wp-json\/wp\/v2\/comments?post=53"}],"version-history":[{"count":0,"href":"https:\/\/www.malek-boualem.fr\/info\/wp-json\/wp\/v2\/pages\/53\/revisions"}],"up":[{"embeddable":true,"href":"https:\/\/www.malek-boualem.fr\/info\/wp-json\/wp\/v2\/pages\/51"}],"wp:attachment":[{"href":"https:\/\/www.malek-boualem.fr\/info\/wp-json\/wp\/v2\/media?parent=53"}],"curies":[{"name":"wp","href":"https:\/\/api.w.org\/{rel}","templated":true}]}}