{"id":58,"date":"2013-03-22T15:25:02","date_gmt":"2013-03-22T14:25:02","guid":{"rendered":"http:\/\/www.malek-boualem.fr\/info\/?page_id=58"},"modified":"2015-05-05T19:09:02","modified_gmt":"2015-05-05T18:09:02","slug":"indexation-recherche-en-arabe","status":"publish","type":"page","link":"https:\/\/www.malek-boualem.fr\/info\/moteur-de-recherche-arabe\/indexation-recherche-en-arabe\/","title":{"rendered":"Indexation et recherche en arabe"},"content":{"rendered":"<h3>Indexation et recherche d&rsquo;information en langue arabe<\/h3>\n<p>Ramzi ABBES, ICAR-CNRS\/Lyon 2<\/p>\n<p><a title=\"Site web .info de Malek Boualem\" href=\"http:\/\/www.malek-boualem.info\" target=\"_blank\">Malek Boualem<\/a>, France T\u00e9l\u00e9com R&amp;D<\/p>\n<p>Mohamed Hassoun, ELICO\/ENSSIB<\/p>\n<p>SIIE 2008<\/p>\n<h2><a href=\"http:\/\/www.malek-boualem.fr\/info\/wp-content\/uploads\/sites\/2\/2013\/03\/AbbesBoualem_Ind-Rech-inform_arabe_04-08_vt.pdf\" target=\"_blank\">Abbes&amp;Boualem_Ind-Rech-inform_arabe_04-08_vt<\/a><\/h2>\n<h3 dir=\"ltr\" data-font-name=\"g_font_p1_1\" data-canvas-width=\"95.61374136282173\">Plan<\/h3>\n<div dir=\"ltr\" data-font-name=\"Helvetica\" data-canvas-width=\"583.9998343361797\">&#8211; Moteurs de recherche &amp; Google<\/div>\n<div dir=\"ltr\" data-font-name=\"Helvetica\" data-canvas-width=\"359.83984986305234\">&#8211; \u00c9tude : c\u00f4t\u00e9 requ\u00eates<\/div>\n<div dir=\"ltr\" data-font-name=\"Helvetica\" data-canvas-width=\"324.31986468315125\">&#8211; \u00c9tude : c\u00f4t\u00e9 corpus<\/div>\n<div dir=\"ltr\" data-font-name=\"Helvetica\" data-canvas-width=\"590.8798314656201\">&#8211; Importance des outils linguistiques<\/div>\n<div dir=\"ltr\" data-font-name=\"Helvetica\" data-canvas-width=\"517.4397841072083\">&#8211; Limites des outils linguistiques<\/div>\n<div dir=\"ltr\" data-font-name=\"Helvetica\" data-canvas-width=\"517.4397841072083\">\n<h3><a title=\"Site .info de Malek Boualem\" href=\"http:\/\/www.malek-boualem.info\" target=\"_blank\">Malek Boualem<\/a><\/h3>\n<\/div>\n","protected":false},"excerpt":{"rendered":"<p>Indexation et recherche d&rsquo;information en langue arabe Ramzi ABBES, ICAR-CNRS\/Lyon 2 Malek Boualem, France T\u00e9l\u00e9com R&amp;D Mohamed Hassoun, ELICO\/ENSSIB SIIE 2008 Abbes&amp;Boualem_Ind-Rech-inform_arabe_04-08_vt Plan &#8211; Moteurs de recherche &amp; Google &#8211; \u00c9tude : c\u00f4t\u00e9 requ\u00eates &#8211; \u00c9tude : c\u00f4t\u00e9 corpus &#8211; Importance des outils linguistiques &#8211; Limites des outils linguistiques Malek Boualem<\/p>\n","protected":false},"author":2,"featured_media":0,"parent":51,"menu_order":0,"comment_status":"closed","ping_status":"closed","template":"","meta":{"footnotes":""},"class_list":["post-58","page","type-page","status-publish","hentry"],"_links":{"self":[{"href":"https:\/\/www.malek-boualem.fr\/info\/wp-json\/wp\/v2\/pages\/58","targetHints":{"allow":["GET"]}}],"collection":[{"href":"https:\/\/www.malek-boualem.fr\/info\/wp-json\/wp\/v2\/pages"}],"about":[{"href":"https:\/\/www.malek-boualem.fr\/info\/wp-json\/wp\/v2\/types\/page"}],"author":[{"embeddable":true,"href":"https:\/\/www.malek-boualem.fr\/info\/wp-json\/wp\/v2\/users\/2"}],"replies":[{"embeddable":true,"href":"https:\/\/www.malek-boualem.fr\/info\/wp-json\/wp\/v2\/comments?post=58"}],"version-history":[{"count":0,"href":"https:\/\/www.malek-boualem.fr\/info\/wp-json\/wp\/v2\/pages\/58\/revisions"}],"up":[{"embeddable":true,"href":"https:\/\/www.malek-boualem.fr\/info\/wp-json\/wp\/v2\/pages\/51"}],"wp:attachment":[{"href":"https:\/\/www.malek-boualem.fr\/info\/wp-json\/wp\/v2\/media?parent=58"}],"curies":[{"name":"wp","href":"https:\/\/api.w.org\/{rel}","templated":true}]}}