{"id":69,"date":"2013-03-22T15:54:01","date_gmt":"2013-03-22T14:54:01","guid":{"rendered":"http:\/\/www.malek-boualem.fr\/info\/?page_id=69"},"modified":"2015-05-05T19:13:52","modified_gmt":"2015-05-05T18:13:52","slug":"tilt","status":"publish","type":"page","link":"https:\/\/www.malek-boualem.fr\/info\/taln\/tilt\/","title":{"rendered":"TiLT"},"content":{"rendered":"<p>Article dans le revue TAL :<\/p>\n<p>J.Heinecke, G.Smits, C.Chardenon, E.G. De Neef, E.Maillebuau, <a title=\"Malek Boualem\" href=\"http:\/\/www.malek-boualem.info\" target=\"_blank\">M.Boualem<\/a><\/p>\n<h3>\u201c<a title=\"TiLT\" href=\"http:\/\/www.atala.org\/IMG\/pdf\/TAL-2008-49-2-01-Heinecke.pdf\" target=\"_blank\">TiLT : une plateforme pour le traitement automatique du langage naturel<\/a>\u201d<\/h3>\n<p>Revue TAL, Volume 49, no 2\/2008.<\/p>\n<h3 dir=\"ltr\" data-font-name=\"g_font_p0_19\" data-canvas-width=\"38.47678034669738\">R\u00c9SUM\u00c9<\/h3>\n<div dir=\"ltr\" data-font-name=\"g_font_p0_4\" data-canvas-width=\"444.74376072106327\">Cet article d\u00e9crit une plate-forme de TALN, modulaire et multilingue, enrichie d\u2019un syst\u00e8me de contr\u00f4le bas\u00e9 sur l\u2019aide multicrit\u00e8re \u00e0 la d\u00e9cision. La pr\u00e9sentation est compl\u00e9t\u00e9e par une description des donn\u00e9es linguistiques utilis\u00e9es ainsi que des applications bas\u00e9es sur cette technologie.France T\u00e9l\u00e9com m\u00e8ne des activit\u00e9s de R&amp;D sur le traitement automatique des langues depuis pr\u00e8s de deux d\u00e9cennies. Les travaux sur le traitement du langage naturel \u00e9crit sont men\u00e9s notamment au sein de l\u2019\u00e9quipe Langues Naturelles de Orange Labs. Compte tenu de la dimension internationale de France T\u00e9l\u00e9com et de la popularisation, de plus en plus croissante, des moyens de communication, faciliter le traitement et l\u2019acc\u00e8s \u00e0 l\u2019information dans un grand nombre de langues rev\u00eat un int\u00e9r\u00eat particulier dans les activit\u00e9s de R&amp;D. Les solutions li\u00e9es au traitement automatique des langues naturelles sont ainsi mises \u00e0 la disposition des utilisateurs (acc\u00e8s aux annuaires et aux bases de donn\u00e9es, recherche d\u2019information, etc.). Pour r\u00e9pondre aux besoins en mati\u00e8re d\u2019acc\u00e8s \u00e0 l\u2019information, une plate-forme industrielle de TALN, baptis\u00e9e TiLT (traitement linguistique des textes), a \u00e9t\u00e9 mise en place \u00e0 Orange Labs. Cet article est orient\u00e9 vers une approche descriptive de TiLT qui tente d\u2019en souligner un certain nombre de caract\u00e9ristiques li\u00e9es aux probl\u00e9matiques architecturales et m\u00e9thodologiques. Il est \u00e0 noter que cette description concerne essentiellement l\u2019analyse linguistique et n\u2019aborde que tr\u00e8s sobrement la g\u00e9n\u00e9ration. Apr\u00e8s avoir pr\u00e9sent\u00e9 les choix architecturaux, les diff\u00e9rents modules de la plate-forme et les ressources linguistiques n\u00e9cessaires \u00e0 son fonctionnement, nous nous int\u00e9ressons \u00e0 l\u2019interop\u00e9rabilit\u00e9 des diff\u00e9rents composants \u00e0 travers le prisme du contr\u00f4le des processus d\u2019analyse linguistique r\u00e9alisables par la plate-forme. Enfin, nous terminons par une pr\u00e9sentation des applications op\u00e9rationnelles utilisant TiLT.<\/div>\n<h4 dir=\"ltr\" data-font-name=\"g_font_p0_19\" data-canvas-width=\"54.841964834417865\">MOTS-CL\u00c9S<\/h4>\n<div dir=\"ltr\" data-font-name=\"g_font_p0_19\" data-canvas-width=\"267.61715997561265\">Bo\u00eete \u00e0 outils TALN, architecture modulaire et symbolique, analyse lexicale, syntaxique et s\u00e9mantique, ontologies, multilinguisme, aide multicrit\u00e8re \u00e0 la d\u00e9cision, ressources linguistiques riches, ind\u00e9pendance donn\u00e9es\/traitements.<\/div>\n<div dir=\"ltr\" data-font-name=\"g_font_p0_19\" data-canvas-width=\"267.61715997561265\">\n<h3><a title=\"Site .info de Malek Boualem\" href=\"http:\/\/www.malek-boualem.info\" target=\"_blank\">Malek Boualem<\/a><\/h3>\n<\/div>\n","protected":false},"excerpt":{"rendered":"<p>Article dans le revue TAL : J.Heinecke, G.Smits, C.Chardenon, E.G. De Neef, E.Maillebuau, M.Boualem \u201cTiLT : une plateforme pour le traitement automatique du langage naturel\u201d Revue TAL, Volume 49, no 2\/2008. R\u00c9SUM\u00c9 Cet article d\u00e9crit une plate-forme de TALN, modulaire et multilingue, enrichie d\u2019un syst\u00e8me de contr\u00f4le bas\u00e9 sur l\u2019aide multicrit\u00e8re \u00e0 la d\u00e9cision. La [&hellip;]<\/p>\n","protected":false},"author":2,"featured_media":0,"parent":68,"menu_order":0,"comment_status":"closed","ping_status":"closed","template":"","meta":{"footnotes":""},"class_list":["post-69","page","type-page","status-publish","hentry"],"_links":{"self":[{"href":"https:\/\/www.malek-boualem.fr\/info\/wp-json\/wp\/v2\/pages\/69","targetHints":{"allow":["GET"]}}],"collection":[{"href":"https:\/\/www.malek-boualem.fr\/info\/wp-json\/wp\/v2\/pages"}],"about":[{"href":"https:\/\/www.malek-boualem.fr\/info\/wp-json\/wp\/v2\/types\/page"}],"author":[{"embeddable":true,"href":"https:\/\/www.malek-boualem.fr\/info\/wp-json\/wp\/v2\/users\/2"}],"replies":[{"embeddable":true,"href":"https:\/\/www.malek-boualem.fr\/info\/wp-json\/wp\/v2\/comments?post=69"}],"version-history":[{"count":0,"href":"https:\/\/www.malek-boualem.fr\/info\/wp-json\/wp\/v2\/pages\/69\/revisions"}],"up":[{"embeddable":true,"href":"https:\/\/www.malek-boualem.fr\/info\/wp-json\/wp\/v2\/pages\/68"}],"wp:attachment":[{"href":"https:\/\/www.malek-boualem.fr\/info\/wp-json\/wp\/v2\/media?parent=69"}],"curies":[{"name":"wp","href":"https:\/\/api.w.org\/{rel}","templated":true}]}}