{"id":89,"date":"2013-03-24T16:26:24","date_gmt":"2013-03-24T15:26:24","guid":{"rendered":"http:\/\/www.malek-boualem.fr\/info\/?page_id=89"},"modified":"2015-01-17T18:52:52","modified_gmt":"2015-01-17T17:52:52","slug":"langues-a-ideogrammes","status":"publish","type":"page","link":"https:\/\/www.malek-boualem.fr\/info\/langues-a-ideogrammes\/","title":{"rendered":"Langues \u00e0 id\u00e9ogrammes"},"content":{"rendered":"<h2>Cette section pr\u00e9sente mes travaux de recherche sur les langues \u00e0 base d&rsquo;id\u00e9ogrammes (chinois et japonais).<\/h2>\n<h2><a title=\"Site .INFO de Malek Boualem\" href=\"http:\/\/www.malek-boualem.info\" target=\"_blank\">Malek Boualem<\/a><\/h2>\n","protected":false},"excerpt":{"rendered":"<p>Cette section pr\u00e9sente mes travaux de recherche sur les langues \u00e0 base d&rsquo;id\u00e9ogrammes (chinois et japonais). Malek Boualem<\/p>\n","protected":false},"author":2,"featured_media":0,"parent":0,"menu_order":0,"comment_status":"closed","ping_status":"closed","template":"","meta":{"footnotes":""},"class_list":["post-89","page","type-page","status-publish","hentry"],"_links":{"self":[{"href":"https:\/\/www.malek-boualem.fr\/info\/wp-json\/wp\/v2\/pages\/89","targetHints":{"allow":["GET"]}}],"collection":[{"href":"https:\/\/www.malek-boualem.fr\/info\/wp-json\/wp\/v2\/pages"}],"about":[{"href":"https:\/\/www.malek-boualem.fr\/info\/wp-json\/wp\/v2\/types\/page"}],"author":[{"embeddable":true,"href":"https:\/\/www.malek-boualem.fr\/info\/wp-json\/wp\/v2\/users\/2"}],"replies":[{"embeddable":true,"href":"https:\/\/www.malek-boualem.fr\/info\/wp-json\/wp\/v2\/comments?post=89"}],"version-history":[{"count":0,"href":"https:\/\/www.malek-boualem.fr\/info\/wp-json\/wp\/v2\/pages\/89\/revisions"}],"wp:attachment":[{"href":"https:\/\/www.malek-boualem.fr\/info\/wp-json\/wp\/v2\/media?parent=89"}],"curies":[{"name":"wp","href":"https:\/\/api.w.org\/{rel}","templated":true}]}}