{"id":107,"date":"2015-05-05T19:46:01","date_gmt":"2015-05-05T18:46:01","guid":{"rendered":"http:\/\/www.malek-boualem.fr\/net\/?page_id=107"},"modified":"2015-05-05T19:46:01","modified_gmt":"2015-05-05T18:46:01","slug":"mon-guitariste-prefere","status":"publish","type":"page","link":"https:\/\/www.malek-boualem.fr\/net\/divers\/mon-guitariste-prefere\/","title":{"rendered":"Mon guitariste pr\u00e9f\u00e9r\u00e9"},"content":{"rendered":"<div id=\"inside\">\n<div id=\"content\">\n<div class=\"post\">\n<h2>Mon guitariste pr\u00e9f\u00e9r\u00e9<\/h2>\n<div class=\"entry\">\n<h2>\u00a0Alex Fox :<\/h2>\n<h2><a title=\"Alex Fox\" href=\"http:\/\/www.alexfox.com\/\" target=\"_blank\">http:\/\/www.alexfox.com\/<\/a><\/h2>\n<\/div>\n<\/div>\n<\/div>\n<\/div>\n","protected":false},"excerpt":{"rendered":"<p>Mon guitariste pr\u00e9f\u00e9r\u00e9 \u00a0Alex Fox : http:\/\/www.alexfox.com\/<\/p>\n","protected":false},"author":2,"featured_media":0,"parent":17,"menu_order":0,"comment_status":"closed","ping_status":"closed","template":"","meta":{"footnotes":""},"class_list":["post-107","page","type-page","status-publish","hentry"],"_links":{"self":[{"href":"https:\/\/www.malek-boualem.fr\/net\/wp-json\/wp\/v2\/pages\/107","targetHints":{"allow":["GET"]}}],"collection":[{"href":"https:\/\/www.malek-boualem.fr\/net\/wp-json\/wp\/v2\/pages"}],"about":[{"href":"https:\/\/www.malek-boualem.fr\/net\/wp-json\/wp\/v2\/types\/page"}],"author":[{"embeddable":true,"href":"https:\/\/www.malek-boualem.fr\/net\/wp-json\/wp\/v2\/users\/2"}],"replies":[{"embeddable":true,"href":"https:\/\/www.malek-boualem.fr\/net\/wp-json\/wp\/v2\/comments?post=107"}],"version-history":[{"count":0,"href":"https:\/\/www.malek-boualem.fr\/net\/wp-json\/wp\/v2\/pages\/107\/revisions"}],"up":[{"embeddable":true,"href":"https:\/\/www.malek-boualem.fr\/net\/wp-json\/wp\/v2\/pages\/17"}],"wp:attachment":[{"href":"https:\/\/www.malek-boualem.fr\/net\/wp-json\/wp\/v2\/media?parent=107"}],"curies":[{"name":"wp","href":"https:\/\/api.w.org\/{rel}","templated":true}]}}