{"id":20,"date":"2013-03-31T15:51:16","date_gmt":"2013-03-31T14:51:16","guid":{"rendered":"http:\/\/www.malek-boualem.fr\/net\/?page_id=20"},"modified":"2013-04-23T15:25:34","modified_gmt":"2013-04-23T14:25:34","slug":"quelques-proverbes","status":"publish","type":"page","link":"https:\/\/www.malek-boualem.fr\/net\/quelques-proverbes\/","title":{"rendered":"Proverbes et pseudo-proverbes"},"content":{"rendered":"<p><span style=\"color: #0000ff;\">Je cite ci-dessous quelques proverbes (ou assimilations de proverbes) que j&rsquo;aime bien mais je suis d\u00e9sol\u00e9 de ne pouvoir citer les sources car je ne les connais pas :<\/span><\/p>\n<p><em>La vie ne vaut rien mais rien ne vaut la vie.<\/em><\/p>\n<p><em>Il vaut mieux perdre une minute de sa vie que perdre sa vie en une minute.<\/em><\/p>\n<p><em>On sait ce qu&rsquo;on a au pr\u00e9sent mais on ne sait pas ce que l&rsquo;on aura au futur.<\/em><\/p>\n<p><em>N&rsquo;abandonne pas ce que tu as entre les mains pour aller chercher ce qu&rsquo;il y a dans le trou.<\/em><\/p>\n<p><em>La propret\u00e9 est un signe de foi.<\/em><\/p>\n<p><em>Le bonheur se m\u00e9rite.<\/em><\/p>\n<p><em>Un lion de s\u2019attrape pas avec une toile d\u2019araign\u00e9e.<\/em><\/p>\n<p><em>Travaille pour la vie comme si tu allais vivre \u00e9ternellement et travaille pour l&rsquo;au-del\u00e0 comme si tu allais mourir le lendemain.<\/em><\/p>\n<p><em>Tu pourrais aimer quelque chose qui est en r\u00e9alit\u00e9 nuisible pour toi et tu pourrais d\u00e9tester une chose qui est en r\u00e9alit\u00e9 b\u00e9n\u00e9fique pour toi (Dieu).<\/em><\/p>\n<p><em>Des gens peu nombreux pourraient battre des gens plus nombreux.<\/em><\/p>\n<p><em>Apr\u00e8s une p\u00e9riode difficile, il y a toujours une p\u00e9riode facile (Dieu).<\/em><\/p>\n<p><em>Le respect des parents est fondamental.<\/em><\/p>\n<p><em>L&rsquo;essentiel n&rsquo;est pas de marquer un but mais de gagner.<\/em><\/p>\n<p><em>Aide ceux qui sont sur terre, celui qui est au ciel t&rsquo;aidera (Proph\u00e8te Mohamed).<\/em><\/p>\n<p><em>Le paradis est sous les pieds des mamans (Proph\u00e8te Mohamed).<\/em><\/p>\n<p><em>A attendre l&rsquo;herbe qui pousse, le b\u0153uf meurt de faim.<\/em><\/p>\n<p><em>A beau mentir qui vient de loin.<\/em><\/p>\n<p><em>Abeille sans reine, ruche perdue.<\/em><\/p>\n<p><em>Quels sont les enfants qu&rsquo;un p\u00e8re aime le plus : le plus malade jusqu&rsquo;\u00e0 ce qu&rsquo;il gu\u00e9risse, le plus jeune jusqu&rsquo;\u00e0 ce qu&rsquo;il grandisse et le plus \u00e9loign\u00e9 jusqu&rsquo;\u00e0 ce qu&rsquo;il revienne <em>(Proph\u00e8te Mohamed)<\/em>.<\/em><\/p>\n<p><em>Lorsque tu bois un verre d&rsquo;eau, fais le en 3 parties en respirant un coup apr\u00e8s chaque partie (<em>(Proph\u00e8te Mohamed), <\/em>concept prouv\u00e9 scientifiquement).<\/em><\/p>\n<p><em>La premi\u00e8re personne la plus proche de toi est ta m\u00e8re, la seconde est ta m\u00e8re, la troisi\u00e8me est ta m\u00e8re, la quatri\u00e8me est ton p\u00e8re <em>(Proph\u00e8te Mohamed)<\/em>.<\/em><\/p>\n<p><em>La caravane passe et les chiens aboient.<\/em><\/p>\n<p><em>Beaucoup de gouttes font un oc\u00e9an.<\/em><\/p>\n<p><em>Ma fille me demande : c&rsquo;est quoi cette grande maison ? C&rsquo;est la Tour de Montparnasse lui r\u00e9ponds-je. Elle me dit alors : elle est haute la Tour de Ton Parnasse.<\/em><\/p>\n<p><em>Beaucoup parlent, peu font.<\/em><\/p>\n<p><em>Beaucoup savent parler, mais bien peu savent faire.<\/em><\/p>\n<p><em>Beaucoup remercier signifie secr\u00e8tement demander davantage.<\/em><\/p>\n<p><em>Lorsque tu dis du mal sur quelqu\u2019un, celui qui t\u2019\u00e9coute ne voit le mal que chez toi.<\/em><\/p>\n<p><em>Ta libert\u00e9 s&rsquo;arr\u00eate l\u00e0 o\u00f9 commence celle des autres.<\/em><\/p>\n<p><em>Vous pourriez d\u00e9tester quelque chose qui est en r\u00e9alit\u00e9 b\u00e9n\u00e9fique pour vous et vous pourriez aimer quelque chose qui est en r\u00e9alit\u00e9 nuisible pour vous (Dieu).<\/em><\/p>\n<p><em>Ne regrette rien, dis seulement : Dieu a voulu, Dieu a fait.<\/em><\/p>\n<h2><a title=\"Site .NET de Malek Boualem\" href=\"http:\/\/www.malek-boualem.net\" target=\"_blank\">Malek Boualem<\/a><\/h2>\n","protected":false},"excerpt":{"rendered":"<p>Je cite ci-dessous quelques proverbes (ou assimilations de proverbes) que j&rsquo;aime bien mais je suis d\u00e9sol\u00e9 de ne pouvoir citer les sources car je ne les connais pas : La vie ne vaut rien mais rien ne vaut la vie. Il vaut mieux perdre une minute de sa vie que perdre sa vie en une [&hellip;]<\/p>\n","protected":false},"author":2,"featured_media":0,"parent":0,"menu_order":0,"comment_status":"closed","ping_status":"closed","template":"","meta":{"footnotes":""},"class_list":["post-20","page","type-page","status-publish","hentry"],"_links":{"self":[{"href":"https:\/\/www.malek-boualem.fr\/net\/wp-json\/wp\/v2\/pages\/20","targetHints":{"allow":["GET"]}}],"collection":[{"href":"https:\/\/www.malek-boualem.fr\/net\/wp-json\/wp\/v2\/pages"}],"about":[{"href":"https:\/\/www.malek-boualem.fr\/net\/wp-json\/wp\/v2\/types\/page"}],"author":[{"embeddable":true,"href":"https:\/\/www.malek-boualem.fr\/net\/wp-json\/wp\/v2\/users\/2"}],"replies":[{"embeddable":true,"href":"https:\/\/www.malek-boualem.fr\/net\/wp-json\/wp\/v2\/comments?post=20"}],"version-history":[{"count":0,"href":"https:\/\/www.malek-boualem.fr\/net\/wp-json\/wp\/v2\/pages\/20\/revisions"}],"wp:attachment":[{"href":"https:\/\/www.malek-boualem.fr\/net\/wp-json\/wp\/v2\/media?parent=20"}],"curies":[{"name":"wp","href":"https:\/\/api.w.org\/{rel}","templated":true}]}}