{"id":23,"date":"2013-03-31T16:57:22","date_gmt":"2013-03-31T15:57:22","guid":{"rendered":"http:\/\/www.malek-boualem.fr\/net\/?page_id=23"},"modified":"2022-04-08T06:15:35","modified_gmt":"2022-04-08T05:15:35","slug":"blagues","status":"publish","type":"page","link":"https:\/\/www.malek-boualem.fr\/net\/blagues\/","title":{"rendered":"Histoires dr\u00f4les"},"content":{"rendered":"<p>&nbsp;<\/p>\n<p><span style=\"color: #0000ff;\">Voici ci-dessous quelques blagues que j&rsquo;aime bien :<\/span><\/p>\n<p>1. Toto au WC:<br \/>\n&#8211; Toto, pourquoi tu fait pipi en laissant la porte du WC ouverte ?<br \/>\n&#8211; C&rsquo;est pour qu&rsquo;on ne me voit pas \u00e0 travers le trou de la serrure.<\/p>\n<p>2. La blonde est l&rsquo;oiseau :<br \/>\n&#8211; La brune : oh regarde l&rsquo;oiseau mort !<br \/>\n&#8211; La blonde (en regardant vers le ciel) : o\u00f9 \u00e7a ? o\u00f9 \u00e7a ?<\/p>\n<p>3. Le b\u00e9b\u00e9 qui commence \u00e0 marcher :<br \/>\n&#8211; La brune : mon petit marche depuis 3 mois.<br \/>\n&#8211; La blonde : il doit \u00eatre loin maintenant !<\/p>\n<p>4. Loto :<br \/>\n&#8211; Ch\u00e9rie, j&rsquo;ai gagn\u00e9 au loto, fais tes bagages.<br \/>\n&#8211; Je prends les affaires d&rsquo;\u00e9t\u00e9 ou d&rsquo;hiver.<br \/>\n&#8211; Prends les deux et casse-toi.<\/p>\n<p>5. Nouvelles fraiches :<br \/>\n&#8211; La brune :pourquoi tu as mis le journal dans le r\u00e9frig\u00e9rateur ?<br \/>\n&#8211; La blonde : pour avoir des nouvelles fra\u00eeches !<\/p>\n<p>6. Le b\u00e9gayeur :<br \/>\nUn homme qui b\u00e9gaye demande toujours un th\u00e9 au bar car il n&rsquo;arrive pas \u00e0 prononcer le mot caf\u00e9. Un ami lui a conseill\u00e9 de commencer \u00e0 dire \u00ab\u00a0un caf\u00e9 svp, un caf\u00e9 svp, &#8230;\u00a0\u00bb bien avant qu&rsquo;il n&rsquo;arrive au bar. Le lendemain, en s&rsquo;approchant du bar, il a commenc\u00e9 \u00e0 dire \u00ab\u00a0un caf\u00e9 svp, un caf\u00e9 svp, &#8230;\u00a0\u00bb jusqu\u2019\u00e0 ce qu&rsquo;il soit arriv\u00e9 devant le barman. A ce moment l\u00e0, le barman lui demande : pardon, je n&rsquo;ai pas compris, vous voulez quoi ?<\/p>\n<p>7.La derni\u00e8re :<br \/>\nUne fille rentre de l&rsquo;\u00e9cole et dit \u00e0 ses parents : \u00ab\u00a0Vous connaissez la derni\u00e8re ?\u00a0\u00bb, \u00ab\u00a0non\u00a0\u00bb r\u00e9pondent-ils, \u00ab\u00a0c&rsquo;est quoi ?\u00a0\u00bb et elle r\u00e9pond : \u00ab\u00a0c&rsquo;est moi !\u00a0\u00bb.<\/p>\n<p>8. Un homme est au bar. Soudain il voit entrer un crocodile qui s&rsquo;installe au bar, demande un caf\u00e9, le boit, le paye et s&rsquo;en va. Tr\u00e8s boulevers\u00e9, il demande au barman : \u00ab\u00a0Vous ne trouvez pas tout cela \u00e9trange ?\u00a0\u00bb. Le barman lui r\u00e9pond : \u00ab\u00a0Oui en effet c&rsquo;est \u00e9trange, d&rsquo;habitude il prend du th\u00e9\u00a0\u00bb.<\/p>\n<p>9.Devant le miroir de v\u00e9rit\u00e9 :<br \/>\nUne brune, une rousse et une blonde se trouvent devant le miroir de v\u00e9rit\u00e9 qui fait disparaitre tout ceux qui disent un mensonge. La brune dit : \u00ab\u00a0Je pense que je suis la plus belle\u00a0\u00bb et elle disparait. La rousse dit : \u00ab\u00a0Je pense que je suis la plus intelligente\u00a0\u00bb et elle disparait. La blonde dit : \u00ab\u00a0Je pense &#8230;\u00a0\u00bb et elle disparait.<\/p>\n<p>10. Panne informatique :<br \/>\nUn client appelle le service client car l&rsquo;\u00e9cran de son ordinateur ne s&rsquo;allume pas. Le technicien lui demande de v\u00e9rifier les branchements derri\u00e8re l&rsquo;ordinateur. Le client r\u00e9pond que c&rsquo;est sombre et qu&rsquo;il ne voit rien. Le technicien lui demande d&rsquo;allumer la lumi\u00e8re. Le client r\u00e9pond qu&rsquo;il ne peut pas car il y a une panne de courant \u00e9lectrique &#8230;<\/p>\n<p>11. R\u00e9forme pour la simplification de la langue fran\u00e7aise :<br \/>\nCompte tenu du nombre de touristes et d\u2019\u00e9tudiants \u00e9trangers qui viennent en France chaque ann\u00e9e et qui se retrouvent confront\u00e9s aux sp\u00e9cificit\u00e9s de la langue fran\u00e7aise, le gouvernement a d\u00e9cid\u00e9 de simplifier la langue de Moli\u00e8re :<br \/>\n&#8211; La premi\u00e8re ann\u00e9e, les sons actuellement distribu\u00e9s entre \u201cs\u201d, \u201cz\u201d, \u201cc\u201d, \u201ck\u201d et \u201cq\u201d seront r\u00e9partis entre \u201cz\u201d et \u201ck\u201d, ze ki permettra de zupprimer beaukoup de la konfuzion aktuelle.<br \/>\n&#8211; La deuzi\u00e8me ann\u00e9e, on remplazera le \u201cph\u201d par \u201cf\u201d, ze ki aura pour effet de rakourzir un mot komme \u201cfotograf\u201d de kelke vingt pour zent.<br \/>\n&#8211; La troizi\u00e8me ann\u00e9e, des modifikazions plus draztikes zeront pozzibles, notamment ne plus redoubler les lettres ki l\u2019\u00e9taient; touz ont auzi admis le prinzip de la zuprezion des \u201ce\u201d muets, zourz \u00e9ternel de konfuzion, en efet, tou kom d\u2019autr letr muet.<br \/>\n&#8211; La katri\u00e8m an\u00e9, les gens zeront devenu r\u00e9zeptif \u00e0 d\u00e9 changements majeurs, tel ke remplazer \u201cg\u201d, zoi par \u201cch\u201d, -avek le \u201cj\u201d-, zoi par \u201ck\u201d, zelon les ka, ze ki zimplfira davantach l\u2019\u00e9kritur de touz.<br \/>\n&#8211; Duran la zinki\u00e8mm an\u00e9, le \u201cb\u201d zera remplaz\u00e9 par le \u201cp\u201d et le \u201cv\u201d zera lui auzi apandon\u00e9, au profi du \u201cf\u201d, \u00e9fidamen, on kagnera ainzi pluzieur touch zur no klafi\u00e9.<br \/>\n&#8211; Un foi ze plan de zink an achef\u00e9, l\u2019ortograf zera defenu lochik, et l\u00e9 chen pouron ze komprendr et komunik\u00e9.<\/p>\n<h2><a title=\"Site .NET de Malek Boualem\" href=\"http:\/\/www.malek-boualem.net\" target=\"_blank\" rel=\"noopener\">Malek Boualem<\/a><\/h2>\n","protected":false},"excerpt":{"rendered":"<p>&nbsp; Voici ci-dessous quelques blagues que j&rsquo;aime bien : 1. Toto au WC: &#8211; Toto, pourquoi tu fait pipi en laissant la porte du WC ouverte ? &#8211; C&rsquo;est pour qu&rsquo;on ne me voit pas \u00e0 travers le trou de la serrure. 2. La blonde est l&rsquo;oiseau : &#8211; La brune : oh regarde l&rsquo;oiseau [&hellip;]<\/p>\n","protected":false},"author":2,"featured_media":0,"parent":0,"menu_order":0,"comment_status":"closed","ping_status":"closed","template":"","meta":{"footnotes":""},"class_list":["post-23","page","type-page","status-publish","hentry"],"_links":{"self":[{"href":"https:\/\/www.malek-boualem.fr\/net\/wp-json\/wp\/v2\/pages\/23","targetHints":{"allow":["GET"]}}],"collection":[{"href":"https:\/\/www.malek-boualem.fr\/net\/wp-json\/wp\/v2\/pages"}],"about":[{"href":"https:\/\/www.malek-boualem.fr\/net\/wp-json\/wp\/v2\/types\/page"}],"author":[{"embeddable":true,"href":"https:\/\/www.malek-boualem.fr\/net\/wp-json\/wp\/v2\/users\/2"}],"replies":[{"embeddable":true,"href":"https:\/\/www.malek-boualem.fr\/net\/wp-json\/wp\/v2\/comments?post=23"}],"version-history":[{"count":0,"href":"https:\/\/www.malek-boualem.fr\/net\/wp-json\/wp\/v2\/pages\/23\/revisions"}],"wp:attachment":[{"href":"https:\/\/www.malek-boualem.fr\/net\/wp-json\/wp\/v2\/media?parent=23"}],"curies":[{"name":"wp","href":"https:\/\/api.w.org\/{rel}","templated":true}]}}