{"id":26,"date":"2013-03-31T18:06:32","date_gmt":"2013-03-31T17:06:32","guid":{"rendered":"http:\/\/www.malek-boualem.fr\/net\/?page_id=26"},"modified":"2015-05-05T19:53:24","modified_gmt":"2015-05-05T18:53:24","slug":"perfectionnisme","status":"publish","type":"page","link":"https:\/\/www.malek-boualem.fr\/net\/perfectionnisme\/","title":{"rendered":"Perfectionnisme"},"content":{"rendered":"<h2 lang=\"fr\"><span style=\"text-decoration: underline; color: #0000ff;\">Source Wikip\u00e9dia<\/span><\/h2>\n<h1 id=\"firstHeading\" lang=\"fr\">Perfectionnisme (psychologie)<\/h1>\n<p>Le <b>perfectionnisme<\/b>, en <a title=\"Psychologie\" href=\"http:\/\/fr.wikipedia.org\/wiki\/Psychologie\">psychologie<\/a><sup id=\"cite_ref-stanley-cavell_1-0\"><a href=\"http:\/\/fr.wikipedia.org\/wiki\/Perfectionnisme_%28psychologie%29#cite_note-stanley-cavell-1\">1<\/a><\/sup>, consiste \u00e0 se <a title=\"Comportement\" href=\"http:\/\/fr.wikipedia.org\/wiki\/Comportement\">comporter<\/a> comme si la <a title=\"Perfection\" href=\"http:\/\/fr.wikipedia.org\/wiki\/Perfection\">perfection<\/a> pouvait et devait \u00eatre atteinte. Sous sa forme extr\u00eame, <a title=\"Pathologie\" href=\"http:\/\/fr.wikipedia.org\/wiki\/Pathologie\">pathologique<\/a>, le perfectionnisme consid\u00e8re toute imperfection comme inacceptable.<\/p>\n<h2>Mesure et d\u00e9finition<\/h2>\n<p>Hamachek d\u00e9crit deux types de perfectionnisme. Les perfectionnistes <i>normaux<\/i> \u00ab\u00a0retirent une r\u00e9elle sensation de plaisir du travail exig\u00e9 par un effort soutenu\u00a0\u00bb, alors que les perfectionnistes <i><a title=\"N\u00e9vrose\" href=\"http:\/\/fr.wikipedia.org\/wiki\/N%C3%A9vrose\">n\u00e9vros\u00e9s<\/a><\/i> sont \u00ab\u00a0incapables d&rsquo;\u00e9prouver de la <a title=\"Satisfaction\" href=\"http:\/\/fr.wikipedia.org\/wiki\/Satisfaction\">satisfaction<\/a> parce qu&rsquo;\u00e0 leurs yeux, ce qu&rsquo;ils font ne semble jamais assez bien pour justifier une telle satisfaction<sup id=\"cite_ref-parker_2-0\"><a href=\"http:\/\/fr.wikipedia.org\/wiki\/Perfectionnisme_%28psychologie%29#cite_note-parker-2\">2<\/a><\/sup>\u00a0\u00bb. Burns de son c\u00f4t\u00e9 d\u00e9finit les perfectionnistes comme \u00ab\u00a0des gens qui s&rsquo;efforcent compulsivement et sans tr\u00eave d&rsquo;atteindre des buts irr\u00e9alistes et qui jugent de leur propre <a title=\"Valeur\" href=\"http:\/\/fr.wikipedia.org\/wiki\/Valeur\">valeur<\/a> exclusivement en termes de <a title=\"Productivit\u00e9\" href=\"http:\/\/fr.wikipedia.org\/wiki\/Productivit%C3%A9\">productivit\u00e9<\/a> et de <a title=\"Performance\" href=\"http:\/\/fr.wikipedia.org\/wiki\/Performance\">performance<\/a><sup id=\"cite_ref-parker_2-1\"><a href=\"http:\/\/fr.wikipedia.org\/wiki\/Perfectionnisme_%28psychologie%29#cite_note-parker-2\">2<\/a><\/sup>\u00a0\u00bb.<\/p>\n<p>En 1991, Hewitt et Flett ont con\u00e7u une \u00e9chelle (dite <i>PSPS<\/i> en anglais, pour <i>Perfectionistic Self-Presentation Scale<\/i>) qui \u00e9value trois strat\u00e9gies de pr\u00e9sentation de soi du perfectionniste\u00a0: afficher sa propre perfection, \u00e9viter les situations o\u00f9 l&rsquo;on pourrait appara\u00eetre imparfait, ne pas r\u00e9v\u00e9ler les situations o\u00f9 l&rsquo;on a \u00e9t\u00e9 imparfait<sup id=\"cite_ref-hewitt_3-0\"><a href=\"http:\/\/fr.wikipedia.org\/wiki\/Perfectionnisme_%28psychologie%29#cite_note-hewitt-3\">3<\/a><\/sup>.<\/p>\n<p>En 1996, Slaney a cr\u00e9\u00e9 l&rsquo;\u00e9chelle <i>Almost Perfect<\/i> (\u00ab\u00a0Presque Parfait\u00a0\u00bb), qui contient quatre variables\u00a0: Standards et Ordre, Relations, <a title=\"Anxi\u00e9t\u00e9\" href=\"http:\/\/fr.wikipedia.org\/wiki\/Anxi%C3%A9t%C3%A9\">Anxi\u00e9t\u00e9<\/a>, <a title=\"Procrastination\" href=\"http:\/\/fr.wikipedia.org\/wiki\/Procrastination\">Procrastination<\/a>. Cette \u00e9chelle permet de distinguer le perfectionnisme adapt\u00e9 du perfectionnisme m\u00e9sadapt\u00e9. Les perfectionnistes adapt\u00e9s aussi bien que m\u00e9sadapt\u00e9s obtiennent des scores \u00e9lev\u00e9s pour Standards et Ordre, cependant les perfectionnistes m\u00e9sadapt\u00e9s obtiennent \u00e9galement des scores \u00e9lev\u00e9s pour Anxi\u00e9t\u00e9 et Procrastination<sup id=\"cite_ref-slaney_4-0\"><a href=\"http:\/\/fr.wikipedia.org\/wiki\/Perfectionnisme_%28psychologie%29#cite_note-slaney-4\">4<\/a><\/sup>.<\/p>\n<p>Dans leur ouvrage <i>Too Perfect<\/i> (\u00ab\u00a0Trop parfait\u00a0\u00bb), Mallinger et De Wyze d\u00e9crivent les perfectionnistes comme des <a title=\"Personnalit\u00e9\" href=\"http:\/\/fr.wikipedia.org\/wiki\/Personnalit%C3%A9\">personnalit\u00e9s<\/a> obsessionnelles. Il ne faut pas confondre le cas de la <a title=\"Trouble de la personnalit\u00e9 obsessionnelle\" href=\"http:\/\/fr.wikipedia.org\/wiki\/Trouble_de_la_personnalit%C3%A9_obsessionnelle\">personnalit\u00e9 obsessionnelle<\/a> avec le <a title=\"Trouble obsessionnel compulsif\" href=\"http:\/\/fr.wikipedia.org\/wiki\/Trouble_obsessionnel_compulsif\">trouble obsessionnel compulsif<\/a> de la personnalit\u00e9\u00a0; ce dernier est un trouble m\u00e9dical que l&rsquo;on peut associer \u00e0 un comportement <a title=\"Rite\" href=\"http:\/\/fr.wikipedia.org\/wiki\/Rite\">ritualiste<\/a> sp\u00e9cifique. Selon Mallinger et De Wyze, les perfectionnistes sont des obsessionnels qui ont besoin, pour se prot\u00e9ger et assurer leur propre <a title=\"S\u00e9curit\u00e9\" href=\"http:\/\/fr.wikipedia.org\/wiki\/S%C3%A9curit%C3%A9\">s\u00e9curit\u00e9<\/a>, d&rsquo;\u00e9prouver en toutes circonstances un <a title=\"Locus de contr\u00f4le\" href=\"http:\/\/fr.wikipedia.org\/wiki\/Locus_de_contr%C3%B4le\">sentiment de contr\u00f4le<\/a>. En exer\u00e7ant une vigilance constante et moyennant des efforts extr\u00eames, ils parviennent non seulement \u00e0 ne jamais d\u00e9cevoir et \u00e0 \u00eatre irr\u00e9prochables, mais m\u00eame \u00e0 se pr\u00e9munir contre des probl\u00e8mes impr\u00e9vus (comme une r\u00e9cession \u00e9conomique). Cette vigilance inclura parfois la surveillance constante des bulletins de nouvelles, de la m\u00e9t\u00e9o ou des march\u00e9s financiers.<\/p>\n<p>Les perfectionnistes sont souvent des <a title=\"Workaholic\" href=\"http:\/\/fr.wikipedia.org\/wiki\/Workaholic\">bourreaux de travail<\/a> incapables de se d\u00e9tendre, des individus qui se font des reproches durant des jours pour la moindre erreur ou un simple lapsus, la personne tellement d\u00e9sireuse de trouver le partenaire parfait qu&rsquo;elle n&rsquo;\u00e9tablit jamais de relation durable, celle qui procrastine, qui est capricieuse, etc. Les perfectionnistes ont tendance \u00e0 \u00eatre exceptionnellement sensibles aux reproches<sup id=\"cite_ref-mallinger_5-0\"><a href=\"http:\/\/fr.wikipedia.org\/wiki\/Perfectionnisme_%28psychologie%29#cite_note-mallinger-5\">5<\/a><\/sup>.<\/p>\n<p>Les perfectionnistes pr\u00e9sentent souvent quelques-uns ou la totalit\u00e9 des traits de personnalit\u00e9 suivants\u00a0: retenue \u00e9motionnelle, peur de commettre des m\u00e9prises ou des erreurs, parcimonie, besoin d&rsquo;\u00eatre irr\u00e9prochable, tendance \u00e0 s&rsquo;ent\u00eater ou \u00e0 contredire,\u00a0<abbr lang=\"la\" title=\"et cetera\">etc.<\/abbr><sup id=\"cite_ref-mallinger_5-1\"><a href=\"http:\/\/fr.wikipedia.org\/wiki\/Perfectionnisme_%28psychologie%29#cite_note-mallinger-5\">5<\/a><\/sup>.<\/p>\n<p>Le perfectionnisme est l&rsquo;un des seize facteurs de la personnalit\u00e9 identifi\u00e9s par <a title=\"Raymond Cattell\" href=\"http:\/\/fr.wikipedia.org\/wiki\/Raymond_Cattell\">Raymond Cattell<\/a>. On peut le relier \u00e0 la Conscience et au N\u00e9vrosisme des <i><a title=\"Big five\" href=\"http:\/\/fr.wikipedia.org\/wiki\/Big_five\">Big five<\/a><\/i>, les cinq traits centraux de la personnalit\u00e9.<\/p>\n<p>En 2006, Stoeber et Otto ont pass\u00e9 en revue les diverses d\u00e9finitions et mesures du perfectionnisme. Ils ont d\u00e9couvert que le perfectionnisme comportait deux dimensions principales\u00a0: les ambitions perfectionnistes et les pr\u00e9occupations perfectionnistes. Les ambitions perfectionnistes sont associ\u00e9es \u00e0 des aspects positifs (voir plus bas) et les pr\u00e9occupations perfectionnistes \u00e0 des aspects n\u00e9gatifs (voir plus bas). Les perfectionnistes sains obtiennent un score \u00e9lev\u00e9 pour les ambitions perfectionnistes et faible pour les pr\u00e9occupations perfectionnistes, alors que les perfectionnistes malsains obtiennent un score \u00e9lev\u00e9 aussi bien pour les pr\u00e9occupations que pour les ambitions perfectionnistes<sup id=\"cite_ref-stoeber_6-0\"><a href=\"http:\/\/fr.wikipedia.org\/wiki\/Perfectionnisme_%28psychologie%29#cite_note-stoeber-6\">6<\/a><\/sup>.<\/p>\n<h2>Aspects positifs<\/h2>\n<p>Le perfectionnisme peut pousser les gens \u00e0 de grandes r\u00e9alisations et fournir la <a title=\"Motivation\" href=\"http:\/\/fr.wikipedia.org\/wiki\/Motivation\">motivation<\/a> qui permet de pers\u00e9v\u00e9rer face au d\u00e9couragement et aux obstacles. Roedell pr\u00e9tend que \u00ab\u00a0dans sa forme positive, le perfectionnisme peut fournir l&rsquo;\u00e9nergie motrice qui conduit \u00e0 de grandes performances. Le souci m\u00e9ticuleux du d\u00e9tail que requiert la recherche scientifique, le z\u00e8le qui pousse les <a title=\"Compositeur\" href=\"http:\/\/fr.wikipedia.org\/wiki\/Compositeur\">compositeurs<\/a> \u00e0 travailler sans rel\u00e2che jusqu&rsquo;\u00e0 ce que leur <a title=\"Musique\" href=\"http:\/\/fr.wikipedia.org\/wiki\/Musique\">musique<\/a> reproduise les sons merveilleux que l&rsquo;<a title=\"Imagination\" href=\"http:\/\/fr.wikipedia.org\/wiki\/Imagination\">imagination<\/a> leur faisait entendre, et la t\u00e9nacit\u00e9 des <a title=\"Peinture\" href=\"http:\/\/fr.wikipedia.org\/wiki\/Peinture\">peintres<\/a> qui restent \u00e0 leur chevalet jusqu&rsquo;\u00e0 ce que leur \u0153uvre corresponde exactement \u00e0 leur dessein, tout cela r\u00e9sulte du perfectionnisme<sup id=\"cite_ref-roedel_7-0\"><a href=\"http:\/\/fr.wikipedia.org\/wiki\/Perfectionnisme_%28psychologie%29#cite_note-roedel-7\">7<\/a><\/sup>.\u00a0\u00bb<\/p>\n<p>Slaney a d\u00e9couvert que les perfectionnistes adapt\u00e9s pr\u00e9sentaient des niveaux de procrastination plus faibles que les non-perfectionnistes. Les artistes, les scientifiques et les athl\u00e8tes de haut calibre font souvent preuve de perfectionnisme. Ainsi par exemple, c&rsquo;est peut-\u00eatre le perfectionnisme de <a title=\"Michel-Ange\" href=\"http:\/\/fr.wikipedia.org\/wiki\/Michel-Ange\">Michel-Ange<\/a> qui l&rsquo;a stimul\u00e9 \u00e0 produire des chefs d&rsquo;\u0153uvre comme la sculpture de <a title=\"David (Michel-Ange)\" href=\"http:\/\/fr.wikipedia.org\/wiki\/David_%28Michel-Ange%29\">David<\/a> et la <a title=\"Chapelle Sixtine\" href=\"http:\/\/fr.wikipedia.org\/wiki\/Chapelle_Sixtine\">Chapelle Sixtine<\/a>. Chez les enfants, le perfectionnisme va [souvent] de pair avec la <a title=\"Surdou\u00e9\" href=\"http:\/\/fr.wikipedia.org\/wiki\/Surdou%C3%A9\">douance<\/a>.<\/p>\n<h2>Aspects n\u00e9gatifs<\/h2>\n<p>Dans sa forme pathologique, le perfectionnisme peut s&rsquo;av\u00e9rer tr\u00e8s dommageable. Il peut prendre la forme de la <a title=\"Procrastination\" href=\"http:\/\/fr.wikipedia.org\/wiki\/Procrastination\">procrastination<\/a> quand il sert \u00e0 reporter les t\u00e2ches \u00e0 plus tard (\u00ab\u00a0Je ne peux pas entreprendre ce projet tant que je ne connaitrai pas la <i>bonne<\/i> fa\u00e7on de proc\u00e9der.\u00a0\u00bb), et de la <a title=\"Estime de soi\" href=\"http:\/\/fr.wikipedia.org\/wiki\/Estime_de_soi\">d\u00e9pr\u00e9ciation de soi<\/a> quand il sert \u00e0 justifier une pi\u00e8tre performance ou \u00e0 rechercher la sympathie et l&rsquo;approbation d&rsquo;autrui (\u00ab\u00a0Je ne peux pas croire que j&rsquo;ignore comment atteindre mes propres objectifs. Je dois \u00eatre stupide\u00a0; comment expliquer autrement que je n&rsquo;y arrive pas\u00a0?\u00a0\u00bb). Au travail, le perfectionnisme est souvent caract\u00e9ris\u00e9 par une faible <a title=\"Productivit\u00e9\" href=\"http:\/\/fr.wikipedia.org\/wiki\/Productivit%C3%A9\">productivit\u00e9<\/a>, quand des individus consacrent du temps et de l&rsquo;\u00e9nergie aux petits d\u00e9tails sans importance d&rsquo;un projet plus vaste, ou encore \u00e0 des activit\u00e9s quotidiennes sans int\u00e9r\u00eat. Cela peut mener \u00e0 la <a title=\"D\u00e9pression (psychiatrie)\" href=\"http:\/\/fr.wikipedia.org\/wiki\/D%C3%A9pression_%28psychiatrie%29\">d\u00e9pression<\/a>, \u00e0 l&rsquo;<a title=\"Exclusion sociale\" href=\"http:\/\/fr.wikipedia.org\/wiki\/Exclusion_sociale\">exclusion<\/a> par les coll\u00e8gues, et \u00e0 un risque plus \u00e9lev\u00e9 d&rsquo;accidents<sup id=\"cite_ref-dream_8-0\"><a href=\"http:\/\/fr.wikipedia.org\/wiki\/Perfectionnisme_%28psychologie%29#cite_note-dream-8\">8<\/a><\/sup>. Adderholt-Elliot (1989) d\u00e9crit cinq caract\u00e9ristiques des \u00e9tudiants et des enseignants perfectionnistes qui contribuent \u00e0 un mauvais rendement\u00a0: la procrastination, la <a title=\"Peur\" href=\"http:\/\/fr.wikipedia.org\/wiki\/Peur\">peur<\/a> de l&rsquo;\u00e9chec, la philosophie du \u00ab\u00a0tout ou rien\u00a0\u00bb, la paralysie du perfectionniste et la <a title=\"Workaholic\" href=\"http:\/\/fr.wikipedia.org\/wiki\/Workaholic\">d\u00e9pendance au travail<\/a><sup id=\"cite_ref-adderholt_9-0\"><a href=\"http:\/\/fr.wikipedia.org\/wiki\/Perfectionnisme_%28psychologie%29#cite_note-adderholt-9\">9<\/a><\/sup>. Dans les relations intimes, des attentes irr\u00e9alistes peuvent entra\u00eener une profonde <a title=\"Insatisfaction\" href=\"http:\/\/fr.wikipedia.org\/wiki\/Insatisfaction\">insatisfaction<\/a> des deux partenaires<sup id=\"cite_ref-allen_10-0\"><a href=\"http:\/\/fr.wikipedia.org\/wiki\/Perfectionnisme_%28psychologie%29#cite_note-allen-10\">10<\/a><\/sup>. Les perfectionnistes en arrivent parfois, dans la poursuite de leurs objectifs, \u00e0 sacrifier les activit\u00e9s familiales et sociales.<\/p>\n<p>Les perfectionnistes peuvent souffrir d&rsquo;<a title=\"Anxi\u00e9t\u00e9\" href=\"http:\/\/fr.wikipedia.org\/wiki\/Anxi%C3%A9t%C3%A9\">anxi\u00e9t\u00e9<\/a> et d&rsquo;une faible <a title=\"Estime de soi\" href=\"http:\/\/fr.wikipedia.org\/wiki\/Estime_de_soi\">estime de soi<\/a>. Le perfectionnisme est un facteur de risque pour le <a title=\"Trouble obsessionnel compulsif\" href=\"http:\/\/fr.wikipedia.org\/wiki\/Trouble_obsessionnel_compulsif\">trouble obsessionnel compulsif<\/a>, les troubles <a title=\"App\u00e9tit\" href=\"http:\/\/fr.wikipedia.org\/wiki\/App%C3%A9tit\">alimentaires<\/a> et la <a title=\"D\u00e9pression (psychiatrie)\" href=\"http:\/\/fr.wikipedia.org\/wiki\/D%C3%A9pression_%28psychiatrie%29\">d\u00e9pression<\/a> clinique.<\/p>\n<p>Les <a title=\"Psychoth\u00e9rapie\" href=\"http:\/\/fr.wikipedia.org\/wiki\/Psychoth%C3%A9rapie\">th\u00e9rapeutes<\/a> essaient de s&rsquo;attaquer aux pens\u00e9es n\u00e9gatives sous-jacentes au perfectionnisme, en particulier la philosophie du \u00ab\u00a0tout ou rien\u00a0\u00bb en vertu de laquelle le patient croit qu&rsquo;une r\u00e9alisation est soit parfaite, soit inutile. Ils encouragent les patients \u00e0 se fixer des objectifs r\u00e9alistes et \u00e0 faire face \u00e0 leur peur de l&rsquo;\u00e9chec.<\/p>\n<h2>Les causes<\/h2>\n<p>Comme la plupart des traits de <a title=\"Personnalit\u00e9\" href=\"http:\/\/fr.wikipedia.org\/wiki\/Personnalit%C3%A9\">personnalit\u00e9<\/a>, le perfectionnisme pr\u00e9sente g\u00e9n\u00e9ralement un caract\u00e8re familial et rec\u00e8le, selon certains, une composante <a title=\"G\u00e9n\u00e9tique\" href=\"http:\/\/fr.wikipedia.org\/wiki\/G%C3%A9n%C3%A9tique\">g\u00e9n\u00e9tique<\/a><sup id=\"cite_ref-twin_11-0\"><a href=\"http:\/\/fr.wikipedia.org\/wiki\/Perfectionnisme_%28psychologie%29#cite_note-twin-11\">11<\/a><\/sup>. Il se pourrait que les parents qui font preuve d&rsquo;un style autoritaire combin\u00e9 \u00e0 un amour conditionnel contribuent au d\u00e9veloppement du perfectionnisme chez leurs enfants<sup id=\"cite_ref-castro_12-0\"><a href=\"http:\/\/fr.wikipedia.org\/wiki\/Perfectionnisme_%28psychologie%29#cite_note-castro-12\">12<\/a><\/sup>.<\/p>\n<p>Il se peut enfin que le perfectionnisme soit un h\u00e9ritage de notre <a title=\"\u00c9volution\" href=\"http:\/\/fr.wikipedia.org\/wiki\/%C3%89volution\">\u00e9volution<\/a> pass\u00e9e. Les <a title=\"Hominidae\" href=\"http:\/\/fr.wikipedia.org\/wiki\/Hominidae\">hominid\u00e9s<\/a> qui \u00e9prouvaient le besoin de s&rsquo;am\u00e9liorer (perfectionnisme) petit \u00e0 petit sur une longue p\u00e9riode, pouvaient en effet inventer de meilleurs <a title=\"Outil\" href=\"http:\/\/fr.wikipedia.org\/wiki\/Outil\">outils<\/a>, ce qui leur procurait un avantage non n\u00e9gligeable pour la survie<sup id=\"cite_ref-13\"><a href=\"http:\/\/fr.wikipedia.org\/wiki\/Perfectionnisme_%28psychologie%29#cite_note-13\">13<\/a><\/sup>.<\/p>\n<h2><a title=\"Site .NET de Malek Boualem\" href=\"http:\/\/www.malek-boualem.net\" target=\"_blank\">Malek Boualem<\/a><\/h2>\n","protected":false},"excerpt":{"rendered":"<p>Source Wikip\u00e9dia Perfectionnisme (psychologie) Le perfectionnisme, en psychologie1, consiste \u00e0 se comporter comme si la perfection pouvait et devait \u00eatre atteinte. Sous sa forme extr\u00eame, pathologique, le perfectionnisme consid\u00e8re toute imperfection comme inacceptable. Mesure et d\u00e9finition Hamachek d\u00e9crit deux types de perfectionnisme. Les perfectionnistes normaux \u00ab\u00a0retirent une r\u00e9elle sensation de plaisir du travail exig\u00e9 par [&hellip;]<\/p>\n","protected":false},"author":2,"featured_media":0,"parent":0,"menu_order":0,"comment_status":"closed","ping_status":"closed","template":"","meta":{"footnotes":""},"class_list":["post-26","page","type-page","status-publish","hentry"],"_links":{"self":[{"href":"https:\/\/www.malek-boualem.fr\/net\/wp-json\/wp\/v2\/pages\/26","targetHints":{"allow":["GET"]}}],"collection":[{"href":"https:\/\/www.malek-boualem.fr\/net\/wp-json\/wp\/v2\/pages"}],"about":[{"href":"https:\/\/www.malek-boualem.fr\/net\/wp-json\/wp\/v2\/types\/page"}],"author":[{"embeddable":true,"href":"https:\/\/www.malek-boualem.fr\/net\/wp-json\/wp\/v2\/users\/2"}],"replies":[{"embeddable":true,"href":"https:\/\/www.malek-boualem.fr\/net\/wp-json\/wp\/v2\/comments?post=26"}],"version-history":[{"count":0,"href":"https:\/\/www.malek-boualem.fr\/net\/wp-json\/wp\/v2\/pages\/26\/revisions"}],"wp:attachment":[{"href":"https:\/\/www.malek-boualem.fr\/net\/wp-json\/wp\/v2\/media?parent=26"}],"curies":[{"name":"wp","href":"https:\/\/api.w.org\/{rel}","templated":true}]}}