{"id":51,"date":"2013-04-11T16:01:53","date_gmt":"2013-04-11T15:01:53","guid":{"rendered":"http:\/\/www.malek-boualem.fr\/net\/?page_id=51"},"modified":"2015-05-05T19:37:43","modified_gmt":"2015-05-05T18:37:43","slug":"le-suicide","status":"publish","type":"page","link":"https:\/\/www.malek-boualem.fr\/net\/malheurs-de-la-vie\/la-mort\/le-suicide\/","title":{"rendered":"Le suicide"},"content":{"rendered":"<h3><span style=\"color: #0000ff;\"><strong>Source WIKIPEDIA<\/strong><\/span><\/h3>\n<p>Le <b>suicide<\/b> (du <a title=\"Latin\" href=\"http:\/\/fr.wikipedia.org\/wiki\/Latin\">latin<\/a> <i>suicidium<\/i>, des mots <i>sui<\/i>\u00a0: \u00ab\u00a0soi\u00a0\u00bb et <i>caedere<\/i> \u00ab\u00a0tuer\u00a0\u00bb) est l\u2019acte d\u00e9lib\u00e9r\u00e9 de mettre fin \u00e0 sa propre vie. Le suicide est souvent commis par <a title=\"M\u00e9lancolie\" href=\"http:\/\/fr.wikipedia.org\/wiki\/M%C3%A9lancolie\">d\u00e9sespoir<\/a>, cause qui peut \u00eatre attribu\u00e9e \u00e0 un <a title=\"Trouble mental\" href=\"http:\/\/fr.wikipedia.org\/wiki\/Trouble_mental\">trouble mental<\/a> tel que la <a title=\"D\u00e9pression (psychiatrie)\" href=\"http:\/\/fr.wikipedia.org\/wiki\/D%C3%A9pression_%28psychiatrie%29\">d\u00e9pression<\/a>, le <a title=\"Trouble bipolaire\" href=\"http:\/\/fr.wikipedia.org\/wiki\/Trouble_bipolaire\">trouble bipolaire<\/a>, la <a title=\"Schizophr\u00e9nie\" href=\"http:\/\/fr.wikipedia.org\/wiki\/Schizophr%C3%A9nie\">schizophr\u00e9nie<\/a>, l&rsquo;<a title=\"Alcoolisme\" href=\"http:\/\/fr.wikipedia.org\/wiki\/Alcoolisme\">alcoolisme<\/a> ou l&rsquo;<a title=\"Abus de substances\" href=\"http:\/\/fr.wikipedia.org\/wiki\/Abus_de_substances\">abus de substances<\/a><sup id=\"cite_ref-Hawton.2C_van_Heeringen_2009_1-0\"><a href=\"http:\/\/fr.wikipedia.org\/wiki\/Suicide#cite_note-Hawton.2C_van_Heeringen_2009-1\">1<\/a><\/sup>. Des facteurs de stress tels que les probl\u00e8mes financiers ou des probl\u00e8mes dans les <a title=\"Relation humaine\" href=\"http:\/\/fr.wikipedia.org\/wiki\/Relation_humaine\">relations humaines<\/a> jouent souvent et \u00e9galement un r\u00f4le significatif<sup id=\"cite_ref-2\"><a href=\"http:\/\/fr.wikipedia.org\/wiki\/Suicide#cite_note-2\">2<\/a><\/sup>.<\/p>\n<p>Chaque ann\u00e9e, plus d&rsquo;un million d&rsquo;individus se suicident. L&rsquo;<a title=\"Organisation mondiale de la sant\u00e9\" href=\"http:\/\/fr.wikipedia.org\/wiki\/Organisation_mondiale_de_la_sant%C3%A9\">Organisation mondiale de la sant\u00e9<\/a> (OMS) estime que le suicide est la treizi\u00e8me cause de mortalit\u00e9 la plus fr\u00e9quente dans le monde<sup id=\"cite_ref-3\"><a href=\"http:\/\/fr.wikipedia.org\/wiki\/Suicide#cite_note-3\">3<\/a><\/sup> et le <i>National Safety Council<\/i> le classe sixi\u00e8me des causes les plus fr\u00e9quentes aux \u00c9tats-Unis<sup id=\"cite_ref-4\"><a href=\"http:\/\/fr.wikipedia.org\/wiki\/Suicide#cite_note-4\">4<\/a><\/sup>. Le suicide est la cause principale de mortalit\u00e9 chez les adolescents et adultes \u00e2g\u00e9s de moins de 35 ans<sup id=\"cite_ref-5\"><a href=\"http:\/\/fr.wikipedia.org\/wiki\/Suicide#cite_note-5\">5<\/a><\/sup><sup>,<\/sup><sup id=\"cite_ref-understanding_suicidal_behaviour_a02_6-0\"><a href=\"http:\/\/fr.wikipedia.org\/wiki\/Suicide#cite_note-understanding_suicidal_behaviour_a02-6\">6<\/a><\/sup>. La pr\u00e9valence du suicide est trois \u00e0 quatre fois plus \u00e9lev\u00e9 chez les hommes que chez les femmes<sup id=\"cite_ref-7\"><a href=\"http:\/\/fr.wikipedia.org\/wiki\/Suicide#cite_note-7\">7<\/a><\/sup><sup>,<\/sup><sup id=\"cite_ref-8\"><a href=\"http:\/\/fr.wikipedia.org\/wiki\/Suicide#cite_note-8\">8<\/a><\/sup>. Les tentatives \u00e9chou\u00e9es de suicide dans le monde sont estim\u00e9es entre 10 et 20 millions chaque ann\u00e9e<sup id=\"cite_ref-9\"><a href=\"http:\/\/fr.wikipedia.org\/wiki\/Suicide#cite_note-9\">9<\/a><\/sup>.<\/p>\n<p>La question du suicide recoupe les domaines de la <a title=\"Religion\" href=\"http:\/\/fr.wikipedia.org\/wiki\/Religion\">religion<\/a>, de l&rsquo;<a title=\"Honneur\" href=\"http:\/\/fr.wikipedia.org\/wiki\/Honneur\">honneur<\/a> et du <a title=\"Sens de la vie\" href=\"http:\/\/fr.wikipedia.org\/wiki\/Sens_de_la_vie\">sens de la vie<\/a>. Les <a title=\"Religion abrahamique\" href=\"http:\/\/fr.wikipedia.org\/wiki\/Religion_abrahamique\">religions abrahamiques<\/a> consid\u00e8rent que le suicide est une <a title=\"P\u00e9ch\u00e9\" href=\"http:\/\/fr.wikipedia.org\/wiki\/P%C3%A9ch%C3%A9\">offense envers Dieu<\/a>. Dans le domaine m\u00e9dical, le <a title=\"Aide au suicide\" href=\"http:\/\/fr.wikipedia.org\/wiki\/Aide_au_suicide\">suicide assist\u00e9<\/a> et l&rsquo;<a title=\"Euthanasie\" href=\"http:\/\/fr.wikipedia.org\/wiki\/Euthanasie\">euthanasie<\/a> sont des sujets actuellement controvers\u00e9s. Les caract\u00e9ristiques qui d\u00e9finissent ces deux moyens suicidaires incluent les patients en phase terminale d&rsquo;une maladie, qui souffrent atrocement, et ceux qui sont d&rsquo;une mani\u00e8re g\u00e9n\u00e9rale physiquement et mentalement amoindris (cons\u00e9quences d&rsquo;un accident ou d&rsquo;une maladie).<\/p>\n<h2><a title=\"Site .NET de Malek Boualem\" href=\"http:\/\/www.malek-boualem.net\" target=\"_blank\">Malek Boualem<\/a><\/h2>\n","protected":false},"excerpt":{"rendered":"<p>Source WIKIPEDIA Le suicide (du latin suicidium, des mots sui\u00a0: \u00ab\u00a0soi\u00a0\u00bb et caedere \u00ab\u00a0tuer\u00a0\u00bb) est l\u2019acte d\u00e9lib\u00e9r\u00e9 de mettre fin \u00e0 sa propre vie. Le suicide est souvent commis par d\u00e9sespoir, cause qui peut \u00eatre attribu\u00e9e \u00e0 un trouble mental tel que la d\u00e9pression, le trouble bipolaire, la schizophr\u00e9nie, l&rsquo;alcoolisme ou l&rsquo;abus de substances1. Des [&hellip;]<\/p>\n","protected":false},"author":2,"featured_media":0,"parent":52,"menu_order":0,"comment_status":"closed","ping_status":"closed","template":"","meta":{"footnotes":""},"class_list":["post-51","page","type-page","status-publish","hentry"],"_links":{"self":[{"href":"https:\/\/www.malek-boualem.fr\/net\/wp-json\/wp\/v2\/pages\/51","targetHints":{"allow":["GET"]}}],"collection":[{"href":"https:\/\/www.malek-boualem.fr\/net\/wp-json\/wp\/v2\/pages"}],"about":[{"href":"https:\/\/www.malek-boualem.fr\/net\/wp-json\/wp\/v2\/types\/page"}],"author":[{"embeddable":true,"href":"https:\/\/www.malek-boualem.fr\/net\/wp-json\/wp\/v2\/users\/2"}],"replies":[{"embeddable":true,"href":"https:\/\/www.malek-boualem.fr\/net\/wp-json\/wp\/v2\/comments?post=51"}],"version-history":[{"count":0,"href":"https:\/\/www.malek-boualem.fr\/net\/wp-json\/wp\/v2\/pages\/51\/revisions"}],"up":[{"embeddable":true,"href":"https:\/\/www.malek-boualem.fr\/net\/wp-json\/wp\/v2\/pages\/52"}],"wp:attachment":[{"href":"https:\/\/www.malek-boualem.fr\/net\/wp-json\/wp\/v2\/media?parent=51"}],"curies":[{"name":"wp","href":"https:\/\/api.w.org\/{rel}","templated":true}]}}