{"id":54,"date":"2013-04-11T16:05:08","date_gmt":"2013-04-11T15:05:08","guid":{"rendered":"http:\/\/www.malek-boualem.fr\/net\/?page_id=54"},"modified":"2015-05-05T19:36:22","modified_gmt":"2015-05-05T18:36:22","slug":"lhospitalisation","status":"publish","type":"page","link":"https:\/\/www.malek-boualem.fr\/net\/malheurs-de-la-vie\/la-maladie\/lhospitalisation\/","title":{"rendered":"L&rsquo;hospitalisation"},"content":{"rendered":"<h3><span style=\"color: #0000ff;\"><strong>Source WIKIPEDIA<\/strong><\/span><\/h3>\n<p>L&rsquo;<b>hospitalisation<\/b> est l&rsquo;admission d&rsquo;un patient dans un <a title=\"H\u00f4pital\" href=\"https:\/\/fr.wikipedia.org\/wiki\/H%C3%B4pital\">centre hospitalier<\/a> (h\u00f4pital ou clinique).<\/p>\n<p>Il existe plusieurs modes d&rsquo;hospitalisation. Le cas g\u00e9n\u00e9ral est celui o\u00f9 le patient est adress\u00e9 par un <a title=\"M\u00e9decin g\u00e9n\u00e9raliste\" href=\"https:\/\/fr.wikipedia.org\/wiki\/M%C3%A9decin_g%C3%A9n%C3%A9raliste\">m\u00e9decin g\u00e9n\u00e9raliste<\/a> ou sp\u00e9cialiste sur la base d&rsquo;un <a title=\"Diagnostic (m\u00e9decine)\" href=\"https:\/\/fr.wikipedia.org\/wiki\/Diagnostic_%28m%C3%A9decine%29\">diagnostic<\/a>\u00a0; le patient prend rendez-vous, il peut se rendre \u00e0 l&rsquo;h\u00f4pital par ses propres moyens, ou dans une <a title=\"Ambulance\" href=\"https:\/\/fr.wikipedia.org\/wiki\/Ambulance\">ambulance<\/a>, le transport \u00e9tant parfois pris en charge par l&rsquo;<a title=\"Assurance maladie\" href=\"https:\/\/fr.wikipedia.org\/wiki\/Assurance_maladie\">assurance maladie<\/a>.<\/p>\n<p>Le patient peut \u00e9galement \u00eatre amen\u00e9 au <a title=\"Service d'accueil des urgences\" href=\"https:\/\/fr.wikipedia.org\/wiki\/Service_d%27accueil_des_urgences\">service d&rsquo;accueil des urgences<\/a> par un v\u00e9hicule de secours (type <a title=\"Ambulance\" href=\"https:\/\/fr.wikipedia.org\/wiki\/Ambulance\">ambulance<\/a>, <a title=\"V\u00e9hicule de secours et d'assistance aux victimes\" href=\"https:\/\/fr.wikipedia.org\/wiki\/V%C3%A9hicule_de_secours_et_d%27assistance_aux_victimes\">v\u00e9hicule de secours et d&rsquo;assistance aux victimes<\/a>, <a title=\"Unit\u00e9 mobile hospitali\u00e8re\" href=\"https:\/\/fr.wikipedia.org\/wiki\/Unit%C3%A9_mobile_hospitali%C3%A8re\">unit\u00e9 mobile hospitali\u00e8re<\/a>)\u00a0; il peut \u00e9galement s&rsquo;y rendre par ses propres moyens. <i>Voir aussi\u00a0: <a title=\"M\u00e9decine d'urgence\" href=\"https:\/\/fr.wikipedia.org\/wiki\/M%C3%A9decine_d%27urgence\">M\u00e9decine d&rsquo;urgence<\/a>.<\/i><\/p>\n<p>Il existe d&rsquo;autres modes d&rsquo;hospitalisation\u00a0:<\/p>\n<ul>\n<li>l&rsquo;<a title=\"Hospitalisation \u00e0 domicile\" href=\"https:\/\/fr.wikipedia.org\/wiki\/Hospitalisation_%C3%A0_domicile\">hospitalisation \u00e0 domicile<\/a><\/li>\n<li>l&rsquo;<a title=\"Hospitalisation de jour\" href=\"https:\/\/fr.wikipedia.org\/wiki\/Hospitalisation_de_jour\">hospitalisation de jour<\/a><\/li>\n<li>l&rsquo;<a title=\"Hospitalisation sans consentement\" href=\"https:\/\/fr.wikipedia.org\/wiki\/Hospitalisation_sans_consentement\">hospitalisation sans consentement<\/a> (ou \u00ab\u00a0internement psychiatrique\u00a0\u00bb)\u00a0: dans les pays respectant les <a title=\"Droits de l'homme\" href=\"https:\/\/fr.wikipedia.org\/wiki\/Droits_de_l%27homme\">Droits de l&rsquo;homme<\/a>, l&rsquo;hospitalisation est normalement volontaire\u00a0; toutefois, il existe des proc\u00e9dures d&rsquo;hospitalisation forc\u00e9e dans l&rsquo;int\u00e9r\u00eat du patient ou pour prot\u00e9ger son entourage, dans les cas pour lesquels on estime que le patient n&rsquo;est pas en mesure d&rsquo;exercer son libre arbitre.<\/li>\n<li>l&rsquo;<a title=\"Hospitalisation sociale\" href=\"https:\/\/fr.wikipedia.org\/wiki\/Hospitalisation_sociale\">hospitalisation sociale<\/a>, que les \u00e9tablissements de sant\u00e9 cherchent \u00e0 \u00e9viter<\/li>\n<\/ul>\n<h2><a title=\"Site .net de Malek Boualem\" href=\"http:\/\/www.malek-boualem.net\" target=\"_blank\">Malek Boualem<\/a><\/h2>\n","protected":false},"excerpt":{"rendered":"<p>Source WIKIPEDIA L&rsquo;hospitalisation est l&rsquo;admission d&rsquo;un patient dans un centre hospitalier (h\u00f4pital ou clinique). Il existe plusieurs modes d&rsquo;hospitalisation. Le cas g\u00e9n\u00e9ral est celui o\u00f9 le patient est adress\u00e9 par un m\u00e9decin g\u00e9n\u00e9raliste ou sp\u00e9cialiste sur la base d&rsquo;un diagnostic\u00a0; le patient prend rendez-vous, il peut se rendre \u00e0 l&rsquo;h\u00f4pital par ses propres moyens, ou [&hellip;]<\/p>\n","protected":false},"author":2,"featured_media":0,"parent":53,"menu_order":0,"comment_status":"closed","ping_status":"closed","template":"","meta":{"footnotes":""},"class_list":["post-54","page","type-page","status-publish","hentry"],"_links":{"self":[{"href":"https:\/\/www.malek-boualem.fr\/net\/wp-json\/wp\/v2\/pages\/54","targetHints":{"allow":["GET"]}}],"collection":[{"href":"https:\/\/www.malek-boualem.fr\/net\/wp-json\/wp\/v2\/pages"}],"about":[{"href":"https:\/\/www.malek-boualem.fr\/net\/wp-json\/wp\/v2\/types\/page"}],"author":[{"embeddable":true,"href":"https:\/\/www.malek-boualem.fr\/net\/wp-json\/wp\/v2\/users\/2"}],"replies":[{"embeddable":true,"href":"https:\/\/www.malek-boualem.fr\/net\/wp-json\/wp\/v2\/comments?post=54"}],"version-history":[{"count":0,"href":"https:\/\/www.malek-boualem.fr\/net\/wp-json\/wp\/v2\/pages\/54\/revisions"}],"up":[{"embeddable":true,"href":"https:\/\/www.malek-boualem.fr\/net\/wp-json\/wp\/v2\/pages\/53"}],"wp:attachment":[{"href":"https:\/\/www.malek-boualem.fr\/net\/wp-json\/wp\/v2\/media?parent=54"}],"curies":[{"name":"wp","href":"https:\/\/api.w.org\/{rel}","templated":true}]}}